{"id":164,"date":"2025-06-17T15:32:44","date_gmt":"2025-06-17T18:32:44","guid":{"rendered":"https:\/\/wp.ufpel.edu.br\/speufpel\/?page_id=164"},"modified":"2026-02-19T15:20:25","modified_gmt":"2026-02-19T18:20:25","slug":"speed-job","status":"publish","type":"page","link":"https:\/\/wp.ufpel.edu.br\/speufpel\/speed-job\/","title":{"rendered":"SPEED JOB"},"content":{"rendered":"\n<p>O projeto \u00e9 focado em preparar estudantes para o mercado<br>de trabalho, com \u00eanfase em <strong><mark style=\"background-color:rgba(0, 0, 0, 0);color:#0a2c94\" class=\"has-inline-color\">entrevistas de emprego<\/mark><\/strong>. O<br>objetivo \u00e9 capacitar os alunos com as habilidades e<br>conhecimentos necess\u00e1rios para se sa\u00edrem bem em<br>processos seletivos. A iniciativa visa preencher uma lacuna<br>no mercado e fortalecer a conex\u00e3o entre a universidade e o<br>mundo profissional.<\/p>\n\n\n<div class=\"wp-block-image\">\n<figure class=\"alignleft size-full\"><a href=\"https:\/\/wp.ufpel.edu.br\/speufpel\/files\/2026\/02\/image-9.png\"><img loading=\"lazy\" decoding=\"async\" width=\"248\" height=\"280\" src=\"https:\/\/wp.ufpel.edu.br\/speufpel\/files\/2026\/02\/image-9.png\" alt=\"\" class=\"wp-image-434\"\/><\/a><\/figure>\n<\/div>\n\n\n<figure class=\"wp-block-image size-full\"><a href=\"https:\/\/wp.ufpel.edu.br\/speufpel\/files\/2026\/02\/image-8.png\"><img loading=\"lazy\" decoding=\"async\" width=\"434\" height=\"316\" src=\"https:\/\/wp.ufpel.edu.br\/speufpel\/files\/2026\/02\/image-8.png\" alt=\"\" class=\"wp-image-433\" srcset=\"https:\/\/wp.ufpel.edu.br\/speufpel\/files\/2026\/02\/image-8.png 434w, https:\/\/wp.ufpel.edu.br\/speufpel\/files\/2026\/02\/image-8-400x291.png 400w\" sizes=\"auto, (max-width: 434px) 100vw, 434px\" \/><\/a><\/figure>\n","protected":false},"excerpt":{"rendered":"<p>O projeto \u00e9 focado em preparar estudantes para o mercadode trabalho, com \u00eanfase em entrevistas de emprego. Oobjetivo \u00e9 capacitar os alunos com as habilidades econhecimentos necess\u00e1rios para se sa\u00edrem bem emprocessos seletivos. A&#46;&#46;&#46;<\/p>\n","protected":false},"author":403,"featured_media":0,"parent":0,"menu_order":0,"comment_status":"closed","ping_status":"closed","template":"","meta":{"footnotes":""},"class_list":["post-164","page","type-page","status-publish","hentry"],"jetpack_sharing_enabled":true,"_links":{"self":[{"href":"https:\/\/wp.ufpel.edu.br\/speufpel\/wp-json\/wp\/v2\/pages\/164","targetHints":{"allow":["GET"]}}],"collection":[{"href":"https:\/\/wp.ufpel.edu.br\/speufpel\/wp-json\/wp\/v2\/pages"}],"about":[{"href":"https:\/\/wp.ufpel.edu.br\/speufpel\/wp-json\/wp\/v2\/types\/page"}],"author":[{"embeddable":true,"href":"https:\/\/wp.ufpel.edu.br\/speufpel\/wp-json\/wp\/v2\/users\/403"}],"replies":[{"embeddable":true,"href":"https:\/\/wp.ufpel.edu.br\/speufpel\/wp-json\/wp\/v2\/comments?post=164"}],"version-history":[{"count":2,"href":"https:\/\/wp.ufpel.edu.br\/speufpel\/wp-json\/wp\/v2\/pages\/164\/revisions"}],"predecessor-version":[{"id":435,"href":"https:\/\/wp.ufpel.edu.br\/speufpel\/wp-json\/wp\/v2\/pages\/164\/revisions\/435"}],"wp:attachment":[{"href":"https:\/\/wp.ufpel.edu.br\/speufpel\/wp-json\/wp\/v2\/media?parent=164"}],"curies":[{"name":"wp","href":"https:\/\/api.w.org\/{rel}","templated":true}]}}