{"id":158,"date":"2025-06-17T15:30:52","date_gmt":"2025-06-17T18:30:52","guid":{"rendered":"https:\/\/wp.ufpel.edu.br\/speufpel\/?page_id=158"},"modified":"2025-07-02T14:40:37","modified_gmt":"2025-07-02T17:40:37","slug":"inscricoes-xiii-petro-sul","status":"publish","type":"page","link":"https:\/\/wp.ufpel.edu.br\/speufpel\/inscricoes-xiii-petro-sul\/","title":{"rendered":"INSCRI\u00c7\u00d5ES XIII PETRO-SUL"},"content":{"rendered":"<p>Inscri\u00e7\u00f5es Abertas para o XIII Petro-Sul \u2013 Maior Congresso Sul-Brasileiro de Energia!<br \/>\nEst\u00e3o oficialmente abertas as inscri\u00e7\u00f5es para o XIII Petro-Sul, o maior congresso da regi\u00e3o Sul do Brasil voltado ao setor de \u00f3leo, g\u00e1s e energia!<\/p>\n<p>O evento \u00e9 uma oportunidade \u00fanica para estudantes, pesquisadores e profissionais da \u00e1rea ampliarem seus conhecimentos por meio de palestras t\u00e9cnicas de alto n\u00edvel, al\u00e9m de promover networking qualificado e conex\u00f5es com empresas e especialistas do setor energ\u00e9tico.<\/p>\n<p>&#x1f4cc; Por que participar?<\/p>\n<p>Acesso a conte\u00fados atualizados e relevantes;<\/p>\n<p>Contato direto com profissionais renomados da ind\u00fastria;<\/p>\n<p>Troca de experi\u00eancias com outros estudantes e participantes de diferentes regi\u00f5es;<\/p>\n<p>Possibilidade de fortalecer sua trajet\u00f3ria acad\u00eamica e profissional.<\/p>\n<p><a href=\"https:\/\/tr.ee\/uwm8A_d4en\">LINK DE INSCRI\u00c7\u00c3O<\/a><\/p>\n","protected":false},"excerpt":{"rendered":"<p>Inscri\u00e7\u00f5es Abertas para o XIII Petro-Sul \u2013 Maior Congresso Sul-Brasileiro de Energia! Est\u00e3o oficialmente abertas as inscri\u00e7\u00f5es para o XIII Petro-Sul, o maior congresso da regi\u00e3o Sul do Brasil voltado ao setor de \u00f3leo,&#46;&#46;&#46;<\/p>\n","protected":false},"author":403,"featured_media":0,"parent":0,"menu_order":0,"comment_status":"closed","ping_status":"closed","template":"","meta":{"footnotes":""},"class_list":["post-158","page","type-page","status-publish","hentry"],"jetpack_sharing_enabled":true,"_links":{"self":[{"href":"https:\/\/wp.ufpel.edu.br\/speufpel\/wp-json\/wp\/v2\/pages\/158","targetHints":{"allow":["GET"]}}],"collection":[{"href":"https:\/\/wp.ufpel.edu.br\/speufpel\/wp-json\/wp\/v2\/pages"}],"about":[{"href":"https:\/\/wp.ufpel.edu.br\/speufpel\/wp-json\/wp\/v2\/types\/page"}],"author":[{"embeddable":true,"href":"https:\/\/wp.ufpel.edu.br\/speufpel\/wp-json\/wp\/v2\/users\/403"}],"replies":[{"embeddable":true,"href":"https:\/\/wp.ufpel.edu.br\/speufpel\/wp-json\/wp\/v2\/comments?post=158"}],"version-history":[{"count":4,"href":"https:\/\/wp.ufpel.edu.br\/speufpel\/wp-json\/wp\/v2\/pages\/158\/revisions"}],"predecessor-version":[{"id":225,"href":"https:\/\/wp.ufpel.edu.br\/speufpel\/wp-json\/wp\/v2\/pages\/158\/revisions\/225"}],"wp:attachment":[{"href":"https:\/\/wp.ufpel.edu.br\/speufpel\/wp-json\/wp\/v2\/media?parent=158"}],"curies":[{"name":"wp","href":"https:\/\/api.w.org\/{rel}","templated":true}]}}