{"id":141,"date":"2025-06-17T15:21:15","date_gmt":"2025-06-17T18:21:15","guid":{"rendered":"https:\/\/wp.ufpel.edu.br\/speufpel\/?page_id=141"},"modified":"2026-02-19T14:54:09","modified_gmt":"2026-02-19T17:54:09","slug":"membros-nucleo-win","status":"publish","type":"page","link":"https:\/\/wp.ufpel.edu.br\/speufpel\/membros-nucleo-win\/","title":{"rendered":"Membros N\u00facleo Win"},"content":{"rendered":"\n<h2 class=\"wp-block-heading alignwide has-text-align-center\"><em><mark style=\"background-color:#ffffff\" class=\"has-inline-color has-vivid-purple-color\">GEST\u00c3O 2025<\/mark><\/em><\/h2>\n\n\n<div class=\"wp-block-image\">\n<figure class=\"aligncenter size-full\"><a href=\"https:\/\/wp.ufpel.edu.br\/speufpel\/files\/2026\/02\/image-5.png\"><img loading=\"lazy\" decoding=\"async\" width=\"311\" height=\"207\" src=\"https:\/\/wp.ufpel.edu.br\/speufpel\/files\/2026\/02\/image-5.png\" alt=\"\" class=\"wp-image-422\"\/><\/a><\/figure>\n<\/div>\n\n\n<p><mark style=\"background-color:rgba(0, 0, 0, 0);color:#4f0892\" class=\"has-inline-color\">LARISSA COSTA- PROF DR COORDENADORA <\/mark><\/p>\n\n\n\n<p><mark style=\"background-color:rgba(0, 0, 0, 0);color:#4a0a85\" class=\"has-inline-color\">CAMILA TORRES- L\u00cdDER GERAL<\/mark><\/p>\n\n\n\n<p><mark style=\"background-color:rgba(0, 0, 0, 0);color:#4e0890\" class=\"has-inline-color\">ANA BARRETO &#8211; L\u00cdDER DE EVENTOS <\/mark><\/p>\n\n\n\n<p><mark style=\"background-color:rgba(0, 0, 0, 0);color:#450680\" class=\"has-inline-color\">EDUARDA MUNIZ- L\u00cdDER DE COMUNICA\u00c7\u00c3O <\/mark><\/p>\n\n\n\n<p><mark style=\"background-color:rgba(0, 0, 0, 0);color:#490885\" class=\"has-inline-color\">NAT\u00c1LIA COGO- L\u00cdDER DE ARTES <\/mark><\/p>\n\n\n\n<p><mark style=\"background-color:rgba(0, 0, 0, 0);color:#470d7d\" class=\"has-inline-color\">V\u00cdVIAN PEREIRA- L\u00cdDER DE COMUNICA\u00c7\u00c3O<\/mark> <\/p>\n\n\n\n<p><mark style=\"background-color:rgba(0, 0, 0, 0);color:#4a0e82\" class=\"has-inline-color\">GILCINARA MATABLA- TRAINEE<\/mark><\/p>\n\n\n\n<p><mark style=\"background-color:rgba(0, 0, 0, 0);color:#4d0c8a\" class=\"has-inline-color\">JENIFFER SILVA- TRAINEE<\/mark><\/p>\n\n\n\n<p><\/p>\n","protected":false},"excerpt":{"rendered":"<p>GEST\u00c3O 2025 LARISSA COSTA- PROF DR COORDENADORA CAMILA TORRES- L\u00cdDER GERAL ANA BARRETO &#8211; L\u00cdDER DE EVENTOS EDUARDA MUNIZ- L\u00cdDER DE COMUNICA\u00c7\u00c3O NAT\u00c1LIA COGO- L\u00cdDER DE ARTES V\u00cdVIAN PEREIRA- L\u00cdDER DE COMUNICA\u00c7\u00c3O GILCINARA MATABLA-&#46;&#46;&#46;<\/p>\n","protected":false},"author":403,"featured_media":0,"parent":0,"menu_order":0,"comment_status":"closed","ping_status":"closed","template":"","meta":{"footnotes":""},"class_list":["post-141","page","type-page","status-publish","hentry"],"jetpack_sharing_enabled":true,"_links":{"self":[{"href":"https:\/\/wp.ufpel.edu.br\/speufpel\/wp-json\/wp\/v2\/pages\/141","targetHints":{"allow":["GET"]}}],"collection":[{"href":"https:\/\/wp.ufpel.edu.br\/speufpel\/wp-json\/wp\/v2\/pages"}],"about":[{"href":"https:\/\/wp.ufpel.edu.br\/speufpel\/wp-json\/wp\/v2\/types\/page"}],"author":[{"embeddable":true,"href":"https:\/\/wp.ufpel.edu.br\/speufpel\/wp-json\/wp\/v2\/users\/403"}],"replies":[{"embeddable":true,"href":"https:\/\/wp.ufpel.edu.br\/speufpel\/wp-json\/wp\/v2\/comments?post=141"}],"version-history":[{"count":2,"href":"https:\/\/wp.ufpel.edu.br\/speufpel\/wp-json\/wp\/v2\/pages\/141\/revisions"}],"predecessor-version":[{"id":423,"href":"https:\/\/wp.ufpel.edu.br\/speufpel\/wp-json\/wp\/v2\/pages\/141\/revisions\/423"}],"wp:attachment":[{"href":"https:\/\/wp.ufpel.edu.br\/speufpel\/wp-json\/wp\/v2\/media?parent=141"}],"curies":[{"name":"wp","href":"https:\/\/api.w.org\/{rel}","templated":true}]}}