{"id":139,"date":"2025-06-17T15:20:41","date_gmt":"2025-06-17T18:20:41","guid":{"rendered":"https:\/\/wp.ufpel.edu.br\/speufpel\/?page_id=139"},"modified":"2026-02-19T14:32:57","modified_gmt":"2026-02-19T17:32:57","slug":"nucleo-win-ufpel","status":"publish","type":"page","link":"https:\/\/wp.ufpel.edu.br\/speufpel\/nucleo-win-ufpel\/","title":{"rendered":"N\u00daCLEO WIN- UFPEL"},"content":{"rendered":"<p data-start=\"0\" data-end=\"456\">O <strong data-start=\"2\" data-end=\"29\">N\u00facleo WIN Brazil UFPel<\/strong> \u00e9 a representa\u00e7\u00e3o local da rede <span class=\"hover:entity-accent entity-underline inline cursor-pointer align-baseline\"><span class=\"whitespace-normal\">Women in Energy<\/span><\/span> (WiN), vinculada \u00e0 <span class=\"hover:entity-accent entity-underline inline cursor-pointer align-baseline\"><span class=\"whitespace-normal\">Society of Petroleum Engineers<\/span><\/span> \u2013 Se\u00e7\u00e3o Brazil, na <span class=\"hover:entity-accent entity-underline inline cursor-pointer align-baseline\"><span class=\"whitespace-normal\">Universidade Federal de Pelotas<\/span><\/span>. O grupo tem como miss\u00e3o promover e fortalecer a participa\u00e7\u00e3o, perman\u00eancia e lideran\u00e7a feminina nas \u00e1reas de STEM (Ci\u00eancia, Tecnologia, Engenharia e Matem\u00e1tica), com foco especial no setor de energia, em particular na ind\u00fastria de \u00f3leo e g\u00e1s.<\/p>\n<p data-start=\"458\" data-end=\"923\">Afiliado a uma rede global comprometida com a equidade de g\u00eanero no setor energ\u00e9tico, o n\u00facleo atua na constru\u00e7\u00e3o de um ambiente mais inclusivo e diverso, incentivando a inser\u00e7\u00e3o de mulheres em \u00e1reas historicamente dominadas por homens. Suas iniciativas abrangem capacita\u00e7\u00f5es t\u00e9cnicas \u2014 como oficinas de QGIS \u2014, participa\u00e7\u00e3o ativa em eventos acad\u00eamicos e do setor, a exemplo do <span class=\"hover:entity-accent entity-underline inline cursor-pointer align-baseline\"><span class=\"whitespace-normal\">PETRO-SUL<\/span><\/span>, al\u00e9m de a\u00e7\u00f5es de extens\u00e3o voltadas \u00e0 comunidade.<\/p>\n<p data-start=\"925\" data-end=\"1268\">Entre os principais projetos desenvolvidos, destaca-se o <span class=\"hover:entity-accent entity-underline inline cursor-pointer align-baseline\"><span class=\"whitespace-normal\">Energy4me<\/span><\/span>, por meio do qual as integrantes levam conhecimento sobre diferentes fontes de energia e possibilidades de carreira em STEM a escolas e comunidades, contribuindo para a forma\u00e7\u00e3o de jovens e incentivando novas trajet\u00f3rias profissionais nessas \u00e1reas.<\/p>\n<p data-start=\"1270\" data-end=\"1557\" data-is-last-node=\"\" data-is-only-node=\"\">Dessa forma, o N\u00facleo WIN Brazil UFPel consolida sua atua\u00e7\u00e3o no fomento \u00e0 lideran\u00e7a feminina em STEM por meio de capacita\u00e7\u00f5es t\u00e9cnicas, eventos acad\u00eamicos e projetos de extens\u00e3o, promovendo impacto social e contribuindo ativamente para a transforma\u00e7\u00e3o do cen\u00e1rio da ind\u00fastria de energia.<\/p>\n<p data-start=\"1270\" data-end=\"1557\" data-is-last-node=\"\" data-is-only-node=\"\"><a href=\"https:\/\/wp.ufpel.edu.br\/speufpel\/files\/2026\/02\/PremioWin_1.png\"><img loading=\"lazy\" decoding=\"async\" class=\"alignnone size-medium wp-image-417\" src=\"https:\/\/wp.ufpel.edu.br\/speufpel\/files\/2026\/02\/PremioWin_1-400x374.png\" alt=\"\" width=\"400\" height=\"374\" srcset=\"https:\/\/wp.ufpel.edu.br\/speufpel\/files\/2026\/02\/PremioWin_1-400x374.png 400w, https:\/\/wp.ufpel.edu.br\/speufpel\/files\/2026\/02\/PremioWin_1.png 593w\" sizes=\"auto, (max-width: 400px) 100vw, 400px\" \/><\/a><\/p>\n","protected":false},"excerpt":{"rendered":"<p>O N\u00facleo WIN Brazil UFPel \u00e9 a representa\u00e7\u00e3o local da rede Women in Energy (WiN), vinculada \u00e0 Society of Petroleum Engineers \u2013 Se\u00e7\u00e3o Brazil, na Universidade Federal de Pelotas. O grupo tem como miss\u00e3o&#46;&#46;&#46;<\/p>\n","protected":false},"author":403,"featured_media":0,"parent":0,"menu_order":0,"comment_status":"closed","ping_status":"closed","template":"","meta":{"footnotes":""},"class_list":["post-139","page","type-page","status-publish","hentry"],"jetpack_sharing_enabled":true,"_links":{"self":[{"href":"https:\/\/wp.ufpel.edu.br\/speufpel\/wp-json\/wp\/v2\/pages\/139","targetHints":{"allow":["GET"]}}],"collection":[{"href":"https:\/\/wp.ufpel.edu.br\/speufpel\/wp-json\/wp\/v2\/pages"}],"about":[{"href":"https:\/\/wp.ufpel.edu.br\/speufpel\/wp-json\/wp\/v2\/types\/page"}],"author":[{"embeddable":true,"href":"https:\/\/wp.ufpel.edu.br\/speufpel\/wp-json\/wp\/v2\/users\/403"}],"replies":[{"embeddable":true,"href":"https:\/\/wp.ufpel.edu.br\/speufpel\/wp-json\/wp\/v2\/comments?post=139"}],"version-history":[{"count":2,"href":"https:\/\/wp.ufpel.edu.br\/speufpel\/wp-json\/wp\/v2\/pages\/139\/revisions"}],"predecessor-version":[{"id":418,"href":"https:\/\/wp.ufpel.edu.br\/speufpel\/wp-json\/wp\/v2\/pages\/139\/revisions\/418"}],"wp:attachment":[{"href":"https:\/\/wp.ufpel.edu.br\/speufpel\/wp-json\/wp\/v2\/media?parent=139"}],"curies":[{"name":"wp","href":"https:\/\/api.w.org\/{rel}","templated":true}]}}