{"id":113,"date":"2025-06-16T11:14:59","date_gmt":"2025-06-16T14:14:59","guid":{"rendered":"https:\/\/wp.ufpel.edu.br\/speufpel\/?page_id=113"},"modified":"2026-02-19T15:13:26","modified_gmt":"2026-02-19T18:13:26","slug":"premiacoes","status":"publish","type":"page","link":"https:\/\/wp.ufpel.edu.br\/speufpel\/premiacoes\/","title":{"rendered":"PREMIA\u00c7\u00d5ES &amp; DESTAQUES"},"content":{"rendered":"\n<p>O Cap\u00edtulo Estudantil SPE UFPel tem se destacado nacional e<br>internacionalmente pelo seu desempenho acad\u00eamico, projetos<br>inovadores e engajamento na comunidade estudantil. O<br>reconhecimento recebido em competi\u00e7\u00f5es, eventos e<br>premia\u00e7\u00f5es da Society of Petroleum Engineers (SPE) reflete a<br>qualidade das atividades desenvolvidas, a dedica\u00e7\u00e3o dos<br>membros e o impacto positivo das iniciativas junto aos<br>estudantes e profissionais do setor de \u00f3leo e g\u00e1s.<\/p>\n\n\n<div class=\"wp-block-image\">\n<figure class=\"alignleft size-full is-resized\"><a href=\"https:\/\/wp.ufpel.edu.br\/speufpel\/files\/2026\/02\/image-4.png\"><img loading=\"lazy\" decoding=\"async\" width=\"573\" height=\"317\" src=\"https:\/\/wp.ufpel.edu.br\/speufpel\/files\/2026\/02\/image-4.png\" alt=\"\" class=\"wp-image-419\" style=\"width:439px;height:auto\" srcset=\"https:\/\/wp.ufpel.edu.br\/speufpel\/files\/2026\/02\/image-4.png 573w, https:\/\/wp.ufpel.edu.br\/speufpel\/files\/2026\/02\/image-4-400x221.png 400w\" sizes=\"auto, (max-width: 573px) 100vw, 573px\" \/><\/a><\/figure>\n<\/div>\n\n\n<p><strong><mark style=\"background-color:rgba(0, 0, 0, 0);color:#052599\" class=\"has-inline-color\">2015 &#8211; Gold Standard Student Chapter:<\/mark><\/strong> Reconhecimento por<br>alto n\u00edvel de atividade e desempenho entre os cap\u00edtulos<br>estudantis da SPE;<br><strong><mark style=\"background-color:rgba(0, 0, 0, 0);color:#0a2c92\" class=\"has-inline-color\">2016 &#8211; Outstanding Student Chapter:<\/mark><\/strong> Maior premia\u00e7\u00e3o<br>concedida pela SPE, destacando os cap\u00edtulos mais excepcionais<br>globalmente;<br><strong><mark style=\"background-color:rgba(0, 0, 0, 0);color:#0f2792\" class=\"has-inline-color\">2017 &#8211; Dream Ticket (Team Total Grants):<\/mark><\/strong> \u00danico projeto das<br>Am\u00e9ricas selecionado pela petroleira francesa TOTAL para apoio<br>financeiro na realiza\u00e7\u00e3o do 5o Petro-Sul, Semana Acad\u00eamica da<br>Engenharia de Petr\u00f3leo da UFPel.<\/p>\n\n\n\n<p><strong><mark style=\"background-color:rgba(0, 0, 0, 0);color:#052587\" class=\"has-inline-color\">2017 &#8211; Regional Services Award:<\/mark><\/strong> Reconhecimento aos membros<br>que contribuem com servi\u00e7o e lideran\u00e7a excepcionais dentro de<br>suas disciplinas t\u00e9cnicas e no n\u00edvel regional da SPE;<br><strong><mark style=\"background-color:rgba(0, 0, 0, 0);color:#041b82\" class=\"has-inline-color\">2019 &#8211; Industry Technical and Professional Excellence Award:<\/mark><\/strong><br>O pr\u00eamio homenageia indiv\u00edduos ou equipes que fizeram<br>contribui\u00e7\u00f5es expecionais \u00e0 profiss\u00e3o, demostrando excel\u00eancia e<br>inova\u00e7\u00e3o;<br><strong><mark style=\"background-color:rgba(0, 0, 0, 0);color:#0736e3\" class=\"has-inline-color\">2019 &#8211; Student Chapter Excellence Award:<\/mark><\/strong> Segunda maior<br>honraria da SPE, concedida aos 20% melhores cap\u00edtulos<br>globalmente.<\/p>\n\n\n\n<p><strong><mark style=\"background-color:rgba(0, 0, 0, 0);color:#062981\" class=\"has-inline-color\">2020 &#8211; Presidential Award for Outstanding Student Chapter:<\/mark><\/strong><br>Reconhecimento entre os 5% melhores cap\u00edtulos estudantis da<br>SPE no mundo;<br><strong><mark style=\"background-color:rgba(0, 0, 0, 0);color:#074de3\" class=\"has-inline-color\">2021 &#8211; Student Chapter Excellence Award:<\/mark><\/strong> Segunda maior<br>honraria da SPE, concedida aos 20% melhores cap\u00edtulos<br>globalmente;<br><strong><mark style=\"background-color:rgba(0, 0, 0, 0);color:#093189\" class=\"has-inline-color\">2022 &#8211; Student Chapter Excellence Award:<\/mark><\/strong> Premia\u00e7\u00e3o<br>consecutiva, reafirmando a excel\u00eancia do cap\u00edtulo.<br><strong><mark style=\"background-color:rgba(0, 0, 0, 0);color:#072274\" class=\"has-inline-color\">2023 &#8211; Presidential Award for Outstanding Student Chapter:<\/mark><\/strong><br>Segunda vez que o cap\u00edtulo recebe essa distin\u00e7\u00e3o, destacando-se<br>entre os 10% melhores do mundo.<\/p>\n\n\n\n<p><\/p>\n","protected":false},"excerpt":{"rendered":"<p>O Cap\u00edtulo Estudantil SPE UFPel tem se destacado nacional einternacionalmente pelo seu desempenho acad\u00eamico, projetosinovadores e engajamento na comunidade estudantil. Oreconhecimento recebido em competi\u00e7\u00f5es, eventos epremia\u00e7\u00f5es da Society of Petroleum Engineers (SPE) reflete aqualidade&#46;&#46;&#46;<\/p>\n","protected":false},"author":403,"featured_media":0,"parent":0,"menu_order":0,"comment_status":"closed","ping_status":"closed","template":"","meta":{"footnotes":""},"class_list":["post-113","page","type-page","status-publish","hentry"],"jetpack_sharing_enabled":true,"_links":{"self":[{"href":"https:\/\/wp.ufpel.edu.br\/speufpel\/wp-json\/wp\/v2\/pages\/113","targetHints":{"allow":["GET"]}}],"collection":[{"href":"https:\/\/wp.ufpel.edu.br\/speufpel\/wp-json\/wp\/v2\/pages"}],"about":[{"href":"https:\/\/wp.ufpel.edu.br\/speufpel\/wp-json\/wp\/v2\/types\/page"}],"author":[{"embeddable":true,"href":"https:\/\/wp.ufpel.edu.br\/speufpel\/wp-json\/wp\/v2\/users\/403"}],"replies":[{"embeddable":true,"href":"https:\/\/wp.ufpel.edu.br\/speufpel\/wp-json\/wp\/v2\/comments?post=113"}],"version-history":[{"count":2,"href":"https:\/\/wp.ufpel.edu.br\/speufpel\/wp-json\/wp\/v2\/pages\/113\/revisions"}],"predecessor-version":[{"id":429,"href":"https:\/\/wp.ufpel.edu.br\/speufpel\/wp-json\/wp\/v2\/pages\/113\/revisions\/429"}],"wp:attachment":[{"href":"https:\/\/wp.ufpel.edu.br\/speufpel\/wp-json\/wp\/v2\/media?parent=113"}],"curies":[{"name":"wp","href":"https:\/\/api.w.org\/{rel}","templated":true}]}}