{"id":97,"date":"2015-09-14T10:33:51","date_gmt":"2015-09-14T13:33:51","guid":{"rendered":"https:\/\/wp.ufpel.edu.br\/spaf\/?page_id=97"},"modified":"2017-06-26T16:11:37","modified_gmt":"2017-06-26T19:11:37","slug":"antonio-lilles-tavares-machado","status":"publish","type":"page","link":"https:\/\/wp.ufpel.edu.br\/spaf\/docentes\/antonio-lilles-tavares-machado\/","title":{"rendered":"Ant\u00f4nio Lilles Tavares Machado"},"content":{"rendered":"<p style=\"text-align: right\"><a href=\"http:\/\/lattes.cnpq.br\/7362283733772147\"><img data-recalc-dims=\"1\" data-attachment-id=\"88\" data-permalink=\"https:\/\/wp.ufpel.edu.br\/spaf\/docentes\/ana-claudia-rodrigues-de-lima\/download\/\" data-orig-file=\"https:\/\/i0.wp.com\/wp.ufpel.edu.br\/spaf\/files\/2015\/09\/download.jpg?fit=175%2C72&amp;ssl=1\" data-orig-size=\"175,72\" data-comments-opened=\"0\" data-image-meta=\"{&quot;aperture&quot;:&quot;0&quot;,&quot;credit&quot;:&quot;&quot;,&quot;camera&quot;:&quot;&quot;,&quot;caption&quot;:&quot;&quot;,&quot;created_timestamp&quot;:&quot;0&quot;,&quot;copyright&quot;:&quot;&quot;,&quot;focal_length&quot;:&quot;0&quot;,&quot;iso&quot;:&quot;0&quot;,&quot;shutter_speed&quot;:&quot;0&quot;,&quot;title&quot;:&quot;&quot;,&quot;orientation&quot;:&quot;0&quot;}\" data-image-title=\"download\" data-image-description=\"\" data-image-caption=\"\" data-medium-file=\"https:\/\/i0.wp.com\/wp.ufpel.edu.br\/spaf\/files\/2015\/09\/download.jpg?fit=175%2C72&amp;ssl=1\" data-large-file=\"https:\/\/i0.wp.com\/wp.ufpel.edu.br\/spaf\/files\/2015\/09\/download.jpg?fit=175%2C72&amp;ssl=1\" class=\"size-full wp-image-88 alignright\" src=\"https:\/\/i0.wp.com\/wp.ufpel.edu.br\/spaf\/files\/2015\/09\/download.jpg?resize=175%2C72&#038;ssl=1\" alt=\"download\" width=\"175\" height=\"72\" \/><\/a><\/p>\n<p><span style=\"font-family: georgia, palatino, serif;font-size: 12pt\">Doutorado em Ci\u00eancia do Solo, 2001<\/span><br \/>\n<span style=\"font-family: georgia, palatino, serif;font-size: 12pt\"> Universidade Federal do Rio Grande do Sul, UFRGS, Porto Alegre, Brasil<\/span><\/p>\n<p><span style=\"font-family: georgia, palatino, serif;font-size: 12pt\"><b>T\u00edtulo da Tese<\/b>:<\/span><br \/>\n<span style=\"font-family: georgia, palatino, serif;font-size: 12pt\"> Esfor\u00e7o de tra\u00e7\u00e3o para ferramentas de hastes com ponteiras estreitas em dois solos do Rio Grande do Sul<\/span><\/p>\n<div class=\"docente\"><span style=\"font-family: georgia, palatino, serif;font-size: 12pt\">Professor\u00a0permanente<\/span><br \/>\n<span style=\"font-family: georgia, palatino, serif;font-size: 12pt\"> Unidade: FAEM\/Engenharia Rural<\/span><br \/>\n<span style=\"font-family: georgia, palatino, serif;font-size: 12pt\"> Linha de pesquisa:\u00a0Agricultura e Engenharia Rural<\/span><br \/>\n<span style=\"font-family: georgia, palatino, serif;font-size: 12pt\"> E-mail: <a href=\"mailto:lilles@ufpel.tche.br\">lilles@ufpel.tche.br<\/a><\/span><\/div>\n<p><span style=\"font-family: georgia, palatino, serif;font-size: 12pt\"><b>Disciplinas ministradas<\/b>:<\/span><\/p>\n<ul>\n<li><span style=\"font-family: georgia, palatino, serif;font-size: 12pt\"><a class=\"link\" href=\"https:\/\/wp.ufpel.edu.br\/spaf\/disciplinas\/dinamica-da-relacao-maquina-solo-i\/\">Din\u00e2mica da Rela\u00e7\u00e3o M\u00e1quina-Solo I<\/a><\/span><\/li>\n<li><span style=\"font-family: georgia, palatino, serif;font-size: 12pt\"><a class=\"link\" href=\"https:\/\/wp.ufpel.edu.br\/spaf\/disciplinas\/dinamica-da-relacao-maquina-solo-ii\/\">Din\u00e2mica da Rela\u00e7\u00e3o M\u00e1quina-Solo II<\/a><\/span><\/li>\n<\/ul>\n<p>&nbsp;<\/p>\n","protected":false},"excerpt":{"rendered":"<p>Doutorado em Ci\u00eancia do Solo, 2001 Universidade Federal do Rio Grande do Sul, UFRGS, Porto Alegre, Brasil T\u00edtulo da Tese: Esfor\u00e7o de tra\u00e7\u00e3o para ferramentas de hastes com ponteiras estreitas em dois solos do Rio Grande do Sul Professor\u00a0permanente Unidade: FAEM\/Engenharia Rural Linha de pesquisa:\u00a0Agricultura e Engenharia Rural E-mail: lilles@ufpel.tche.br Disciplinas ministradas: Din\u00e2mica da Rela\u00e7\u00e3o [&hellip;]<\/p>\n","protected":false},"author":530,"featured_media":0,"parent":8,"menu_order":0,"comment_status":"closed","ping_status":"closed","template":"","meta":{"jetpack_post_was_ever_published":false,"footnotes":""},"class_list":["post-97","page","type-page","status-publish","hentry"],"jetpack_shortlink":"https:\/\/wp.me\/P7gUJD-1z","jetpack-related-posts":[],"jetpack_sharing_enabled":true,"_links":{"self":[{"href":"https:\/\/wp.ufpel.edu.br\/spaf\/wp-json\/wp\/v2\/pages\/97","targetHints":{"allow":["GET"]}}],"collection":[{"href":"https:\/\/wp.ufpel.edu.br\/spaf\/wp-json\/wp\/v2\/pages"}],"about":[{"href":"https:\/\/wp.ufpel.edu.br\/spaf\/wp-json\/wp\/v2\/types\/page"}],"author":[{"embeddable":true,"href":"https:\/\/wp.ufpel.edu.br\/spaf\/wp-json\/wp\/v2\/users\/530"}],"replies":[{"embeddable":true,"href":"https:\/\/wp.ufpel.edu.br\/spaf\/wp-json\/wp\/v2\/comments?post=97"}],"version-history":[{"count":5,"href":"https:\/\/wp.ufpel.edu.br\/spaf\/wp-json\/wp\/v2\/pages\/97\/revisions"}],"predecessor-version":[{"id":2026,"href":"https:\/\/wp.ufpel.edu.br\/spaf\/wp-json\/wp\/v2\/pages\/97\/revisions\/2026"}],"up":[{"embeddable":true,"href":"https:\/\/wp.ufpel.edu.br\/spaf\/wp-json\/wp\/v2\/pages\/8"}],"wp:attachment":[{"href":"https:\/\/wp.ufpel.edu.br\/spaf\/wp-json\/wp\/v2\/media?parent=97"}],"curies":[{"name":"wp","href":"https:\/\/api.w.org\/{rel}","templated":true}]}}