{"id":92,"date":"2015-09-14T09:57:46","date_gmt":"2015-09-14T12:57:46","guid":{"rendered":"https:\/\/wp.ufpel.edu.br\/spaf\/?page_id=92"},"modified":"2017-06-26T16:26:28","modified_gmt":"2017-06-26T19:26:28","slug":"angelo-reis","status":"publish","type":"page","link":"https:\/\/wp.ufpel.edu.br\/spaf\/docentes\/angelo-reis\/","title":{"rendered":"\u00c2ngelo Vieira dos Reis"},"content":{"rendered":"<p style=\"text-align: right\"><a href=\"http:\/\/lattes.cnpq.br\/8641384820246846\"><img data-recalc-dims=\"1\" data-attachment-id=\"88\" data-permalink=\"https:\/\/wp.ufpel.edu.br\/spaf\/docentes\/ana-claudia-rodrigues-de-lima\/download\/\" data-orig-file=\"https:\/\/i0.wp.com\/wp.ufpel.edu.br\/spaf\/files\/2015\/09\/download.jpg?fit=175%2C72&amp;ssl=1\" data-orig-size=\"175,72\" data-comments-opened=\"0\" data-image-meta=\"{&quot;aperture&quot;:&quot;0&quot;,&quot;credit&quot;:&quot;&quot;,&quot;camera&quot;:&quot;&quot;,&quot;caption&quot;:&quot;&quot;,&quot;created_timestamp&quot;:&quot;0&quot;,&quot;copyright&quot;:&quot;&quot;,&quot;focal_length&quot;:&quot;0&quot;,&quot;iso&quot;:&quot;0&quot;,&quot;shutter_speed&quot;:&quot;0&quot;,&quot;title&quot;:&quot;&quot;,&quot;orientation&quot;:&quot;0&quot;}\" data-image-title=\"download\" data-image-description=\"\" data-image-caption=\"\" data-medium-file=\"https:\/\/i0.wp.com\/wp.ufpel.edu.br\/spaf\/files\/2015\/09\/download.jpg?fit=175%2C72&amp;ssl=1\" data-large-file=\"https:\/\/i0.wp.com\/wp.ufpel.edu.br\/spaf\/files\/2015\/09\/download.jpg?fit=175%2C72&amp;ssl=1\" class=\"size-full wp-image-88 alignright\" src=\"https:\/\/i0.wp.com\/wp.ufpel.edu.br\/spaf\/files\/2015\/09\/download.jpg?resize=175%2C72&#038;ssl=1\" alt=\"download\" width=\"175\" height=\"72\" \/><\/a><\/p>\n<p><span style=\"font-family: georgia, palatino, serif\">Doutorado em Engenharia Mec\u00e2nica, 2003<\/span><br \/>\n<span style=\"font-family: georgia, palatino, serif\"> Universidade Federal de Santa Catarina, UFSC, Florian\u00f3polis, Brasil<\/span><\/p>\n<p><span style=\"font-family: georgia, palatino, serif\"><b>T\u00edtulo da Tese<\/b>:<\/span><br \/>\n<span style=\"font-family: georgia, palatino, serif\"> D<\/span>esenvolvimento de concep\u00e7\u00f5es para a dosagem e deposi\u00e7\u00e3o de precis\u00e3o para sementes mi\u00fadas.<\/p>\n<div class=\"docente\"><span style=\"font-family: 'book antiqua', palatino, serif;font-size: 12pt\">Professor\u00a0permanente<\/span><br \/>\n<span style=\"font-family: 'book antiqua', palatino, serif;font-size: 12pt\"> Unidade: FAEM\/Engenharia Rural<\/span><br \/>\n<span style=\"font-family: 'book antiqua', palatino, serif;font-size: 12pt\"> Linha de pesquisa:\u00a0Agricultura e Engenharia\u00a0Rural<\/span><br \/>\n<span style=\"font-family: 'book antiqua', palatino, serif;font-size: 12pt\"> E-mail: <a href=\"mailto:areis@ufpel.tche.br\">areis@<\/a><a href=\"mailto:areis@ufpel.edu.br\">ufpel.edu.br<\/a><\/span><\/div>\n<p><span style=\"font-family: georgia, palatino, serif\"><b>Disciplinas ministradas<\/b>:<\/span><\/p>\n<ul>\n<li><span style=\"font-family: georgia, palatino, serif;font-size: 12pt\"><a class=\"link\" href=\"https:\/\/wp.ufpel.edu.br\/spaf\/disciplinas\/456-2\/\">M\u00e1quinas Agr\u00edcolas de Baixa Pot\u00eancia<\/a><\/span><\/li>\n<li><span style=\"font-family: georgia, palatino, serif;font-size: 12pt\"><a class=\"link\" href=\"https:\/\/wp.ufpel.edu.br\/spaf\/disciplinas\/460-2\/\">Metodologia de Projeto de Produtos Agroindustriais<\/a><\/span><\/li>\n<li><a href=\"https:\/\/wp.ufpel.edu.br\/spaf\/disciplinas\/estagio-em-docencia-orientada-ii\/\">Est\u00e1gio em Doc\u00eancia Orientada<\/a><\/li>\n<\/ul>\n<p>&nbsp;<\/p>\n","protected":false},"excerpt":{"rendered":"<p>Doutorado em Engenharia Mec\u00e2nica, 2003 Universidade Federal de Santa Catarina, UFSC, Florian\u00f3polis, Brasil T\u00edtulo da Tese: Desenvolvimento de concep\u00e7\u00f5es para a dosagem e deposi\u00e7\u00e3o de precis\u00e3o para sementes mi\u00fadas. Professor\u00a0permanente Unidade: FAEM\/Engenharia Rural Linha de pesquisa:\u00a0Agricultura e Engenharia\u00a0Rural E-mail: areis@ufpel.edu.br Disciplinas ministradas: M\u00e1quinas Agr\u00edcolas de Baixa Pot\u00eancia Metodologia de Projeto de Produtos Agroindustriais Est\u00e1gio em [&hellip;]<\/p>\n","protected":false},"author":530,"featured_media":0,"parent":8,"menu_order":0,"comment_status":"closed","ping_status":"closed","template":"","meta":{"jetpack_post_was_ever_published":false,"footnotes":""},"class_list":["post-92","page","type-page","status-publish","hentry"],"jetpack_shortlink":"https:\/\/wp.me\/P7gUJD-1u","jetpack-related-posts":[],"jetpack_sharing_enabled":true,"_links":{"self":[{"href":"https:\/\/wp.ufpel.edu.br\/spaf\/wp-json\/wp\/v2\/pages\/92","targetHints":{"allow":["GET"]}}],"collection":[{"href":"https:\/\/wp.ufpel.edu.br\/spaf\/wp-json\/wp\/v2\/pages"}],"about":[{"href":"https:\/\/wp.ufpel.edu.br\/spaf\/wp-json\/wp\/v2\/types\/page"}],"author":[{"embeddable":true,"href":"https:\/\/wp.ufpel.edu.br\/spaf\/wp-json\/wp\/v2\/users\/530"}],"replies":[{"embeddable":true,"href":"https:\/\/wp.ufpel.edu.br\/spaf\/wp-json\/wp\/v2\/comments?post=92"}],"version-history":[{"count":12,"href":"https:\/\/wp.ufpel.edu.br\/spaf\/wp-json\/wp\/v2\/pages\/92\/revisions"}],"predecessor-version":[{"id":817,"href":"https:\/\/wp.ufpel.edu.br\/spaf\/wp-json\/wp\/v2\/pages\/92\/revisions\/817"}],"up":[{"embeddable":true,"href":"https:\/\/wp.ufpel.edu.br\/spaf\/wp-json\/wp\/v2\/pages\/8"}],"wp:attachment":[{"href":"https:\/\/wp.ufpel.edu.br\/spaf\/wp-json\/wp\/v2\/media?parent=92"}],"curies":[{"name":"wp","href":"https:\/\/api.w.org\/{rel}","templated":true}]}}