{"id":763,"date":"2017-06-02T15:42:13","date_gmt":"2017-06-02T18:42:13","guid":{"rendered":"https:\/\/wp.ufpel.edu.br\/spaf\/?page_id=763"},"modified":"2023-07-20T10:07:26","modified_gmt":"2023-07-20T13:07:26","slug":"metodologia-multicriterio-em-apoio-a-decisao","status":"publish","type":"page","link":"https:\/\/wp.ufpel.edu.br\/spaf\/disciplinas\/metodologia-multicriterio-em-apoio-a-decisao\/","title":{"rendered":"Metodologia Multicrit\u00e9rio em Apoio \u00e0 Decis\u00e3o"},"content":{"rendered":"<table border=\"0\" width=\"100%\">\n<tbody>\n<tr>\n<td bgcolor=\"#F9F9F9\"><span style=\"font-family: 'book antiqua', palatino, serif; font-size: 12pt;\"><b class=\"prof\">Metodologia Multicrit\u00e9rio em Apoia \u00e0 Decis\u00e3o<\/b><\/span><\/td>\n<\/tr>\n<\/tbody>\n<\/table>\n<p><span style=\"font-family: 'book antiqua', palatino, serif; font-size: 12pt;\">c\u00f3digo: 188066 | carga hor\u00e1ria: 3-0-0 | II semestre<\/span><\/p>\n<p><span style=\"font-family: 'book antiqua', palatino, serif; font-size: 12pt;\">Regente: <a class=\"link\" href=\"https:\/\/wp.ufpel.edu.br\/spaf\/docentes\/mario-conill-gomes\/\">M\u00e1rio Conill Gomes<\/a>\u00a0<\/span><\/p>\n<p><span style=\"font-family: 'book antiqua', palatino, serif; font-size: 12pt;\">Colaborador: <\/span><br \/>\n<span style=\"font-family: 'book antiqua', palatino, serif; font-size: 12pt;\">\u00a0\u00a0\u00a0\u00a0\u00a0\u00a0\u00a0\u00a0\u00a0\u00a0\u00a0\u00a0\u00a0\u00a0\u00a0\u00a0\u00a0\u00a0\u00a0<\/span><\/p>\n<div class=\"docente\"><span style=\"font-family: 'book antiqua', palatino, serif; font-size: 12pt;\">Ementa: <\/span><br \/>\n<span style=\"font-family: 'book antiqua', palatino, serif; font-size: 12pt;\">Esta disciplina aborda a racionalidade da decis\u00e3o e do processo decis\u00f3rio. A partir da multidimensionalidade do conceito de problema complexo ser\u00e3o trabalhados os meios (etapas) para transformar o processo decis\u00f3rio em um modelo multicrit\u00e9rio que efetivamente possa apoiar decis\u00f5es.<\/span><\/div>\n","protected":false},"excerpt":{"rendered":"<p>Metodologia Multicrit\u00e9rio em Apoia \u00e0 Decis\u00e3o c\u00f3digo: 188066 | carga hor\u00e1ria: 3-0-0 | II semestre Regente: M\u00e1rio Conill Gomes\u00a0 Colaborador: \u00a0\u00a0\u00a0\u00a0\u00a0\u00a0\u00a0\u00a0\u00a0\u00a0\u00a0\u00a0\u00a0\u00a0\u00a0\u00a0\u00a0\u00a0\u00a0 Ementa: Esta disciplina aborda a racionalidade da decis\u00e3o e do processo decis\u00f3rio. A partir da multidimensionalidade do conceito de problema complexo ser\u00e3o trabalhados os meios (etapas) para transformar o processo decis\u00f3rio em um modelo [&hellip;]<\/p>\n","protected":false},"author":530,"featured_media":0,"parent":16,"menu_order":0,"comment_status":"closed","ping_status":"closed","template":"","meta":{"jetpack_post_was_ever_published":false,"footnotes":""},"class_list":["post-763","page","type-page","status-publish","hentry"],"jetpack_shortlink":"https:\/\/wp.me\/P7gUJD-cj","jetpack-related-posts":[],"jetpack_sharing_enabled":true,"_links":{"self":[{"href":"https:\/\/wp.ufpel.edu.br\/spaf\/wp-json\/wp\/v2\/pages\/763","targetHints":{"allow":["GET"]}}],"collection":[{"href":"https:\/\/wp.ufpel.edu.br\/spaf\/wp-json\/wp\/v2\/pages"}],"about":[{"href":"https:\/\/wp.ufpel.edu.br\/spaf\/wp-json\/wp\/v2\/types\/page"}],"author":[{"embeddable":true,"href":"https:\/\/wp.ufpel.edu.br\/spaf\/wp-json\/wp\/v2\/users\/530"}],"replies":[{"embeddable":true,"href":"https:\/\/wp.ufpel.edu.br\/spaf\/wp-json\/wp\/v2\/comments?post=763"}],"version-history":[{"count":7,"href":"https:\/\/wp.ufpel.edu.br\/spaf\/wp-json\/wp\/v2\/pages\/763\/revisions"}],"predecessor-version":[{"id":3496,"href":"https:\/\/wp.ufpel.edu.br\/spaf\/wp-json\/wp\/v2\/pages\/763\/revisions\/3496"}],"up":[{"embeddable":true,"href":"https:\/\/wp.ufpel.edu.br\/spaf\/wp-json\/wp\/v2\/pages\/16"}],"wp:attachment":[{"href":"https:\/\/wp.ufpel.edu.br\/spaf\/wp-json\/wp\/v2\/media?parent=763"}],"curies":[{"name":"wp","href":"https:\/\/api.w.org\/{rel}","templated":true}]}}