{"id":741,"date":"2017-02-24T16:39:01","date_gmt":"2017-02-24T19:39:01","guid":{"rendered":"https:\/\/wp.ufpel.edu.br\/spaf\/?page_id=741"},"modified":"2017-03-01T16:24:37","modified_gmt":"2017-03-01T19:24:37","slug":"fundamentos-fisiologicos-de-manejo-de-cultivos","status":"publish","type":"page","link":"https:\/\/wp.ufpel.edu.br\/spaf\/disciplinas\/fundamentos-fisiologicos-de-manejo-de-cultivos\/","title":{"rendered":"Fundamentos Fisiol\u00f3gicos de Manejo de Cultivos"},"content":{"rendered":"<table border=\"0\" width=\"100%\">\n<tbody>\n<tr>\n<td bgcolor=\"#F9F9F9\"><b class=\"prof\">Fundamentos Fisiol\u00f3gicos de Manejo de Cultivos<\/b><\/td>\n<\/tr>\n<\/tbody>\n<\/table>\n<p>c\u00f3digo: 218100 | carga hor\u00e1ria: 4-0-0 | I semestre<\/p>\n<p>Regente: <a class=\"link\" href=\"http:\/\/lattes.cnpq.br\/6897815752656418\">Luis Osmar Braga Schuch<\/a><\/p>\n<p>Colaborador:<\/p>\n<div class=\"docente\"><span style=\"font-family: 'book antiqua', palatino, serif;font-size: 12pt\">Ementa:<\/span><br \/>\nDiscuss\u00e3o dos processos fisiol\u00f3gicos determinantes da produtividade dos cultivos como forma de embasar a aplica\u00e7\u00e3o de fundamentos fisiol\u00f3gicos nas pr\u00e1ticas de manejo das culturas.<\/div>\n","protected":false},"excerpt":{"rendered":"<p>Fundamentos Fisiol\u00f3gicos de Manejo de Cultivos c\u00f3digo: 218100 | carga hor\u00e1ria: 4-0-0 | I semestre Regente: Luis Osmar Braga Schuch Colaborador: Ementa: Discuss\u00e3o dos processos fisiol\u00f3gicos determinantes da produtividade dos cultivos como forma de embasar a aplica\u00e7\u00e3o de fundamentos fisiol\u00f3gicos nas pr\u00e1ticas de manejo das culturas.<\/p>\n","protected":false},"author":530,"featured_media":0,"parent":16,"menu_order":0,"comment_status":"closed","ping_status":"closed","template":"","meta":{"jetpack_post_was_ever_published":false,"footnotes":""},"class_list":["post-741","page","type-page","status-publish","hentry"],"jetpack_shortlink":"https:\/\/wp.me\/P7gUJD-bX","jetpack-related-posts":[],"jetpack_sharing_enabled":true,"_links":{"self":[{"href":"https:\/\/wp.ufpel.edu.br\/spaf\/wp-json\/wp\/v2\/pages\/741","targetHints":{"allow":["GET"]}}],"collection":[{"href":"https:\/\/wp.ufpel.edu.br\/spaf\/wp-json\/wp\/v2\/pages"}],"about":[{"href":"https:\/\/wp.ufpel.edu.br\/spaf\/wp-json\/wp\/v2\/types\/page"}],"author":[{"embeddable":true,"href":"https:\/\/wp.ufpel.edu.br\/spaf\/wp-json\/wp\/v2\/users\/530"}],"replies":[{"embeddable":true,"href":"https:\/\/wp.ufpel.edu.br\/spaf\/wp-json\/wp\/v2\/comments?post=741"}],"version-history":[{"count":4,"href":"https:\/\/wp.ufpel.edu.br\/spaf\/wp-json\/wp\/v2\/pages\/741\/revisions"}],"predecessor-version":[{"id":749,"href":"https:\/\/wp.ufpel.edu.br\/spaf\/wp-json\/wp\/v2\/pages\/741\/revisions\/749"}],"up":[{"embeddable":true,"href":"https:\/\/wp.ufpel.edu.br\/spaf\/wp-json\/wp\/v2\/pages\/16"}],"wp:attachment":[{"href":"https:\/\/wp.ufpel.edu.br\/spaf\/wp-json\/wp\/v2\/media?parent=741"}],"curies":[{"name":"wp","href":"https:\/\/api.w.org\/{rel}","templated":true}]}}