{"id":556,"date":"2015-12-21T13:56:49","date_gmt":"2015-12-21T15:56:49","guid":{"rendered":"https:\/\/wp.ufpel.edu.br\/spaf\/?page_id=556"},"modified":"2017-06-26T15:15:06","modified_gmt":"2017-06-26T18:15:06","slug":"agricultura-e-engenharia-rural","status":"publish","type":"page","link":"https:\/\/wp.ufpel.edu.br\/spaf\/pagina-exemplo\/agricultura-e-engenharia-rural\/","title":{"rendered":"Agricultura e Engenharia Rural"},"content":{"rendered":"<p><b class=\"TITULO\">Linha de Pesquisa <\/b><br \/>\n<b class=\"prof\"><br \/>\nAgricultura e Engenharia Rural<\/b><\/p>\n<p><b>Descri\u00e7\u00e3o<\/b><br \/>\nEssa linha de pesquisa est\u00e1 relacionada com a necessidade de desenvolver, estudar, avaliar e projetar m\u00e1quinas, equipamentos, implementos agr\u00edcolas e sistemas mecanizados (mecaniza\u00e7\u00e3o agr\u00edcola), todos adequados \u00e0 realidade da agricultura familiar, visando a racionaliza\u00e7\u00e3o de sua for\u00e7a de trabalho e o dimensionamento de suas atividades no manejo e conserva\u00e7\u00e3o dos solos e na utiliza\u00e7\u00e3o do conjunto das pr\u00e1ticas agr\u00edcolas que constituem seus diferentes manejos dos sistemas solo-\u00e1gua-planta. No escopo desta linha de pesquisa encontram-se as atividades meio pertinentes aos sistemas de produ\u00e7\u00e3o agr\u00edcola familiar ligadas \u00e0 \u00e1rea de engenharia.<\/p>\n<p><b>Linhas de atua\u00e7\u00e3o<\/b><\/p>\n<ul>\n<li>Desenvolvimento de projetos de implementos e m\u00e1quinas agr\u00edcolas de pequeno porte<\/li>\n<li>Ensaios de m\u00e1quinas agr\u00edcolas<\/li>\n<li>Estudos da rela\u00e7\u00e3o m\u00e1quina \u2013 implementos \u2013 solo<\/li>\n<li>Mecaniza\u00e7\u00e3o agr\u00edcola em propriedades agr\u00edcolas familiares<\/li>\n<li>Tecnologias de aplica\u00e7\u00e3o de insumos agr\u00edcolas<\/li>\n<li>Ergonomia e seguran\u00e7a no projeto e no uso de m\u00e1quinas agr\u00edcolas<\/li>\n<\/ul>\n<p>&nbsp;<\/p>\n","protected":false},"excerpt":{"rendered":"<p>Linha de Pesquisa Agricultura e Engenharia Rural Descri\u00e7\u00e3o Essa linha de pesquisa est\u00e1 relacionada com a necessidade de desenvolver, estudar, avaliar e projetar m\u00e1quinas, equipamentos, implementos agr\u00edcolas e sistemas mecanizados (mecaniza\u00e7\u00e3o agr\u00edcola), todos adequados \u00e0 realidade da agricultura familiar, visando a racionaliza\u00e7\u00e3o de sua for\u00e7a de trabalho e o dimensionamento de suas atividades no manejo [&hellip;]<\/p>\n","protected":false},"author":530,"featured_media":0,"parent":2,"menu_order":0,"comment_status":"closed","ping_status":"closed","template":"","meta":{"jetpack_post_was_ever_published":false,"footnotes":""},"class_list":["post-556","page","type-page","status-publish","hentry"],"jetpack_shortlink":"https:\/\/wp.me\/P7gUJD-8Y","jetpack-related-posts":[],"jetpack_sharing_enabled":true,"_links":{"self":[{"href":"https:\/\/wp.ufpel.edu.br\/spaf\/wp-json\/wp\/v2\/pages\/556","targetHints":{"allow":["GET"]}}],"collection":[{"href":"https:\/\/wp.ufpel.edu.br\/spaf\/wp-json\/wp\/v2\/pages"}],"about":[{"href":"https:\/\/wp.ufpel.edu.br\/spaf\/wp-json\/wp\/v2\/types\/page"}],"author":[{"embeddable":true,"href":"https:\/\/wp.ufpel.edu.br\/spaf\/wp-json\/wp\/v2\/users\/530"}],"replies":[{"embeddable":true,"href":"https:\/\/wp.ufpel.edu.br\/spaf\/wp-json\/wp\/v2\/comments?post=556"}],"version-history":[{"count":3,"href":"https:\/\/wp.ufpel.edu.br\/spaf\/wp-json\/wp\/v2\/pages\/556\/revisions"}],"predecessor-version":[{"id":791,"href":"https:\/\/wp.ufpel.edu.br\/spaf\/wp-json\/wp\/v2\/pages\/556\/revisions\/791"}],"up":[{"embeddable":true,"href":"https:\/\/wp.ufpel.edu.br\/spaf\/wp-json\/wp\/v2\/pages\/2"}],"wp:attachment":[{"href":"https:\/\/wp.ufpel.edu.br\/spaf\/wp-json\/wp\/v2\/media?parent=556"}],"curies":[{"name":"wp","href":"https:\/\/api.w.org\/{rel}","templated":true}]}}