{"id":554,"date":"2015-12-21T13:56:05","date_gmt":"2015-12-21T15:56:05","guid":{"rendered":"https:\/\/wp.ufpel.edu.br\/spaf\/?page_id=554"},"modified":"2017-06-26T15:26:00","modified_gmt":"2017-06-26T18:26:00","slug":"agricultura-e-desenvolvimento-rural-sustentavel","status":"publish","type":"page","link":"https:\/\/wp.ufpel.edu.br\/spaf\/pagina-exemplo\/agricultura-e-desenvolvimento-rural-sustentavel\/","title":{"rendered":"Agricultura e Desenvolvimento Rural Sustent\u00e1vel"},"content":{"rendered":"<p><b class=\"TITULO\">Linha de Pesquisa <\/b><br \/>\n<b class=\"prof\"><br \/>\nAgricultura e Desenvolvimento Rural Sustent\u00e1vel<\/b><\/p>\n<p><b>Descri\u00e7\u00e3o<\/b><br \/>\nEssa linha de pesquisa est\u00e1 relacionada, essencialmente, com a natureza multidimensional (social, econ\u00f4mica, ecol\u00f3gica, \u00e9tica, pol\u00edtica e cultural) da sustentabilidade da agricultura familiar e seus respectivos agroecossistemas, bem como com outros temas relacionados com as distintas formas de saber e de produ\u00e7\u00e3o de conhecimento vinculadas ao uso e conserva\u00e7\u00e3o dos recursos naturais. No \u00e2mbito dessa linha tem\u00e1tica aparecem referidos os processos que afetam \u00e0 din\u00e2mica da agricultura familiar como protagonista fundamental do desenvolvimento rural, incluindo os in\u00fameros aspectos atinentes ao impacto de pol\u00edticas sociais no campo.<\/p>\n<p><b>Linhas de atua\u00e7\u00e3o<\/b><\/p>\n<ul>\n<li>Desenvolvimento de indicadores de sustentabilidade<\/li>\n<li>Avalia\u00e7\u00e3o e monitoramento da sustentabilidade de agroecossistemas<\/li>\n<li>Din\u00e2mica da Agricultura familiar<\/li>\n<li>Desenvolvimento de metodologias de avalia\u00e7\u00e3o \u00a0multicrit\u00e9rios<\/li>\n<li>Cooperativismo<\/li>\n<li>Sociologia Rural<\/li>\n<li>Avalia\u00e7\u00e3o de Pol\u00edticas P\u00fablicas para a agricultura e o mundo rural<\/li>\n<li>Seguran\u00e7a Alimentar<\/li>\n<li>Cadeias agroalimentares<\/li>\n<li>Estrat\u00e9gias de reprodu\u00e7\u00e3o da agricultura familiar<\/li>\n<li>Campesinato e saber tradicional<\/li>\n<li>Economia ecol\u00f3gica e Desenvolvimento Rural Sustent\u00e1vel<\/li>\n<li>Quest\u00f5es de g\u00eanero do mundo rural<\/li>\n<\/ul>\n<p>&nbsp;<\/p>\n","protected":false},"excerpt":{"rendered":"<p>Linha de Pesquisa Agricultura e Desenvolvimento Rural Sustent\u00e1vel Descri\u00e7\u00e3o Essa linha de pesquisa est\u00e1 relacionada, essencialmente, com a natureza multidimensional (social, econ\u00f4mica, ecol\u00f3gica, \u00e9tica, pol\u00edtica e cultural) da sustentabilidade da agricultura familiar e seus respectivos agroecossistemas, bem como com outros temas relacionados com as distintas formas de saber e de produ\u00e7\u00e3o de conhecimento vinculadas ao [&hellip;]<\/p>\n","protected":false},"author":530,"featured_media":0,"parent":2,"menu_order":0,"comment_status":"closed","ping_status":"closed","template":"","meta":{"jetpack_post_was_ever_published":false,"footnotes":""},"class_list":["post-554","page","type-page","status-publish","hentry"],"jetpack_shortlink":"https:\/\/wp.me\/P7gUJD-8W","jetpack-related-posts":[],"jetpack_sharing_enabled":true,"_links":{"self":[{"href":"https:\/\/wp.ufpel.edu.br\/spaf\/wp-json\/wp\/v2\/pages\/554","targetHints":{"allow":["GET"]}}],"collection":[{"href":"https:\/\/wp.ufpel.edu.br\/spaf\/wp-json\/wp\/v2\/pages"}],"about":[{"href":"https:\/\/wp.ufpel.edu.br\/spaf\/wp-json\/wp\/v2\/types\/page"}],"author":[{"embeddable":true,"href":"https:\/\/wp.ufpel.edu.br\/spaf\/wp-json\/wp\/v2\/users\/530"}],"replies":[{"embeddable":true,"href":"https:\/\/wp.ufpel.edu.br\/spaf\/wp-json\/wp\/v2\/comments?post=554"}],"version-history":[{"count":4,"href":"https:\/\/wp.ufpel.edu.br\/spaf\/wp-json\/wp\/v2\/pages\/554\/revisions"}],"predecessor-version":[{"id":789,"href":"https:\/\/wp.ufpel.edu.br\/spaf\/wp-json\/wp\/v2\/pages\/554\/revisions\/789"}],"up":[{"embeddable":true,"href":"https:\/\/wp.ufpel.edu.br\/spaf\/wp-json\/wp\/v2\/pages\/2"}],"wp:attachment":[{"href":"https:\/\/wp.ufpel.edu.br\/spaf\/wp-json\/wp\/v2\/media?parent=554"}],"curies":[{"name":"wp","href":"https:\/\/api.w.org\/{rel}","templated":true}]}}