{"id":552,"date":"2015-12-21T13:55:17","date_gmt":"2015-12-21T15:55:17","guid":{"rendered":"https:\/\/wp.ufpel.edu.br\/spaf\/?page_id=552"},"modified":"2017-06-26T15:08:17","modified_gmt":"2017-06-26T18:08:17","slug":"agricultura-e-ambiente","status":"publish","type":"page","link":"https:\/\/wp.ufpel.edu.br\/spaf\/pagina-exemplo\/agricultura-e-ambiente\/","title":{"rendered":"Agricultura e Ambiente"},"content":{"rendered":"<p><b class=\"TITULO\">Linha de Pesquisa <\/b><br \/>\n<b class=\"prof\"><br \/>\nAgricultura e Ambiente<\/b><\/p>\n<p><b>Descri\u00e7\u00e3o<\/b><br \/>\nLinha de pesquisa que contempla estudos da intera\u00e7\u00e3o solo-planta-ambiente fundamentados nas ci\u00eancias f\u00edsicas e agr\u00e1rias, relacionando o crescimento, desenvolvimento, manejo e produ\u00e7\u00e3o de plantas com os fatores ambientais, incluindo a resposta do crescimento das culturas ao tempo, clima e a qualidade de solos e substratos, o uso de \u00e1gua pelos cultivos agr\u00edcolas, o uso de energia radiante pelas plantas, a previs\u00e3o de safras, o desenvolvimento de sistemas de produ\u00e7\u00e3o agr\u00edcola familiar, em manejo convencional, tradicional, conservacionista e de base ecol\u00f3gica, com \u00eanfase ao cultivo de hortali\u00e7as, flores e plantas ornamentais, plantas medicinais, forrageiras, gr\u00e3os e esp\u00e9cies florestais adaptadas \u00e0s condi\u00e7\u00f5es edafo-clim\u00e1ticas da regi\u00e3o.<\/p>\n<p><b>Linhas de atua\u00e7\u00e3o<\/b><\/p>\n<ul>\n<li>Agrometeorologia e Bioclimatologia vegetal<\/li>\n<li>Agroenerg\u00e9tica<\/li>\n<li>Balan\u00e7o de energia em sistemas agr\u00edcolas<\/li>\n<li>Manejo de cultivos<\/li>\n<li>Substratos para produ\u00e7\u00e3o de plantas hortali\u00e7as<\/li>\n<li>Intera\u00e7\u00e3o plantas x ambiente<\/li>\n<li>Cultivos sem solo<\/li>\n<li>Rela\u00e7\u00f5es \u00e1gua x planta x solo x atmosfera x animal<\/li>\n<li>Manejo da irriga\u00e7\u00e3o<\/li>\n<li>Indicadores e avalia\u00e7\u00e3o da qualidade do solo<\/li>\n<li>Res\u00edduos e insumos org\u00e2nicos<\/li>\n<li>Ecofisiologia da produ\u00e7\u00e3o vegetal<\/li>\n<li>Manejo do sistema solo-\u00e1gua-planta em sistemas de produ\u00e7\u00e3o de base ecol\u00f3gica<\/li>\n<\/ul>\n<p><b>Link<\/b><br \/>\n<a href=\"https:\/\/wp.ufpel.edu.br\/agrometeorologia\/\">agrometeorologia<\/a><\/p>\n<p>&nbsp;<\/p>\n","protected":false},"excerpt":{"rendered":"<p>Linha de Pesquisa Agricultura e Ambiente Descri\u00e7\u00e3o Linha de pesquisa que contempla estudos da intera\u00e7\u00e3o solo-planta-ambiente fundamentados nas ci\u00eancias f\u00edsicas e agr\u00e1rias, relacionando o crescimento, desenvolvimento, manejo e produ\u00e7\u00e3o de plantas com os fatores ambientais, incluindo a resposta do crescimento das culturas ao tempo, clima e a qualidade de solos e substratos, o uso de [&hellip;]<\/p>\n","protected":false},"author":530,"featured_media":0,"parent":2,"menu_order":0,"comment_status":"closed","ping_status":"closed","template":"","meta":{"jetpack_post_was_ever_published":false,"footnotes":""},"class_list":["post-552","page","type-page","status-publish","hentry"],"jetpack_shortlink":"https:\/\/wp.me\/P7gUJD-8U","jetpack-related-posts":[],"jetpack_sharing_enabled":true,"_links":{"self":[{"href":"https:\/\/wp.ufpel.edu.br\/spaf\/wp-json\/wp\/v2\/pages\/552","targetHints":{"allow":["GET"]}}],"collection":[{"href":"https:\/\/wp.ufpel.edu.br\/spaf\/wp-json\/wp\/v2\/pages"}],"about":[{"href":"https:\/\/wp.ufpel.edu.br\/spaf\/wp-json\/wp\/v2\/types\/page"}],"author":[{"embeddable":true,"href":"https:\/\/wp.ufpel.edu.br\/spaf\/wp-json\/wp\/v2\/users\/530"}],"replies":[{"embeddable":true,"href":"https:\/\/wp.ufpel.edu.br\/spaf\/wp-json\/wp\/v2\/comments?post=552"}],"version-history":[{"count":4,"href":"https:\/\/wp.ufpel.edu.br\/spaf\/wp-json\/wp\/v2\/pages\/552\/revisions"}],"predecessor-version":[{"id":785,"href":"https:\/\/wp.ufpel.edu.br\/spaf\/wp-json\/wp\/v2\/pages\/552\/revisions\/785"}],"up":[{"embeddable":true,"href":"https:\/\/wp.ufpel.edu.br\/spaf\/wp-json\/wp\/v2\/pages\/2"}],"wp:attachment":[{"href":"https:\/\/wp.ufpel.edu.br\/spaf\/wp-json\/wp\/v2\/media?parent=552"}],"curies":[{"name":"wp","href":"https:\/\/api.w.org\/{rel}","templated":true}]}}