{"id":540,"date":"2015-12-21T11:37:09","date_gmt":"2015-12-21T13:37:09","guid":{"rendered":"https:\/\/wp.ufpel.edu.br\/spaf\/?page_id=540"},"modified":"2021-12-02T09:39:03","modified_gmt":"2021-12-02T12:39:03","slug":"estatistica-experimental","status":"publish","type":"page","link":"https:\/\/wp.ufpel.edu.br\/spaf\/estatistica-experimental\/","title":{"rendered":"Estat\u00edstica Experimental"},"content":{"rendered":"<table border=\"0\" width=\"100%\">\n<tbody>\n<tr>\n<td bgcolor=\"#F9F9F9\"><b class=\"prof\">Estat\u00edstica Experimental<\/b><\/td>\n<\/tr>\n<\/tbody>\n<\/table>\n<p>c\u00f3digo: 108011\u00a0| carga hor\u00e1ria: 4-2-0 | I e II semestre<\/p>\n<p>Regente: <a href=\"http:\/\/1104876045110330\">Gustavo Sessa Fialho<\/a><\/p>\n<p><span style=\"font-family: 'book antiqua', palatino, serif;font-size: 12pt\">Colaborador:<\/span><\/p>\n<div class=\"docente\"><span style=\"font-family: 'book antiqua', palatino, serif;font-size: 12pt\">Ementa:<\/span><br \/>\n<span style=\"font-family: 'book antiqua', palatino, serif;font-size: 12pt\"> Base conceitual e metodol\u00f3gica da pesquisa experimental; planejamento de experimentos; planejamento de experimentos com delineamentos simples e com parcelas divididas; an\u00e1lise de experimentos: an\u00e1lise da varia\u00e7\u00e3o; procedimentos para discrimina\u00e7\u00e3o da varia\u00e7\u00e3o atribu\u00edvel a fatores experimentais; an\u00e1lise de regress\u00e3o linear; an\u00e1lise de covaria\u00e7\u00e3o; an\u00e1lise de experimentos de ampla abrang\u00eancia.<\/span><\/div>\n","protected":false},"excerpt":{"rendered":"<p>Estat\u00edstica Experimental c\u00f3digo: 108011\u00a0| carga hor\u00e1ria: 4-2-0 | I e II semestre Regente: Gustavo Sessa Fialho Colaborador: Ementa: Base conceitual e metodol\u00f3gica da pesquisa experimental; planejamento de experimentos; planejamento de experimentos com delineamentos simples e com parcelas divididas; an\u00e1lise de experimentos: an\u00e1lise da varia\u00e7\u00e3o; procedimentos para discrimina\u00e7\u00e3o da varia\u00e7\u00e3o atribu\u00edvel a fatores experimentais; an\u00e1lise de [&hellip;]<\/p>\n","protected":false},"author":530,"featured_media":0,"parent":0,"menu_order":0,"comment_status":"closed","ping_status":"closed","template":"","meta":{"jetpack_post_was_ever_published":false,"footnotes":""},"class_list":["post-540","page","type-page","status-publish","hentry"],"jetpack_shortlink":"https:\/\/wp.me\/P7gUJD-8I","jetpack-related-posts":[],"jetpack_sharing_enabled":true,"_links":{"self":[{"href":"https:\/\/wp.ufpel.edu.br\/spaf\/wp-json\/wp\/v2\/pages\/540","targetHints":{"allow":["GET"]}}],"collection":[{"href":"https:\/\/wp.ufpel.edu.br\/spaf\/wp-json\/wp\/v2\/pages"}],"about":[{"href":"https:\/\/wp.ufpel.edu.br\/spaf\/wp-json\/wp\/v2\/types\/page"}],"author":[{"embeddable":true,"href":"https:\/\/wp.ufpel.edu.br\/spaf\/wp-json\/wp\/v2\/users\/530"}],"replies":[{"embeddable":true,"href":"https:\/\/wp.ufpel.edu.br\/spaf\/wp-json\/wp\/v2\/comments?post=540"}],"version-history":[{"count":5,"href":"https:\/\/wp.ufpel.edu.br\/spaf\/wp-json\/wp\/v2\/pages\/540\/revisions"}],"predecessor-version":[{"id":3025,"href":"https:\/\/wp.ufpel.edu.br\/spaf\/wp-json\/wp\/v2\/pages\/540\/revisions\/3025"}],"wp:attachment":[{"href":"https:\/\/wp.ufpel.edu.br\/spaf\/wp-json\/wp\/v2\/media?parent=540"}],"curies":[{"name":"wp","href":"https:\/\/api.w.org\/{rel}","templated":true}]}}