{"id":491,"date":"2015-12-18T14:17:47","date_gmt":"2015-12-18T16:17:47","guid":{"rendered":"https:\/\/wp.ufpel.edu.br\/spaf\/?page_id=491"},"modified":"2018-05-08T14:14:57","modified_gmt":"2018-05-08T17:14:57","slug":"sistemas-de-producao-de-forrageiras","status":"publish","type":"page","link":"https:\/\/wp.ufpel.edu.br\/spaf\/disciplinas\/sistemas-de-producao-de-forrageiras\/","title":{"rendered":"Sistemas de Produ\u00e7\u00e3o de Forrageiras"},"content":{"rendered":"<table border=\"0\" width=\"100%\">\n<tbody>\n<tr>\n<td bgcolor=\"#F9F9F9\"><span style=\"font-family: 'book antiqua', palatino, serif;font-size: 12pt\"><b class=\"prof\">Sistemas de Produ\u00e7\u00e3o de Forrageiras<\/b><\/span><\/td>\n<\/tr>\n<\/tbody>\n<\/table>\n<p><span style=\"font-family: 'book antiqua', palatino, serif;font-size: 12pt\">c\u00f3digo:<\/span> 218113 | carga hor\u00e1ria: 4-0-0 | I semestre<\/p>\n<p>Regente: <a class=\"link\" href=\"https:\/\/wp.ufpel.edu.br\/spaf\/docentes\/carlos-eduardo-da-silva-pedroso\/\">Carlos Eduardo da Silva Pedroso<\/a><\/p>\n<p>Colaborador:\u00a0<a href=\"https:\/\/wp.ufpel.edu.br\/spaf\/docentes\/carlos-henrique-silveira-rabelo\/\">Carlos Henrique Silveira Rabelo<\/a><\/p>\n<div class=\"docente\"><span style=\"font-family: 'book antiqua', palatino, serif;font-size: 12pt\">Ementa:<\/span><br \/>\n<span style=\"font-family: 'book antiqua', palatino, serif;font-size: 12pt\"> Conceito e caracteriza\u00e7\u00e3o de sistemas. Sistemas agr\u00edcolas, pecu\u00e1rios e suas integra\u00e7\u00f5es. As plantas forrageiras como produto final e na manuten\u00e7\u00e3o da sustentabilidade dos agroecossistemas. Discuss\u00e3o de modelos nacionais e de experi\u00eancias estrangeiras em integra\u00e7\u00e3o de sistemas forrageiro-agr\u00edcolas. Atualiza\u00e7\u00e3o sobre rela\u00e7\u00f5es de clima e solo na produ\u00e7\u00e3o de plantas forrageiras; biologia e fundamentos b\u00e1sicos de manejo de plantas forrageiras; sistemas de utiliza\u00e7\u00e3o, conserva\u00e7\u00e3o e produ\u00e7\u00e3o de sementes.<\/span><\/div>\n<p>&nbsp;<\/p>\n","protected":false},"excerpt":{"rendered":"<p>Sistemas de Produ\u00e7\u00e3o de Forrageiras c\u00f3digo: 218113 | carga hor\u00e1ria: 4-0-0 | I semestre Regente: Carlos Eduardo da Silva Pedroso Colaborador:\u00a0Carlos Henrique Silveira Rabelo Ementa: Conceito e caracteriza\u00e7\u00e3o de sistemas. Sistemas agr\u00edcolas, pecu\u00e1rios e suas integra\u00e7\u00f5es. As plantas forrageiras como produto final e na manuten\u00e7\u00e3o da sustentabilidade dos agroecossistemas. Discuss\u00e3o de modelos nacionais e de [&hellip;]<\/p>\n","protected":false},"author":530,"featured_media":0,"parent":16,"menu_order":0,"comment_status":"closed","ping_status":"closed","template":"","meta":{"jetpack_post_was_ever_published":false,"footnotes":""},"class_list":["post-491","page","type-page","status-publish","hentry"],"jetpack_shortlink":"https:\/\/wp.me\/P7gUJD-7V","jetpack-related-posts":[],"jetpack_sharing_enabled":true,"_links":{"self":[{"href":"https:\/\/wp.ufpel.edu.br\/spaf\/wp-json\/wp\/v2\/pages\/491","targetHints":{"allow":["GET"]}}],"collection":[{"href":"https:\/\/wp.ufpel.edu.br\/spaf\/wp-json\/wp\/v2\/pages"}],"about":[{"href":"https:\/\/wp.ufpel.edu.br\/spaf\/wp-json\/wp\/v2\/types\/page"}],"author":[{"embeddable":true,"href":"https:\/\/wp.ufpel.edu.br\/spaf\/wp-json\/wp\/v2\/users\/530"}],"replies":[{"embeddable":true,"href":"https:\/\/wp.ufpel.edu.br\/spaf\/wp-json\/wp\/v2\/comments?post=491"}],"version-history":[{"count":3,"href":"https:\/\/wp.ufpel.edu.br\/spaf\/wp-json\/wp\/v2\/pages\/491\/revisions"}],"predecessor-version":[{"id":1217,"href":"https:\/\/wp.ufpel.edu.br\/spaf\/wp-json\/wp\/v2\/pages\/491\/revisions\/1217"}],"up":[{"embeddable":true,"href":"https:\/\/wp.ufpel.edu.br\/spaf\/wp-json\/wp\/v2\/pages\/16"}],"wp:attachment":[{"href":"https:\/\/wp.ufpel.edu.br\/spaf\/wp-json\/wp\/v2\/media?parent=491"}],"curies":[{"name":"wp","href":"https:\/\/api.w.org\/{rel}","templated":true}]}}