{"id":489,"date":"2015-12-18T13:54:32","date_gmt":"2015-12-18T15:54:32","guid":{"rendered":"https:\/\/wp.ufpel.edu.br\/spaf\/?page_id=489"},"modified":"2015-12-21T11:24:40","modified_gmt":"2015-12-21T13:24:40","slug":"sistemas-de-producao-de-base-ecologica","status":"publish","type":"page","link":"https:\/\/wp.ufpel.edu.br\/spaf\/disciplinas\/sistemas-de-producao-de-base-ecologica\/","title":{"rendered":"Sistemas de Produ\u00e7\u00e3o de Base Ecol\u00f3gica"},"content":{"rendered":"<table border=\"0\" width=\"100%\">\n<tbody>\n<tr>\n<td bgcolor=\"#F9F9F9\"><span style=\"font-family: 'book antiqua', palatino, serif;font-size: 12pt\"><b class=\"prof\">Sistemas de Produ\u00e7\u00e3o de Base Ecol\u00f3gica<\/b><\/span><\/td>\n<\/tr>\n<\/tbody>\n<\/table>\n<p><span style=\"font-family: 'book antiqua', palatino, serif;font-size: 12pt\">c\u00f3digo: 238063 | carga hor\u00e1ria: 4-0-0 | II semestre<\/span><\/p>\n<p><span style=\"font-family: 'book antiqua', palatino, serif;font-size: 12pt\">Regente: <a class=\"link\" href=\"https:\/\/wp.ufpel.edu.br\/spaf\/docentes\/helvio-debli-casalinho\/\">Helvio Debli Casalinho<\/a><\/span><\/p>\n<p><span style=\"font-family: 'book antiqua', palatino, serif;font-size: 12pt\">Colaborador: <\/span><br \/>\n<span style=\"font-family: 'book antiqua', palatino, serif;font-size: 12pt\">\u00a0\u00a0\u00a0\u00a0\u00a0\u00a0\u00a0\u00a0\u00a0\u00a0\u00a0\u00a0\u00a0\u00a0\u00a0\u00a0\u00a0\u00a0\u00a0 <\/span><\/p>\n<div class=\"docente\"><span style=\"font-family: 'book antiqua', palatino, serif;font-size: 12pt\">Ementa: <\/span><br \/>\n<span style=\"font-family: 'book antiqua', palatino, serif;font-size: 12pt\">A evolu\u00e7\u00e3o do pensamento agroecol\u00f3gico; O agroecossistema como unidade de an\u00e1lise; Agroecossistemas de base ecol\u00f3gica; Atributos sist\u00eamicos de agroecossistemas sustent\u00e1veis; O processo de convers\u00e3o agroecol\u00f3gica; Processos ecol\u00f3gicos b\u00e1sicos no desenvolvimento de sistemas de produ\u00e7\u00e3o de base ecol\u00f3gica; Estilos de Agricultura Sustent\u00e1vel; Crit\u00e9rios Diagn\u00f3sticos e Indicadores de Sustentabilidade; An\u00e1lise da Sustentabilidade de agroecossistemas; O manejo do solo em sistemas de produ\u00e7\u00e3o de base ecol\u00f3gica; Aspectos b\u00e1sicos da economia ecol\u00f3gica; mercado e comercializa\u00e7\u00e3o de produtos oriundos de sistemas de produ\u00e7\u00e3o de base ecol\u00f3gica.<\/span><\/div>\n<p>&nbsp;<\/p>\n","protected":false},"excerpt":{"rendered":"<p>Sistemas de Produ\u00e7\u00e3o de Base Ecol\u00f3gica c\u00f3digo: 238063 | carga hor\u00e1ria: 4-0-0 | II semestre Regente: Helvio Debli Casalinho Colaborador: \u00a0\u00a0\u00a0\u00a0\u00a0\u00a0\u00a0\u00a0\u00a0\u00a0\u00a0\u00a0\u00a0\u00a0\u00a0\u00a0\u00a0\u00a0\u00a0 Ementa: A evolu\u00e7\u00e3o do pensamento agroecol\u00f3gico; O agroecossistema como unidade de an\u00e1lise; Agroecossistemas de base ecol\u00f3gica; Atributos sist\u00eamicos de agroecossistemas sustent\u00e1veis; O processo de convers\u00e3o agroecol\u00f3gica; Processos ecol\u00f3gicos b\u00e1sicos no desenvolvimento de sistemas de [&hellip;]<\/p>\n","protected":false},"author":530,"featured_media":0,"parent":16,"menu_order":0,"comment_status":"closed","ping_status":"closed","template":"","meta":{"jetpack_post_was_ever_published":false,"footnotes":""},"class_list":["post-489","page","type-page","status-publish","hentry"],"jetpack_shortlink":"https:\/\/wp.me\/P7gUJD-7T","jetpack-related-posts":[],"jetpack_sharing_enabled":true,"_links":{"self":[{"href":"https:\/\/wp.ufpel.edu.br\/spaf\/wp-json\/wp\/v2\/pages\/489","targetHints":{"allow":["GET"]}}],"collection":[{"href":"https:\/\/wp.ufpel.edu.br\/spaf\/wp-json\/wp\/v2\/pages"}],"about":[{"href":"https:\/\/wp.ufpel.edu.br\/spaf\/wp-json\/wp\/v2\/types\/page"}],"author":[{"embeddable":true,"href":"https:\/\/wp.ufpel.edu.br\/spaf\/wp-json\/wp\/v2\/users\/530"}],"replies":[{"embeddable":true,"href":"https:\/\/wp.ufpel.edu.br\/spaf\/wp-json\/wp\/v2\/comments?post=489"}],"version-history":[{"count":2,"href":"https:\/\/wp.ufpel.edu.br\/spaf\/wp-json\/wp\/v2\/pages\/489\/revisions"}],"predecessor-version":[{"id":535,"href":"https:\/\/wp.ufpel.edu.br\/spaf\/wp-json\/wp\/v2\/pages\/489\/revisions\/535"}],"up":[{"embeddable":true,"href":"https:\/\/wp.ufpel.edu.br\/spaf\/wp-json\/wp\/v2\/pages\/16"}],"wp:attachment":[{"href":"https:\/\/wp.ufpel.edu.br\/spaf\/wp-json\/wp\/v2\/media?parent=489"}],"curies":[{"name":"wp","href":"https:\/\/api.w.org\/{rel}","templated":true}]}}