{"id":484,"date":"2015-12-18T13:49:29","date_gmt":"2015-12-18T15:49:29","guid":{"rendered":"https:\/\/wp.ufpel.edu.br\/spaf\/?page_id=484"},"modified":"2019-07-07T20:56:29","modified_gmt":"2019-07-07T23:56:29","slug":"ecologia-agricola","status":"publish","type":"page","link":"https:\/\/wp.ufpel.edu.br\/spaf\/disciplinas\/ecologia-agricola\/","title":{"rendered":"Ecologia Agr\u00edcola"},"content":{"rendered":"<table border=\"0\" width=\"100%\">\n<tbody>\n<tr>\n<td bgcolor=\"#F9F9F9\"><span style=\"font-family: 'book antiqua', palatino, serif;font-size: 12pt\"><b class=\"prof\">Ecologia Agr\u00edcola<\/b><\/span><\/td>\n<\/tr>\n<\/tbody>\n<\/table>\n<p><span style=\"font-family: 'book antiqua', palatino, serif;font-size: 12pt\">c\u00f3digo: D001031 | carga hor\u00e1ria: 4-0-0 | II semestre<\/span><\/p>\n<p><span style=\"font-family: 'book antiqua', palatino, serif;font-size: 12pt\">Regente:\u00a0<a href=\"http:\/\/lattes.cnpq.br\/5712333917329135\">Roberto Trentin<\/a><\/span><\/p>\n<p><span style=\"font-family: 'book antiqua', palatino, serif;font-size: 12pt\">Colaborador: <a href=\"https:\/\/wp.ufpel.edu.br\/spaf\/docentes\/edgar-ricardo-schoffel\/\">Edgar Ricardo Sch\u00f6ffel<\/a><\/span><\/p>\n<p>&nbsp;<\/p>\n<p><span style=\"font-family: 'book antiqua', palatino, serif;font-size: 12pt\">Ementa:<\/span><br \/>\nConceitos e fundamentos b\u00e1sicos de ecologia. Ecologia aplicada \u00e0s esp\u00e9cies vegetais. Fatores ecol\u00f3gicos que afetam o crescimento e desenvolvimento dos vegetais e a produtividade das culturas agr\u00edcolas. Avalia\u00e7\u00e3o do crescimento e desenvolvimento das plantas cultivadas.\u00a0 Zoneamento agr\u00edcola e sua utiliza\u00e7\u00e3o no planejamento das atividades agr\u00edcolas.<\/p>\n<p>&nbsp;<\/p>\n<p><strong><u>PROGRAMA<\/u><\/strong><\/p>\n<p>&nbsp;<\/p>\n<p><strong>Unidade 1.<\/strong>\u00a0 Conceitos e fundamentos b\u00e1sicos de ecologia<\/p>\n<p>1.1. Conceitos e objetivos;<\/p>\n<p>1.2. Componentes do sistema terrestre;<\/p>\n<p>1.3. Ciclos biogeoqu\u00edmicos globais;<\/p>\n<p>&nbsp;<\/p>\n<p><strong>Unidade 2.<\/strong>\u00a0 Ecologia aplicada \u00e0s esp\u00e9cies vegetais.<\/p>\n<p>2.1. Popula\u00e7\u00f5es e comunidades;<\/p>\n<p>2.2. Ecossistemas;<\/p>\n<p>2.3. Din\u00e2mica das popula\u00e7\u00f5es vegetais;<\/p>\n<p>2.4. Distribui\u00e7\u00e3o geogr\u00e1fica das esp\u00e9cies vegetais.<\/p>\n<p>&nbsp;<\/p>\n<p><strong>Unidade 3.<\/strong> Fatores ecol\u00f3gicos que afetam o crescimento\/desenvolvimento dos vegetais.<\/p>\n<p>3.1. Radia\u00e7\u00e3o solar;<\/p>\n<p>3.2. Balan\u00e7o de radia\u00e7\u00e3o em comunidades vegetais;<\/p>\n<p>3.3. Fotoperiodismo;<\/p>\n<p>3.4. Temperatura do ar;<\/p>\n<p>3.5. \u00c1gua no sistema solo-planta-atmosfera<\/p>\n<p>3.5.1. Quantifica\u00e7\u00e3o da \u00e1gua nas plantas;<\/p>\n<p>3.5.2. Fluxo de \u00e1gua na planta e no ambiente de cultivo;<\/p>\n<p>3.6. Densidade de semeadura, espa\u00e7amento e arranjo de plantas.<\/p>\n<p><strong>Unidade 4.<\/strong> Avalia\u00e7\u00e3o do crescimento e desenvolvimento das plantas cultivadas.<\/p>\n<p>4.1. Crescimento vegetal;<\/p>\n<p>4.1.1. Fenometria &#8211; Par\u00e2metros e t\u00e9cnicas de quantifica\u00e7\u00e3o;<\/p>\n<p>4.2. Desenvolvimento vegetal;<\/p>\n<p>4.2.2. Fenologia dos principais cultivos.<\/p>\n<p>&nbsp;<\/p>\n<p><strong>Unidade 5<\/strong>. Zoneamento agr\u00edcola e sua utiliza\u00e7\u00e3o no planejamento das atividades.<\/p>\n<p>5.1. Import\u00e2ncia do planejamento das atividades agropecu\u00e1rias;<\/p>\n<p>5.2. Caracteriza\u00e7\u00e3o e determina\u00e7\u00e3o dos \u00edndices bioclim\u00e1ticos para diferentes culturas;<\/p>\n<p>5.3. Zoneamento agr\u00edcola de culturas de import\u00e2ncia econ\u00f4mica e social no Brasil.<\/p>\n<p>&nbsp;<\/p>\n<p><strong><u>Bibliografia<\/u><\/strong>:<\/p>\n<p>ANGELOCCI, L.R. \u00c1gua na planta e trocas gasosas\/energ\u00e9ticas com a atmosfera. Piracicaba: Ed. do Autor\/ESALQ, 2002, 272p.<\/p>\n<p>BONAN, G. Ecological Climatology: Concepts and aplications. Cambridge University Press. 2008. 550 p<\/p>\n<p>DE FINA, A L.;\u00a0 RAVELO, A C. Climatologia y fenologia agr\u00edcolas. Buenos Aires: EUDEBA, 1973. 281p.<\/p>\n<p>GATES, D.M. Biophysical Ecology.New York. Springer-Verlang. 2003. 611 p.<\/p>\n<p>LARCHER, W. Ecofisiologia Vegetal. S\u00e3o Carlos: RiMa. 2004. 531p.<\/p>\n<p>MONTEIRO, J.E.B.A. Agrometeorologia dos cultivos: o fator meteorol\u00f3gico produ\u00e7\u00e3o agr\u00edcola. Bras\u00edlia: INMET, 2009, 530p.<\/p>\n<p>MONTEITH, J.L.; UNSWORTH, M.H. Principles of environmental physics. 2th Ed. London: Edward Arnold, 1990. 261p.<\/p>\n<p>OMETTO, J.C. Bioclimatologia Vegetal. S\u00e3o Paulo: Editora Agron\u00f4mica Ceres ltda,<\/p>\n<p>PASCALE, A. J.; DAMARIO, E. A. Bioclimatolog\u00eda agr\u00edcola y agroclimatologia. Buenos Aires, Editora da Facultad de Agronomia, 2004, 550p.<\/p>\n<p>PEREIRA, A.R.; ANGELOCCI, L.R.; SENTELHAS, P.C. Agrometeorologia: fundamentos e aplica\u00e7\u00f5es pr\u00e1ticas. Gua\u00edba: Agropecu\u00e1ria, 2002. 478 p.<\/p>\n<p>ROSENBERG, N.J. Microclimate: The Biological Environment. N. York: J. Wiley &amp; Sons, 1974. 315p.<\/p>\n<p>TAIZ, L., ZEIGER, E. Fisiologia Vegetal. Porto Alegre: Artmed. 2008. 4\u00b0 ed. 820p.<\/p>\n<p>&nbsp;<\/p>\n<p>*Complementa\u00e7\u00e3o bibliogr\u00e1fica com artigos cient\u00edficos publicados em peri\u00f3dicos como: Agricultural and Forest Meteorology, Field Crops Research, Revista Brasileira de Agrometeorologia, Revista Brasileira de Engenharia Agr\u00edcola e Ambiental, Water Resources Research.<\/p>\n","protected":false},"excerpt":{"rendered":"<p>Ecologia Agr\u00edcola c\u00f3digo: D001031 | carga hor\u00e1ria: 4-0-0 | II semestre Regente:\u00a0Roberto Trentin Colaborador: Edgar Ricardo Sch\u00f6ffel &nbsp; Ementa: Conceitos e fundamentos b\u00e1sicos de ecologia. Ecologia aplicada \u00e0s esp\u00e9cies vegetais. Fatores ecol\u00f3gicos que afetam o crescimento e desenvolvimento dos vegetais e a produtividade das culturas agr\u00edcolas. Avalia\u00e7\u00e3o do crescimento e desenvolvimento das plantas cultivadas.\u00a0 Zoneamento [&hellip;]<\/p>\n","protected":false},"author":530,"featured_media":0,"parent":16,"menu_order":0,"comment_status":"closed","ping_status":"closed","template":"","meta":{"jetpack_post_was_ever_published":false,"footnotes":""},"class_list":["post-484","page","type-page","status-publish","hentry"],"jetpack_shortlink":"https:\/\/wp.me\/P7gUJD-7O","jetpack-related-posts":[],"jetpack_sharing_enabled":true,"_links":{"self":[{"href":"https:\/\/wp.ufpel.edu.br\/spaf\/wp-json\/wp\/v2\/pages\/484","targetHints":{"allow":["GET"]}}],"collection":[{"href":"https:\/\/wp.ufpel.edu.br\/spaf\/wp-json\/wp\/v2\/pages"}],"about":[{"href":"https:\/\/wp.ufpel.edu.br\/spaf\/wp-json\/wp\/v2\/types\/page"}],"author":[{"embeddable":true,"href":"https:\/\/wp.ufpel.edu.br\/spaf\/wp-json\/wp\/v2\/users\/530"}],"replies":[{"embeddable":true,"href":"https:\/\/wp.ufpel.edu.br\/spaf\/wp-json\/wp\/v2\/comments?post=484"}],"version-history":[{"count":6,"href":"https:\/\/wp.ufpel.edu.br\/spaf\/wp-json\/wp\/v2\/pages\/484\/revisions"}],"predecessor-version":[{"id":1624,"href":"https:\/\/wp.ufpel.edu.br\/spaf\/wp-json\/wp\/v2\/pages\/484\/revisions\/1624"}],"up":[{"embeddable":true,"href":"https:\/\/wp.ufpel.edu.br\/spaf\/wp-json\/wp\/v2\/pages\/16"}],"wp:attachment":[{"href":"https:\/\/wp.ufpel.edu.br\/spaf\/wp-json\/wp\/v2\/media?parent=484"}],"curies":[{"name":"wp","href":"https:\/\/api.w.org\/{rel}","templated":true}]}}