{"id":482,"date":"2015-12-18T13:46:21","date_gmt":"2015-12-18T15:46:21","guid":{"rendered":"https:\/\/wp.ufpel.edu.br\/spaf\/?page_id=482"},"modified":"2015-12-18T13:46:21","modified_gmt":"2015-12-18T15:46:21","slug":"sinais-distintivos-de-mercado-no-ambito-da-agricultura-familiar","status":"publish","type":"page","link":"https:\/\/wp.ufpel.edu.br\/spaf\/disciplinas\/sinais-distintivos-de-mercado-no-ambito-da-agricultura-familiar\/","title":{"rendered":"Sinais Distintivos de Mercado no \u00e2mbito da Agricultura Familiar"},"content":{"rendered":"<table border=\"0\" width=\"100%\">\n<tbody>\n<tr>\n<td bgcolor=\"#F9F9F9\"><span style=\"font-family: 'book antiqua', palatino, serif;font-size: 12pt\"><b class=\"prof\">Sinais Distintivos de Mercado no \u00e2mbito da Agricultura Familiar<\/b><\/span><\/td>\n<\/tr>\n<\/tbody>\n<\/table>\n<p><span style=\"font-family: 'book antiqua', palatino, serif;font-size: 12pt\">c\u00f3digo: 188068 | carga hor\u00e1ria: 4-0-0 | II semestre<\/span><\/p>\n<p><span style=\"font-family: 'book antiqua', palatino, serif;font-size: 12pt\">Regente: <a class=\"link\" href=\"https:\/\/wp.ufpel.edu.br\/spaf\/docentes\/nadia-velleda-caldas\/\">N\u00e1dia Velleda Caldas<\/a><\/span><\/p>\n<p><span style=\"font-family: 'book antiqua', palatino, serif;font-size: 12pt\">Colaborador: <\/span><br \/>\n<span style=\"font-family: 'book antiqua', palatino, serif;font-size: 12pt\">\u00a0\u00a0\u00a0\u00a0\u00a0\u00a0\u00a0\u00a0\u00a0\u00a0\u00a0\u00a0\u00a0\u00a0\u00a0\u00a0\u00a0\u00a0\u00a0 <\/span><\/p>\n<div class=\"docente\"><span style=\"font-family: 'book antiqua', palatino, serif;font-size: 12pt\">Ementa: <\/span><br \/>\n<span style=\"font-family: 'book antiqua', palatino, serif;font-size: 12pt\">Agricultura familiar. Indica\u00e7\u00f5es Geogr\u00e1ficas. Indica\u00e7\u00f5es de Proced\u00eancia. Denomina\u00e7\u00f5es de Origem. Certifica\u00e7\u00e3o de Org\u00e2nicos. Processos de Certifica\u00e7\u00e3o. Canais curtos de comercializa\u00e7\u00e3o. Mercados Alternativos. Venda direta. Consumo Social. Mercados Institucionais. Produ\u00e7\u00e3o Org\u00e2nica. Pol\u00edticas P\u00fablicas para a diferencia\u00e7\u00e3o de produtos da agricultura familiar. Sociologia Econ\u00f4mica.<\/span><\/div>\n<p>&nbsp;<\/p>\n","protected":false},"excerpt":{"rendered":"<p>Sinais Distintivos de Mercado no \u00e2mbito da Agricultura Familiar c\u00f3digo: 188068 | carga hor\u00e1ria: 4-0-0 | II semestre Regente: N\u00e1dia Velleda Caldas Colaborador: \u00a0\u00a0\u00a0\u00a0\u00a0\u00a0\u00a0\u00a0\u00a0\u00a0\u00a0\u00a0\u00a0\u00a0\u00a0\u00a0\u00a0\u00a0\u00a0 Ementa: Agricultura familiar. Indica\u00e7\u00f5es Geogr\u00e1ficas. Indica\u00e7\u00f5es de Proced\u00eancia. Denomina\u00e7\u00f5es de Origem. Certifica\u00e7\u00e3o de Org\u00e2nicos. Processos de Certifica\u00e7\u00e3o. Canais curtos de comercializa\u00e7\u00e3o. Mercados Alternativos. Venda direta. Consumo Social. Mercados Institucionais. Produ\u00e7\u00e3o Org\u00e2nica. [&hellip;]<\/p>\n","protected":false},"author":530,"featured_media":0,"parent":16,"menu_order":0,"comment_status":"closed","ping_status":"closed","template":"","meta":{"jetpack_post_was_ever_published":false,"footnotes":""},"class_list":["post-482","page","type-page","status-publish","hentry"],"jetpack_shortlink":"https:\/\/wp.me\/P7gUJD-7M","jetpack-related-posts":[],"jetpack_sharing_enabled":true,"_links":{"self":[{"href":"https:\/\/wp.ufpel.edu.br\/spaf\/wp-json\/wp\/v2\/pages\/482","targetHints":{"allow":["GET"]}}],"collection":[{"href":"https:\/\/wp.ufpel.edu.br\/spaf\/wp-json\/wp\/v2\/pages"}],"about":[{"href":"https:\/\/wp.ufpel.edu.br\/spaf\/wp-json\/wp\/v2\/types\/page"}],"author":[{"embeddable":true,"href":"https:\/\/wp.ufpel.edu.br\/spaf\/wp-json\/wp\/v2\/users\/530"}],"replies":[{"embeddable":true,"href":"https:\/\/wp.ufpel.edu.br\/spaf\/wp-json\/wp\/v2\/comments?post=482"}],"version-history":[{"count":1,"href":"https:\/\/wp.ufpel.edu.br\/spaf\/wp-json\/wp\/v2\/pages\/482\/revisions"}],"predecessor-version":[{"id":483,"href":"https:\/\/wp.ufpel.edu.br\/spaf\/wp-json\/wp\/v2\/pages\/482\/revisions\/483"}],"up":[{"embeddable":true,"href":"https:\/\/wp.ufpel.edu.br\/spaf\/wp-json\/wp\/v2\/pages\/16"}],"wp:attachment":[{"href":"https:\/\/wp.ufpel.edu.br\/spaf\/wp-json\/wp\/v2\/media?parent=482"}],"curies":[{"name":"wp","href":"https:\/\/api.w.org\/{rel}","templated":true}]}}