{"id":479,"date":"2015-12-18T13:40:28","date_gmt":"2015-12-18T15:40:28","guid":{"rendered":"https:\/\/wp.ufpel.edu.br\/spaf\/?page_id=479"},"modified":"2015-12-21T11:21:28","modified_gmt":"2015-12-21T13:21:28","slug":"residuos-organicos-em-sistemas-agricolas","status":"publish","type":"page","link":"https:\/\/wp.ufpel.edu.br\/spaf\/disciplinas\/residuos-organicos-em-sistemas-agricolas\/","title":{"rendered":"Res\u00edduos Org\u00e2nicos em Sistemas Agr\u00edcolas"},"content":{"rendered":"<table border=\"0\" width=\"100%\">\n<tbody>\n<tr>\n<td bgcolor=\"#F9F9F9\"><span style=\"font-family: 'book antiqua', palatino, serif;font-size: 12pt\"><b class=\"prof\">Res\u00edduos Org\u00e2nicos em Sistemas Agr\u00edcolas<\/b><\/span><\/td>\n<\/tr>\n<\/tbody>\n<\/table>\n<p><span style=\"font-family: 'book antiqua', palatino, serif;font-size: 12pt\">c\u00f3digo: 238027 | carga hor\u00e1ria: 2-0-2 | II semestre<\/span><\/p>\n<p><span style=\"font-family: 'book antiqua', palatino, serif;font-size: 12pt\">Regente: <a href=\"https:\/\/wp.ufpel.edu.br\/spaf\/docentes\/tania\/\">T\u00e2nia Beatriz Gamboa Ara\u00fajo Morselli<\/a><\/span><\/p>\n<p><span style=\"font-family: 'book antiqua', palatino, serif;font-size: 12pt\">Colaborador: <\/span><br \/>\n<span style=\"font-family: 'book antiqua', palatino, serif;font-size: 12pt\">\u00a0\u00a0\u00a0\u00a0\u00a0\u00a0\u00a0\u00a0\u00a0\u00a0\u00a0\u00a0\u00a0\u00a0\u00a0\u00a0\u00a0\u00a0\u00a0 <\/span><\/p>\n<div class=\"docente\"><span style=\"font-family: 'book antiqua', palatino, serif;font-size: 12pt\">Ementa: <\/span><br \/>\n<span style=\"font-family: 'book antiqua', palatino, serif;font-size: 12pt\">Introdu\u00e7\u00e3o ao estudo dos res\u00edduos org\u00e2nicos. Biomol\u00e9culas. Res\u00edduos org\u00e2nicos utilizados na agricultura. Composi\u00e7\u00e3o e import\u00e2ncia dos res\u00edduos org\u00e2nicos. Compostagem, vermicompostagem, biofertilizantes (processos e aplica\u00e7\u00f5es). Comportamento dos res\u00edduos org\u00e2nicos em diferentes ambientes e substratos. Aplica\u00e7\u00e3o de estercos, compostos, vermicompostos e de subst\u00e2ncias h\u00famicas em sistemas de produ\u00e7\u00e3o. Estudos e propostas de manuten\u00e7\u00e3o da mat\u00e9ria org\u00e2nica na propriedade rural como meio de redu\u00e7\u00e3o da matriz energ\u00e1tica em sistemas de produ\u00e7\u00e3o. <\/span><\/div>\n<p>&nbsp;<\/p>\n","protected":false},"excerpt":{"rendered":"<p>Res\u00edduos Org\u00e2nicos em Sistemas Agr\u00edcolas c\u00f3digo: 238027 | carga hor\u00e1ria: 2-0-2 | II semestre Regente: T\u00e2nia Beatriz Gamboa Ara\u00fajo Morselli Colaborador: \u00a0\u00a0\u00a0\u00a0\u00a0\u00a0\u00a0\u00a0\u00a0\u00a0\u00a0\u00a0\u00a0\u00a0\u00a0\u00a0\u00a0\u00a0\u00a0 Ementa: Introdu\u00e7\u00e3o ao estudo dos res\u00edduos org\u00e2nicos. Biomol\u00e9culas. Res\u00edduos org\u00e2nicos utilizados na agricultura. Composi\u00e7\u00e3o e import\u00e2ncia dos res\u00edduos org\u00e2nicos. Compostagem, vermicompostagem, biofertilizantes (processos e aplica\u00e7\u00f5es). Comportamento dos res\u00edduos org\u00e2nicos em diferentes ambientes e [&hellip;]<\/p>\n","protected":false},"author":530,"featured_media":0,"parent":16,"menu_order":0,"comment_status":"closed","ping_status":"closed","template":"","meta":{"jetpack_post_was_ever_published":false,"footnotes":""},"class_list":["post-479","page","type-page","status-publish","hentry"],"jetpack_shortlink":"https:\/\/wp.me\/P7gUJD-7J","jetpack-related-posts":[],"jetpack_sharing_enabled":true,"_links":{"self":[{"href":"https:\/\/wp.ufpel.edu.br\/spaf\/wp-json\/wp\/v2\/pages\/479","targetHints":{"allow":["GET"]}}],"collection":[{"href":"https:\/\/wp.ufpel.edu.br\/spaf\/wp-json\/wp\/v2\/pages"}],"about":[{"href":"https:\/\/wp.ufpel.edu.br\/spaf\/wp-json\/wp\/v2\/types\/page"}],"author":[{"embeddable":true,"href":"https:\/\/wp.ufpel.edu.br\/spaf\/wp-json\/wp\/v2\/users\/530"}],"replies":[{"embeddable":true,"href":"https:\/\/wp.ufpel.edu.br\/spaf\/wp-json\/wp\/v2\/comments?post=479"}],"version-history":[{"count":2,"href":"https:\/\/wp.ufpel.edu.br\/spaf\/wp-json\/wp\/v2\/pages\/479\/revisions"}],"predecessor-version":[{"id":534,"href":"https:\/\/wp.ufpel.edu.br\/spaf\/wp-json\/wp\/v2\/pages\/479\/revisions\/534"}],"up":[{"embeddable":true,"href":"https:\/\/wp.ufpel.edu.br\/spaf\/wp-json\/wp\/v2\/pages\/16"}],"wp:attachment":[{"href":"https:\/\/wp.ufpel.edu.br\/spaf\/wp-json\/wp\/v2\/media?parent=479"}],"curies":[{"name":"wp","href":"https:\/\/api.w.org\/{rel}","templated":true}]}}