{"id":475,"date":"2015-12-17T16:11:37","date_gmt":"2015-12-17T18:11:37","guid":{"rendered":"https:\/\/wp.ufpel.edu.br\/spaf\/?page_id=475"},"modified":"2015-12-21T11:20:17","modified_gmt":"2015-12-21T13:20:17","slug":"475-2","status":"publish","type":"page","link":"https:\/\/wp.ufpel.edu.br\/spaf\/disciplinas\/475-2\/","title":{"rendered":"Qualidade do Solo e Sustentabilidade em Agroecossistemas"},"content":{"rendered":"<table border=\"0\" width=\"100%\">\n<tbody>\n<tr>\n<td bgcolor=\"#F9F9F9\"><span style=\"font-family: 'book antiqua', palatino, serif;font-size: 12pt\"><b class=\"prof\">Qualidade do Solo e Sustentabilidade em Agroecossistemas<\/b><\/span><\/td>\n<\/tr>\n<\/tbody>\n<\/table>\n<p><span style=\"font-family: 'book antiqua', palatino, serif;font-size: 12pt\">c\u00f3digo: 238061 | carga hor\u00e1ria: 4-0-0 | II semestre<\/span><\/p>\n<p><span style=\"font-family: 'book antiqua', palatino, serif;font-size: 12pt\">Regente: <a class=\"link\" href=\"https:\/\/wp.ufpel.edu.br\/spaf\/docentes\/ana-claudia-rodrigues-de-lima\/\">Ana Cl\u00e1udia Rodrigues de Lima<\/a><\/span><\/p>\n<p><span style=\"font-family: 'book antiqua', palatino, serif;font-size: 12pt\">Colaborador: <a class=\"link\" href=\"https:\/\/wp.ufpel.edu.br\/spaf\/docentes\/helvio-debli-casalinho\/\">Helvio Debli Casalinho<\/a><\/span><br \/>\n<span style=\"font-family: 'book antiqua', palatino, serif;font-size: 12pt\">\u00a0\u00a0\u00a0\u00a0\u00a0\u00a0\u00a0\u00a0\u00a0\u00a0\u00a0\u00a0\u00a0\u00a0\u00a0\u00a0\u00a0\u00a0\u00a0 <\/span><\/p>\n<div class=\"docente\"><span style=\"font-family: 'book antiqua', palatino, serif;font-size: 12pt\">Ementa: <\/span><br \/>\n<span style=\"font-family: 'book antiqua', palatino, serif;font-size: 12pt\">A disciplina tem como objetivos fornecer aos participantes conhecimentos sobre: o estado da arte, conceitos e indicadores da Qualidade do Solo (QS); QS como indicador de sustentabilidade; m\u00e9todos de avalia\u00e7\u00e3o e monitoramento da QS; impactos do modelo agr\u00edcola sobre a QS; a import\u00e2ncia da integra\u00e7\u00e3o do conhecimento local e cient\u00edfico no desenvolvimento de ferramentas para avaliar e monitorar a QS. Ademais, promover e estimular as suas capacidades cient\u00edficas e o seu esp\u00edrito cr\u00edtico de forma a que possam diagnosticar, compreender, e encontrar solu\u00e7\u00f5es adequadas para quest\u00f5es relacionadas a sustentabilidade de agroecossistemas.<\/span><\/div>\n<p>&nbsp;<\/p>\n","protected":false},"excerpt":{"rendered":"<p>Qualidade do Solo e Sustentabilidade em Agroecossistemas c\u00f3digo: 238061 | carga hor\u00e1ria: 4-0-0 | II semestre Regente: Ana Cl\u00e1udia Rodrigues de Lima Colaborador: Helvio Debli Casalinho \u00a0\u00a0\u00a0\u00a0\u00a0\u00a0\u00a0\u00a0\u00a0\u00a0\u00a0\u00a0\u00a0\u00a0\u00a0\u00a0\u00a0\u00a0\u00a0 Ementa: A disciplina tem como objetivos fornecer aos participantes conhecimentos sobre: o estado da arte, conceitos e indicadores da Qualidade do Solo (QS); QS como indicador de sustentabilidade; [&hellip;]<\/p>\n","protected":false},"author":530,"featured_media":0,"parent":16,"menu_order":0,"comment_status":"closed","ping_status":"closed","template":"","meta":{"jetpack_post_was_ever_published":false,"footnotes":""},"class_list":["post-475","page","type-page","status-publish","hentry"],"jetpack_shortlink":"https:\/\/wp.me\/P7gUJD-7F","jetpack-related-posts":[],"jetpack_sharing_enabled":true,"_links":{"self":[{"href":"https:\/\/wp.ufpel.edu.br\/spaf\/wp-json\/wp\/v2\/pages\/475","targetHints":{"allow":["GET"]}}],"collection":[{"href":"https:\/\/wp.ufpel.edu.br\/spaf\/wp-json\/wp\/v2\/pages"}],"about":[{"href":"https:\/\/wp.ufpel.edu.br\/spaf\/wp-json\/wp\/v2\/types\/page"}],"author":[{"embeddable":true,"href":"https:\/\/wp.ufpel.edu.br\/spaf\/wp-json\/wp\/v2\/users\/530"}],"replies":[{"embeddable":true,"href":"https:\/\/wp.ufpel.edu.br\/spaf\/wp-json\/wp\/v2\/comments?post=475"}],"version-history":[{"count":3,"href":"https:\/\/wp.ufpel.edu.br\/spaf\/wp-json\/wp\/v2\/pages\/475\/revisions"}],"predecessor-version":[{"id":533,"href":"https:\/\/wp.ufpel.edu.br\/spaf\/wp-json\/wp\/v2\/pages\/475\/revisions\/533"}],"up":[{"embeddable":true,"href":"https:\/\/wp.ufpel.edu.br\/spaf\/wp-json\/wp\/v2\/pages\/16"}],"wp:attachment":[{"href":"https:\/\/wp.ufpel.edu.br\/spaf\/wp-json\/wp\/v2\/media?parent=475"}],"curies":[{"name":"wp","href":"https:\/\/api.w.org\/{rel}","templated":true}]}}