{"id":470,"date":"2015-12-17T16:07:50","date_gmt":"2015-12-17T18:07:50","guid":{"rendered":"https:\/\/wp.ufpel.edu.br\/spaf\/?page_id=470"},"modified":"2015-12-17T16:07:50","modified_gmt":"2015-12-17T18:07:50","slug":"plantas-oleaginosas-e-bioenergia","status":"publish","type":"page","link":"https:\/\/wp.ufpel.edu.br\/spaf\/disciplinas\/plantas-oleaginosas-e-bioenergia\/","title":{"rendered":"Plantas Oleaginosas e Bioenergia"},"content":{"rendered":"<table border=\"0\" width=\"100%\">\n<tbody>\n<tr>\n<td bgcolor=\"#F9F9F9\"><span style=\"font-family: 'book antiqua', palatino, serif;font-size: 12pt\"><b class=\"prof\">Plantas Oleaginosas e Bioenergia<\/b><\/span><\/td>\n<\/tr>\n<\/tbody>\n<\/table>\n<p><span style=\"font-family: 'book antiqua', palatino, serif;font-size: 12pt\">c\u00f3digo: 218048 | carga hor\u00e1ria: 3-0-1 | II semestre<\/span><\/p>\n<p><span style=\"font-family: 'book antiqua', palatino, serif;font-size: 12pt\">Regente: <a class=\"link\" href=\"https:\/\/wp.ufpel.edu.br\/spaf\/docentes\/sergio-delmar-dos-anjos-silva\/\">S\u00e9rgio Delmar dos Anjos Silva<\/a><\/span><\/p>\n<p><span style=\"font-family: 'book antiqua', palatino, serif;font-size: 12pt\">Colaborador: <a class=\"link\" href=\"http:\/\/lattes.cnpq.br\/7566720069490542\">Luis Ant\u00f4nio Verissimo Corr\u00eaa<\/a><\/span><br \/>\n<span style=\"font-family: 'book antiqua', palatino, serif;font-size: 12pt\">\u00a0\u00a0\u00a0\u00a0\u00a0\u00a0\u00a0\u00a0\u00a0\u00a0\u00a0\u00a0\u00a0\u00a0\u00a0\u00a0\u00a0\u00a0\u00a0 <\/span><\/p>\n<div class=\"docente\"><span style=\"font-family: 'book antiqua', palatino, serif;font-size: 12pt\">Ementa: <\/span><br \/>\n<span style=\"font-family: 'book antiqua', palatino, serif;font-size: 12pt\">Produ\u00e7\u00e3o vegetal das principais plantas de ciclo anual produtoras de \u00f3leo do Brasil e RS. An\u00e1lise e discuss\u00e3o das potencialidades destas esp\u00e9cies para produ\u00e7\u00e3o de biocombust\u00edveis, viabilidade econ\u00f4mica, expectativas de mercado e pol\u00edticas de incentivo a produ\u00e7\u00e3o de biocombust\u00edveis.<\/span><\/div>\n<p>&nbsp;<\/p>\n","protected":false},"excerpt":{"rendered":"<p>Plantas Oleaginosas e Bioenergia c\u00f3digo: 218048 | carga hor\u00e1ria: 3-0-1 | II semestre Regente: S\u00e9rgio Delmar dos Anjos Silva Colaborador: Luis Ant\u00f4nio Verissimo Corr\u00eaa \u00a0\u00a0\u00a0\u00a0\u00a0\u00a0\u00a0\u00a0\u00a0\u00a0\u00a0\u00a0\u00a0\u00a0\u00a0\u00a0\u00a0\u00a0\u00a0 Ementa: Produ\u00e7\u00e3o vegetal das principais plantas de ciclo anual produtoras de \u00f3leo do Brasil e RS. An\u00e1lise e discuss\u00e3o das potencialidades destas esp\u00e9cies para produ\u00e7\u00e3o de biocombust\u00edveis, viabilidade econ\u00f4mica, expectativas [&hellip;]<\/p>\n","protected":false},"author":530,"featured_media":0,"parent":16,"menu_order":0,"comment_status":"closed","ping_status":"closed","template":"","meta":{"jetpack_post_was_ever_published":false,"footnotes":""},"class_list":["post-470","page","type-page","status-publish","hentry"],"jetpack_shortlink":"https:\/\/wp.me\/P7gUJD-7A","jetpack-related-posts":[],"jetpack_sharing_enabled":true,"_links":{"self":[{"href":"https:\/\/wp.ufpel.edu.br\/spaf\/wp-json\/wp\/v2\/pages\/470","targetHints":{"allow":["GET"]}}],"collection":[{"href":"https:\/\/wp.ufpel.edu.br\/spaf\/wp-json\/wp\/v2\/pages"}],"about":[{"href":"https:\/\/wp.ufpel.edu.br\/spaf\/wp-json\/wp\/v2\/types\/page"}],"author":[{"embeddable":true,"href":"https:\/\/wp.ufpel.edu.br\/spaf\/wp-json\/wp\/v2\/users\/530"}],"replies":[{"embeddable":true,"href":"https:\/\/wp.ufpel.edu.br\/spaf\/wp-json\/wp\/v2\/comments?post=470"}],"version-history":[{"count":1,"href":"https:\/\/wp.ufpel.edu.br\/spaf\/wp-json\/wp\/v2\/pages\/470\/revisions"}],"predecessor-version":[{"id":471,"href":"https:\/\/wp.ufpel.edu.br\/spaf\/wp-json\/wp\/v2\/pages\/470\/revisions\/471"}],"up":[{"embeddable":true,"href":"https:\/\/wp.ufpel.edu.br\/spaf\/wp-json\/wp\/v2\/pages\/16"}],"wp:attachment":[{"href":"https:\/\/wp.ufpel.edu.br\/spaf\/wp-json\/wp\/v2\/media?parent=470"}],"curies":[{"name":"wp","href":"https:\/\/api.w.org\/{rel}","templated":true}]}}