{"id":464,"date":"2015-12-17T16:01:35","date_gmt":"2015-12-17T18:01:35","guid":{"rendered":"https:\/\/wp.ufpel.edu.br\/spaf\/?page_id=464"},"modified":"2017-07-10T16:01:00","modified_gmt":"2017-07-10T19:01:00","slug":"organizacao-gerenciamento-e-administracao-da-agricultura-familiar","status":"publish","type":"page","link":"https:\/\/wp.ufpel.edu.br\/spaf\/disciplinas\/organizacao-gerenciamento-e-administracao-da-agricultura-familiar\/","title":{"rendered":"Organiza\u00e7\u00e3o, Gerenciamento e Administra\u00e7\u00e3o da Agricultura Familiar"},"content":{"rendered":"<table border=\"0\" width=\"100%\">\n<tbody>\n<tr>\n<td bgcolor=\"#F9F9F9\"><span style=\"font-family: 'book antiqua', palatino, serif;font-size: 12pt\"><b class=\"prof\">Organiza\u00e7\u00e3o, Gerenciamento e Administra\u00e7\u00e3o da Agricultura Familiar<\/b><\/span><\/td>\n<\/tr>\n<\/tbody>\n<\/table>\n<p><span style=\"font-family: 'book antiqua', palatino, serif;font-size: 12pt\">c\u00f3digo: 188108 | carga hor\u00e1ria: 4-0-0 | I semestre<\/span><\/p>\n<p><span style=\"font-family: 'book antiqua', palatino, serif;font-size: 12pt\">Regente: <a class=\"link\" href=\"https:\/\/wp.ufpel.edu.br\/spaf\/docentes\/mario-conill-gomes\/\">M\u00e1rio Conill Gomes<\/a><\/span><\/p>\n<p><span style=\"font-family: 'book antiqua', palatino, serif;font-size: 12pt\">Colaborador: <\/span><br \/>\n<span style=\"font-family: 'book antiqua', palatino, serif;font-size: 12pt\">\u00a0\u00a0\u00a0\u00a0\u00a0\u00a0\u00a0\u00a0\u00a0\u00a0\u00a0\u00a0\u00a0\u00a0\u00a0\u00a0\u00a0\u00a0\u00a0 <\/span><\/p>\n<div class=\"docente\"><span style=\"font-family: 'book antiqua', palatino, serif;font-size: 12pt\">Ementa:<\/span><\/div>\n<div class=\"docente\"><span style=\"font-family: 'book antiqua', palatino, serif;font-size: 12pt\">Evolu\u00e7\u00e3o da Administra\u00e7\u00e3o. Conceitos b\u00e1sicos em Administra\u00e7\u00e3o. Administra\u00e7\u00e3o em unidades de produ\u00e7\u00e3o familiar. Escolas de pensamento em Administra\u00e7\u00e3o Rural. Caracter\u00edsticas da unidade de produ\u00e7\u00e3o familiar. A racionalidade do produtor. A natureza da atividade administrativa na agricultura familiar. O processo decis\u00f3rio na unidade de produ\u00e7\u00e3o familiar. Propostas de trabalho para Administra\u00e7\u00e3o Rural na agricultura familiar.<\/span><\/div>\n","protected":false},"excerpt":{"rendered":"<p>Organiza\u00e7\u00e3o, Gerenciamento e Administra\u00e7\u00e3o da Agricultura Familiar c\u00f3digo: 188108 | carga hor\u00e1ria: 4-0-0 | I semestre Regente: M\u00e1rio Conill Gomes Colaborador: \u00a0\u00a0\u00a0\u00a0\u00a0\u00a0\u00a0\u00a0\u00a0\u00a0\u00a0\u00a0\u00a0\u00a0\u00a0\u00a0\u00a0\u00a0\u00a0 Ementa: Evolu\u00e7\u00e3o da Administra\u00e7\u00e3o. Conceitos b\u00e1sicos em Administra\u00e7\u00e3o. Administra\u00e7\u00e3o em unidades de produ\u00e7\u00e3o familiar. Escolas de pensamento em Administra\u00e7\u00e3o Rural. Caracter\u00edsticas da unidade de produ\u00e7\u00e3o familiar. A racionalidade do produtor. A natureza da [&hellip;]<\/p>\n","protected":false},"author":530,"featured_media":0,"parent":16,"menu_order":0,"comment_status":"closed","ping_status":"closed","template":"","meta":{"jetpack_post_was_ever_published":false,"footnotes":""},"class_list":["post-464","page","type-page","status-publish","hentry"],"jetpack_shortlink":"https:\/\/wp.me\/P7gUJD-7u","jetpack-related-posts":[],"jetpack_sharing_enabled":true,"_links":{"self":[{"href":"https:\/\/wp.ufpel.edu.br\/spaf\/wp-json\/wp\/v2\/pages\/464","targetHints":{"allow":["GET"]}}],"collection":[{"href":"https:\/\/wp.ufpel.edu.br\/spaf\/wp-json\/wp\/v2\/pages"}],"about":[{"href":"https:\/\/wp.ufpel.edu.br\/spaf\/wp-json\/wp\/v2\/types\/page"}],"author":[{"embeddable":true,"href":"https:\/\/wp.ufpel.edu.br\/spaf\/wp-json\/wp\/v2\/users\/530"}],"replies":[{"embeddable":true,"href":"https:\/\/wp.ufpel.edu.br\/spaf\/wp-json\/wp\/v2\/comments?post=464"}],"version-history":[{"count":4,"href":"https:\/\/wp.ufpel.edu.br\/spaf\/wp-json\/wp\/v2\/pages\/464\/revisions"}],"predecessor-version":[{"id":823,"href":"https:\/\/wp.ufpel.edu.br\/spaf\/wp-json\/wp\/v2\/pages\/464\/revisions\/823"}],"up":[{"embeddable":true,"href":"https:\/\/wp.ufpel.edu.br\/spaf\/wp-json\/wp\/v2\/pages\/16"}],"wp:attachment":[{"href":"https:\/\/wp.ufpel.edu.br\/spaf\/wp-json\/wp\/v2\/media?parent=464"}],"curies":[{"name":"wp","href":"https:\/\/api.w.org\/{rel}","templated":true}]}}