{"id":460,"date":"2015-12-17T15:59:15","date_gmt":"2015-12-17T17:59:15","guid":{"rendered":"https:\/\/wp.ufpel.edu.br\/spaf\/?page_id=460"},"modified":"2015-12-17T15:59:31","modified_gmt":"2015-12-17T17:59:31","slug":"460-2","status":"publish","type":"page","link":"https:\/\/wp.ufpel.edu.br\/spaf\/disciplinas\/460-2\/","title":{"rendered":"Metodologia de Projeto de Produtos Agroindustriais"},"content":{"rendered":"<table border=\"0\" width=\"100%\">\n<tbody>\n<tr>\n<td bgcolor=\"#F9F9F9\"><span style=\"font-family: 'book antiqua', palatino, serif;font-size: 12pt\"><b class=\"prof\">Metodologia de Projeto de Produtos Agroindustriais<\/b><\/span><\/td>\n<\/tr>\n<\/tbody>\n<\/table>\n<p><span style=\"font-family: 'book antiqua', palatino, serif;font-size: 12pt\">c\u00f3digo: 198112 | carga hor\u00e1ria: 2-2-0 | II semestre<\/span><\/p>\n<p><span style=\"font-family: 'book antiqua', palatino, serif;font-size: 12pt\">Regente: <a class=\"link\" href=\"https:\/\/wp.ufpel.edu.br\/spaf\/docentes\/angelo-reis\/\">\u00c2ngelo Vieira dos Reis<\/a><\/span><\/p>\n<p><span style=\"font-family: 'book antiqua', palatino, serif;font-size: 12pt\">Colaborador: <\/span><br \/>\n<span style=\"font-family: 'book antiqua', palatino, serif;font-size: 12pt\">\u00a0\u00a0\u00a0\u00a0\u00a0\u00a0\u00a0\u00a0\u00a0\u00a0\u00a0\u00a0\u00a0\u00a0\u00a0\u00a0\u00a0\u00a0\u00a0 <\/span><\/p>\n<div class=\"docente\"><span style=\"font-family: 'book antiqua', palatino, serif;font-size: 12pt\">Ementa: <\/span><br \/>\n<span style=\"font-family: 'book antiqua', palatino, serif;font-size: 12pt\">Conceitos b\u00e1sicos e terminologia; campo de aplica\u00e7\u00e3o. Estruturas do processo de projeto. Busca por informa\u00e7\u00f5es de projeto. Tratamento das informa\u00e7\u00f5es de projeto. Requisitos de projeto. Especifica\u00e7\u00f5es de projeto. An\u00e1lise funcional. M\u00e9todos de busca por princ\u00edpios de solu\u00e7\u00e3o. Criatividade: m\u00e9todos intuitivos e sistem\u00e1ticos de aux\u00edlio \u00e0 gera\u00e7\u00e3o de solu\u00e7\u00f5es. Gera\u00e7\u00e3o, sele\u00e7\u00e3o, desenvolvimento e avalia\u00e7\u00e3o de concep\u00e7\u00f5es alternativas. Concep\u00e7\u00e3o de projeto: defini\u00e7\u00e3o, uso e forma de representa\u00e7\u00e3o. Elabora\u00e7\u00e3o de leiautes preliminares e detalhados. Documenta\u00e7\u00e3o do produto. Fatores humanos e de desenho industrial no produto. Planejamento, constru\u00e7\u00e3o, realiza\u00e7\u00e3o e avalia\u00e7\u00e3o de testes de prot\u00f3tipos. Propriedade industrial.<\/span><\/div>\n<p>&nbsp;<\/p>\n","protected":false},"excerpt":{"rendered":"<p>Metodologia de Projeto de Produtos Agroindustriais c\u00f3digo: 198112 | carga hor\u00e1ria: 2-2-0 | II semestre Regente: \u00c2ngelo Vieira dos Reis Colaborador: \u00a0\u00a0\u00a0\u00a0\u00a0\u00a0\u00a0\u00a0\u00a0\u00a0\u00a0\u00a0\u00a0\u00a0\u00a0\u00a0\u00a0\u00a0\u00a0 Ementa: Conceitos b\u00e1sicos e terminologia; campo de aplica\u00e7\u00e3o. Estruturas do processo de projeto. Busca por informa\u00e7\u00f5es de projeto. Tratamento das informa\u00e7\u00f5es de projeto. Requisitos de projeto. Especifica\u00e7\u00f5es de projeto. An\u00e1lise funcional. M\u00e9todos de [&hellip;]<\/p>\n","protected":false},"author":530,"featured_media":0,"parent":16,"menu_order":0,"comment_status":"closed","ping_status":"closed","template":"","meta":{"jetpack_post_was_ever_published":false,"footnotes":""},"class_list":["post-460","page","type-page","status-publish","hentry"],"jetpack_shortlink":"https:\/\/wp.me\/P7gUJD-7q","jetpack-related-posts":[],"jetpack_sharing_enabled":true,"_links":{"self":[{"href":"https:\/\/wp.ufpel.edu.br\/spaf\/wp-json\/wp\/v2\/pages\/460","targetHints":{"allow":["GET"]}}],"collection":[{"href":"https:\/\/wp.ufpel.edu.br\/spaf\/wp-json\/wp\/v2\/pages"}],"about":[{"href":"https:\/\/wp.ufpel.edu.br\/spaf\/wp-json\/wp\/v2\/types\/page"}],"author":[{"embeddable":true,"href":"https:\/\/wp.ufpel.edu.br\/spaf\/wp-json\/wp\/v2\/users\/530"}],"replies":[{"embeddable":true,"href":"https:\/\/wp.ufpel.edu.br\/spaf\/wp-json\/wp\/v2\/comments?post=460"}],"version-history":[{"count":2,"href":"https:\/\/wp.ufpel.edu.br\/spaf\/wp-json\/wp\/v2\/pages\/460\/revisions"}],"predecessor-version":[{"id":462,"href":"https:\/\/wp.ufpel.edu.br\/spaf\/wp-json\/wp\/v2\/pages\/460\/revisions\/462"}],"up":[{"embeddable":true,"href":"https:\/\/wp.ufpel.edu.br\/spaf\/wp-json\/wp\/v2\/pages\/16"}],"wp:attachment":[{"href":"https:\/\/wp.ufpel.edu.br\/spaf\/wp-json\/wp\/v2\/media?parent=460"}],"curies":[{"name":"wp","href":"https:\/\/api.w.org\/{rel}","templated":true}]}}