{"id":448,"date":"2015-12-17T09:14:41","date_gmt":"2015-12-17T11:14:41","guid":{"rendered":"https:\/\/wp.ufpel.edu.br\/spaf\/?page_id=448"},"modified":"2019-11-13T15:39:10","modified_gmt":"2019-11-13T18:39:10","slug":"fenologia-de-culturas-anuais-e-perenes","status":"publish","type":"page","link":"https:\/\/wp.ufpel.edu.br\/spaf\/disciplinas\/fenologia-de-culturas-anuais-e-perenes\/","title":{"rendered":"Fenologia de culturas anuais e perenes"},"content":{"rendered":"<table border=\"0\" width=\"100%\">\n<tbody>\n<tr>\n<td bgcolor=\"#F9F9F9\"><b class=\"prof\">Fenologia de culturas anuais e perenes<\/b><\/td>\n<\/tr>\n<\/tbody>\n<\/table>\n<p>c\u00f3digo: 218080 | carga hor\u00e1ria: 4-0-0 | I semestre<\/p>\n<p>Regente:<\/p>\n<p>Colaborador:<\/p>\n<div class=\"docente\">Ementa:<br \/>\nEntender os principais conceitos envolvidos em estudos do desenvolvimento vegetal. Apresenta\u00e7\u00e3o das escalas de desenvolvimento das principais culturas agr\u00edcolas anuais e perenes. Descri\u00e7\u00e3o e an\u00e1lise dos crit\u00e9rios utilizados em cada escala de desenvolvimento e estudo dos principais fatores ecol\u00f3gicos que governam a taxa de desenvolvimento em cada fase do ciclo de desenvolvimento. Estudo de modelos matem\u00e1ticos que podem ser empregados na simula\u00e7\u00e3o da data de ocorr\u00eancia dos principais est\u00e1gios de desenvolvimento e da taxa de emiss\u00e3o de folhas.<\/div>\n<p>&nbsp;<\/p>\n","protected":false},"excerpt":{"rendered":"<p>Fenologia de culturas anuais e perenes c\u00f3digo: 218080 | carga hor\u00e1ria: 4-0-0 | I semestre Regente: Colaborador: Ementa: Entender os principais conceitos envolvidos em estudos do desenvolvimento vegetal. Apresenta\u00e7\u00e3o das escalas de desenvolvimento das principais culturas agr\u00edcolas anuais e perenes. Descri\u00e7\u00e3o e an\u00e1lise dos crit\u00e9rios utilizados em cada escala de desenvolvimento e estudo dos principais [&hellip;]<\/p>\n","protected":false},"author":530,"featured_media":0,"parent":16,"menu_order":0,"comment_status":"closed","ping_status":"closed","template":"","meta":{"jetpack_post_was_ever_published":false,"footnotes":""},"class_list":["post-448","page","type-page","status-publish","hentry"],"jetpack_shortlink":"https:\/\/wp.me\/P7gUJD-7e","jetpack-related-posts":[],"jetpack_sharing_enabled":true,"_links":{"self":[{"href":"https:\/\/wp.ufpel.edu.br\/spaf\/wp-json\/wp\/v2\/pages\/448","targetHints":{"allow":["GET"]}}],"collection":[{"href":"https:\/\/wp.ufpel.edu.br\/spaf\/wp-json\/wp\/v2\/pages"}],"about":[{"href":"https:\/\/wp.ufpel.edu.br\/spaf\/wp-json\/wp\/v2\/types\/page"}],"author":[{"embeddable":true,"href":"https:\/\/wp.ufpel.edu.br\/spaf\/wp-json\/wp\/v2\/users\/530"}],"replies":[{"embeddable":true,"href":"https:\/\/wp.ufpel.edu.br\/spaf\/wp-json\/wp\/v2\/comments?post=448"}],"version-history":[{"count":3,"href":"https:\/\/wp.ufpel.edu.br\/spaf\/wp-json\/wp\/v2\/pages\/448\/revisions"}],"predecessor-version":[{"id":1821,"href":"https:\/\/wp.ufpel.edu.br\/spaf\/wp-json\/wp\/v2\/pages\/448\/revisions\/1821"}],"up":[{"embeddable":true,"href":"https:\/\/wp.ufpel.edu.br\/spaf\/wp-json\/wp\/v2\/pages\/16"}],"wp:attachment":[{"href":"https:\/\/wp.ufpel.edu.br\/spaf\/wp-json\/wp\/v2\/media?parent=448"}],"curies":[{"name":"wp","href":"https:\/\/api.w.org\/{rel}","templated":true}]}}