{"id":442,"date":"2015-12-17T08:58:33","date_gmt":"2015-12-17T10:58:33","guid":{"rendered":"https:\/\/wp.ufpel.edu.br\/spaf\/?page_id=442"},"modified":"2015-12-17T15:48:14","modified_gmt":"2015-12-17T17:48:14","slug":"ecofisiologia-da-producao-de-hortalicas-em-ambiente-protegido","status":"publish","type":"page","link":"https:\/\/wp.ufpel.edu.br\/spaf\/disciplinas\/ecofisiologia-da-producao-de-hortalicas-em-ambiente-protegido\/","title":{"rendered":"Ecofisiologia da Produ\u00e7\u00e3o de Hortali\u00e7as em Ambiente Protegido"},"content":{"rendered":"<table border=\"0\" width=\"100%\">\n<tbody>\n<tr>\n<td bgcolor=\"#F9F9F9\"><span style=\"font-family: 'book antiqua', palatino, serif;font-size: 12pt\"><b class=\"prof\">Ecofisiologia da Produ\u00e7\u00e3o de Hortali\u00e7as em Ambiente Protegido<\/b><\/span><\/td>\n<\/tr>\n<\/tbody>\n<\/table>\n<p><span style=\"font-family: 'book antiqua', palatino, serif;font-size: 12pt\">c\u00f3digo: 218130 | carga hor\u00e1ria: 2-0-2 | II semestre<\/span><\/p>\n<p><span style=\"font-family: 'book antiqua', palatino, serif;font-size: 12pt\">Regente: <a class=\"link\" href=\"https:\/\/wp.ufpel.edu.br\/spaf\/docentes\/roberta-marins-nogueira-peil\/\">Roberta Marins Nogueira Peil<\/a><\/span><\/p>\n<p><span style=\"font-family: 'book antiqua', palatino, serif;font-size: 12pt\">Colaborador: <\/span><br \/>\n<span style=\"font-family: 'book antiqua', palatino, serif;font-size: 12pt\">\u00a0\u00a0\u00a0\u00a0\u00a0\u00a0\u00a0\u00a0\u00a0\u00a0\u00a0\u00a0\u00a0\u00a0\u00a0\u00a0\u00a0\u00a0\u00a0 <\/span><\/p>\n<div class=\"docente\"><span style=\"font-family: 'book antiqua', palatino, serif;font-size: 12pt\">Ementa: <\/span><br \/>\n<span style=\"font-family: 'book antiqua', palatino, serif;font-size: 12pt\">Estudo de estrat\u00e9gias adequadas de manejo de hortali\u00e7as em ambiente protegido, baseado no conhecimento das rela\u00e7\u00f5es entre os fatores f\u00edsicos ambientais (clima e meio de cultivo) e os determinantes fisiol\u00f3gicos da produ\u00e7\u00e3o. Neste sentido, os tr\u00eas grandes fluxos, carbono, \u00e1gua e nutrientes, s\u00e3o estudados e interpretados como fundamentais para determinar o manejo do ambiente, das plantas, da irriga\u00e7\u00e3o e da fertiliza\u00e7\u00e3o das culturas.<\/span><\/div>\n<p>&nbsp;<\/p>\n","protected":false},"excerpt":{"rendered":"<p>Ecofisiologia da Produ\u00e7\u00e3o de Hortali\u00e7as em Ambiente Protegido c\u00f3digo: 218130 | carga hor\u00e1ria: 2-0-2 | II semestre Regente: Roberta Marins Nogueira Peil Colaborador: \u00a0\u00a0\u00a0\u00a0\u00a0\u00a0\u00a0\u00a0\u00a0\u00a0\u00a0\u00a0\u00a0\u00a0\u00a0\u00a0\u00a0\u00a0\u00a0 Ementa: Estudo de estrat\u00e9gias adequadas de manejo de hortali\u00e7as em ambiente protegido, baseado no conhecimento das rela\u00e7\u00f5es entre os fatores f\u00edsicos ambientais (clima e meio de cultivo) e os determinantes fisiol\u00f3gicos [&hellip;]<\/p>\n","protected":false},"author":530,"featured_media":0,"parent":16,"menu_order":0,"comment_status":"closed","ping_status":"closed","template":"","meta":{"jetpack_post_was_ever_published":false,"footnotes":""},"class_list":["post-442","page","type-page","status-publish","hentry"],"jetpack_shortlink":"https:\/\/wp.me\/P7gUJD-78","jetpack-related-posts":[],"jetpack_sharing_enabled":true,"_links":{"self":[{"href":"https:\/\/wp.ufpel.edu.br\/spaf\/wp-json\/wp\/v2\/pages\/442","targetHints":{"allow":["GET"]}}],"collection":[{"href":"https:\/\/wp.ufpel.edu.br\/spaf\/wp-json\/wp\/v2\/pages"}],"about":[{"href":"https:\/\/wp.ufpel.edu.br\/spaf\/wp-json\/wp\/v2\/types\/page"}],"author":[{"embeddable":true,"href":"https:\/\/wp.ufpel.edu.br\/spaf\/wp-json\/wp\/v2\/users\/530"}],"replies":[{"embeddable":true,"href":"https:\/\/wp.ufpel.edu.br\/spaf\/wp-json\/wp\/v2\/comments?post=442"}],"version-history":[{"count":2,"href":"https:\/\/wp.ufpel.edu.br\/spaf\/wp-json\/wp\/v2\/pages\/442\/revisions"}],"predecessor-version":[{"id":452,"href":"https:\/\/wp.ufpel.edu.br\/spaf\/wp-json\/wp\/v2\/pages\/442\/revisions\/452"}],"up":[{"embeddable":true,"href":"https:\/\/wp.ufpel.edu.br\/spaf\/wp-json\/wp\/v2\/pages\/16"}],"wp:attachment":[{"href":"https:\/\/wp.ufpel.edu.br\/spaf\/wp-json\/wp\/v2\/media?parent=442"}],"curies":[{"name":"wp","href":"https:\/\/api.w.org\/{rel}","templated":true}]}}