{"id":428,"date":"2015-12-15T14:31:34","date_gmt":"2015-12-15T16:31:34","guid":{"rendered":"https:\/\/wp.ufpel.edu.br\/spaf\/?page_id=428"},"modified":"2015-12-15T14:31:34","modified_gmt":"2015-12-15T16:31:34","slug":"dinamica-da-relacao-maquina-solo-ii","status":"publish","type":"page","link":"https:\/\/wp.ufpel.edu.br\/spaf\/disciplinas\/dinamica-da-relacao-maquina-solo-ii\/","title":{"rendered":"Din\u00e2mica da Rela\u00e7\u00e3o M\u00e1quina-Solo II"},"content":{"rendered":"<table border=\"0\" width=\"100%\">\n<tbody>\n<tr>\n<td bgcolor=\"#F9F9F9\"><span style=\"font-family: 'book antiqua', palatino, serif;font-size: 12pt\"><b class=\"prof\">Din\u00e2mica da Rela\u00e7\u00e3o M\u00e1quina-Solo II<\/b><\/span><\/td>\n<\/tr>\n<\/tbody>\n<\/table>\n<p><span style=\"font-family: 'book antiqua', palatino, serif;font-size: 12pt\">c\u00f3digo: 198117 | carga hor\u00e1ria: 2-0-2 | II semestre<\/span><\/p>\n<p><span style=\"font-family: 'book antiqua', palatino, serif;font-size: 12pt\">Regente: <a class=\"link\" href=\"https:\/\/wp.ufpel.edu.br\/spaf\/docentes\/antonio-lilles-tavares-machado\/\">Ant\u00f4nio Lilles Tavares Machado<\/a><\/span><\/p>\n<p><span style=\"font-family: 'book antiqua', palatino, serif;font-size: 12pt\">Colaborador: <\/span><br \/>\n<span style=\"font-family: 'book antiqua', palatino, serif;font-size: 12pt\">\u00a0\u00a0\u00a0\u00a0\u00a0\u00a0\u00a0\u00a0\u00a0\u00a0\u00a0\u00a0\u00a0\u00a0\u00a0\u00a0\u00a0\u00a0\u00a0 <\/span><\/p>\n<div class=\"docente\"><span style=\"font-family: 'book antiqua', palatino, serif;font-size: 12pt\">Ementa: <\/span><br \/>\n<span style=\"font-family: 'book antiqua', palatino, serif;font-size: 12pt\">Experimentos de campo e de laborat\u00f3rio visando a obten\u00e7\u00e3o de atributos f\u00edsicos aplicados a pesquisa da rela\u00e7\u00e3o m\u00e1quina-solo. Experimentos de campo e de laborat\u00f3rio visando a obten\u00e7\u00e3o de aspectos da din\u00e2mica do solo aplicados a rela\u00e7\u00e3o m\u00e1quina-solo. C\u00e1lculos dos par\u00e2metros relacionados ao trator. An\u00e1lise dos dados de campo.<\/span><\/div>\n<p>&nbsp;<\/p>\n","protected":false},"excerpt":{"rendered":"<p>Din\u00e2mica da Rela\u00e7\u00e3o M\u00e1quina-Solo II c\u00f3digo: 198117 | carga hor\u00e1ria: 2-0-2 | II semestre Regente: Ant\u00f4nio Lilles Tavares Machado Colaborador: \u00a0\u00a0\u00a0\u00a0\u00a0\u00a0\u00a0\u00a0\u00a0\u00a0\u00a0\u00a0\u00a0\u00a0\u00a0\u00a0\u00a0\u00a0\u00a0 Ementa: Experimentos de campo e de laborat\u00f3rio visando a obten\u00e7\u00e3o de atributos f\u00edsicos aplicados a pesquisa da rela\u00e7\u00e3o m\u00e1quina-solo. Experimentos de campo e de laborat\u00f3rio visando a obten\u00e7\u00e3o de aspectos da din\u00e2mica do solo [&hellip;]<\/p>\n","protected":false},"author":530,"featured_media":0,"parent":16,"menu_order":0,"comment_status":"closed","ping_status":"closed","template":"","meta":{"jetpack_post_was_ever_published":false,"footnotes":""},"class_list":["post-428","page","type-page","status-publish","hentry"],"jetpack_shortlink":"https:\/\/wp.me\/P7gUJD-6U","jetpack-related-posts":[],"jetpack_sharing_enabled":true,"_links":{"self":[{"href":"https:\/\/wp.ufpel.edu.br\/spaf\/wp-json\/wp\/v2\/pages\/428","targetHints":{"allow":["GET"]}}],"collection":[{"href":"https:\/\/wp.ufpel.edu.br\/spaf\/wp-json\/wp\/v2\/pages"}],"about":[{"href":"https:\/\/wp.ufpel.edu.br\/spaf\/wp-json\/wp\/v2\/types\/page"}],"author":[{"embeddable":true,"href":"https:\/\/wp.ufpel.edu.br\/spaf\/wp-json\/wp\/v2\/users\/530"}],"replies":[{"embeddable":true,"href":"https:\/\/wp.ufpel.edu.br\/spaf\/wp-json\/wp\/v2\/comments?post=428"}],"version-history":[{"count":1,"href":"https:\/\/wp.ufpel.edu.br\/spaf\/wp-json\/wp\/v2\/pages\/428\/revisions"}],"predecessor-version":[{"id":429,"href":"https:\/\/wp.ufpel.edu.br\/spaf\/wp-json\/wp\/v2\/pages\/428\/revisions\/429"}],"up":[{"embeddable":true,"href":"https:\/\/wp.ufpel.edu.br\/spaf\/wp-json\/wp\/v2\/pages\/16"}],"wp:attachment":[{"href":"https:\/\/wp.ufpel.edu.br\/spaf\/wp-json\/wp\/v2\/media?parent=428"}],"curies":[{"name":"wp","href":"https:\/\/api.w.org\/{rel}","templated":true}]}}