{"id":425,"date":"2015-12-15T14:29:11","date_gmt":"2015-12-15T16:29:11","guid":{"rendered":"https:\/\/wp.ufpel.edu.br\/spaf\/?page_id=425"},"modified":"2015-12-15T14:29:30","modified_gmt":"2015-12-15T16:29:30","slug":"dinamica-da-relacao-maquina-solo-i","status":"publish","type":"page","link":"https:\/\/wp.ufpel.edu.br\/spaf\/disciplinas\/dinamica-da-relacao-maquina-solo-i\/","title":{"rendered":"Din\u00e2mica da Rela\u00e7\u00e3o M\u00e1quina-Solo I"},"content":{"rendered":"<table border=\"0\" width=\"100%\">\n<tbody>\n<tr>\n<td bgcolor=\"#F9F9F9\"><span style=\"font-family: 'book antiqua', palatino, serif;font-size: 12pt\"><b class=\"prof\">Din\u00e2mica da Rela\u00e7\u00e3o M\u00e1quina-Solo I<\/b><\/span><\/td>\n<\/tr>\n<\/tbody>\n<\/table>\n<p><span style=\"font-family: 'book antiqua', palatino, serif;font-size: 12pt\">c\u00f3digo: 198116 | carga hor\u00e1ria: 2-0-2 | I semestre<\/span><\/p>\n<p><span style=\"font-family: 'book antiqua', palatino, serif;font-size: 12pt\">Regente: <a class=\"link\" href=\"https:\/\/wp.ufpel.edu.br\/spaf\/docentes\/antonio-lilles-tavares-machado\/\">Ant\u00f4nio Lilles Tavares Machado<\/a><\/span><\/p>\n<p><span style=\"font-family: 'book antiqua', palatino, serif;font-size: 12pt\">Colaborador: <\/span><br \/>\n<span style=\"font-family: 'book antiqua', palatino, serif;font-size: 12pt\">\u00a0\u00a0\u00a0\u00a0\u00a0\u00a0\u00a0\u00a0\u00a0\u00a0\u00a0\u00a0\u00a0\u00a0\u00a0\u00a0\u00a0\u00a0\u00a0 <\/span><\/p>\n<div class=\"docente\"><span style=\"font-family: 'book antiqua', palatino, serif;font-size: 12pt\">Ementa: <\/span><br \/>\n<span style=\"font-family: 'book antiqua', palatino, serif;font-size: 12pt\">Caracteriza\u00e7\u00e3o das principais ferramentas de mobiliza\u00e7\u00e3o e sua intera\u00e7\u00e3o com o solo. Caracter\u00edsticas interface trator-solo. Atributos f\u00edsicos e aspectos da din\u00e2mica do solo aplicados \u00e0 rela\u00e7\u00e3o m\u00e1quina-solo. M\u00e9todos e equipamentos utilizados na pesquisa da rela\u00e7\u00e3o m\u00e1quina-solo. M\u00e9todos para obten\u00e7\u00e3o do esfor\u00e7o de tra\u00e7\u00e3o, pot\u00eancia na barra de tra\u00e7\u00e3o e consumo de combust\u00edvel no tracionamento de m\u00e1quinas e implementos de preparo do solo.<\/span><\/div>\n<p>&nbsp;<\/p>\n","protected":false},"excerpt":{"rendered":"<p>Din\u00e2mica da Rela\u00e7\u00e3o M\u00e1quina-Solo I c\u00f3digo: 198116 | carga hor\u00e1ria: 2-0-2 | I semestre Regente: Ant\u00f4nio Lilles Tavares Machado Colaborador: \u00a0\u00a0\u00a0\u00a0\u00a0\u00a0\u00a0\u00a0\u00a0\u00a0\u00a0\u00a0\u00a0\u00a0\u00a0\u00a0\u00a0\u00a0\u00a0 Ementa: Caracteriza\u00e7\u00e3o das principais ferramentas de mobiliza\u00e7\u00e3o e sua intera\u00e7\u00e3o com o solo. Caracter\u00edsticas interface trator-solo. Atributos f\u00edsicos e aspectos da din\u00e2mica do solo aplicados \u00e0 rela\u00e7\u00e3o m\u00e1quina-solo. M\u00e9todos e equipamentos utilizados na pesquisa [&hellip;]<\/p>\n","protected":false},"author":530,"featured_media":0,"parent":16,"menu_order":0,"comment_status":"closed","ping_status":"closed","template":"","meta":{"jetpack_post_was_ever_published":false,"footnotes":""},"class_list":["post-425","page","type-page","status-publish","hentry"],"jetpack_shortlink":"https:\/\/wp.me\/P7gUJD-6R","jetpack-related-posts":[],"jetpack_sharing_enabled":true,"_links":{"self":[{"href":"https:\/\/wp.ufpel.edu.br\/spaf\/wp-json\/wp\/v2\/pages\/425","targetHints":{"allow":["GET"]}}],"collection":[{"href":"https:\/\/wp.ufpel.edu.br\/spaf\/wp-json\/wp\/v2\/pages"}],"about":[{"href":"https:\/\/wp.ufpel.edu.br\/spaf\/wp-json\/wp\/v2\/types\/page"}],"author":[{"embeddable":true,"href":"https:\/\/wp.ufpel.edu.br\/spaf\/wp-json\/wp\/v2\/users\/530"}],"replies":[{"embeddable":true,"href":"https:\/\/wp.ufpel.edu.br\/spaf\/wp-json\/wp\/v2\/comments?post=425"}],"version-history":[{"count":2,"href":"https:\/\/wp.ufpel.edu.br\/spaf\/wp-json\/wp\/v2\/pages\/425\/revisions"}],"predecessor-version":[{"id":2749,"href":"https:\/\/wp.ufpel.edu.br\/spaf\/wp-json\/wp\/v2\/pages\/425\/revisions\/2749"}],"up":[{"embeddable":true,"href":"https:\/\/wp.ufpel.edu.br\/spaf\/wp-json\/wp\/v2\/pages\/16"}],"wp:attachment":[{"href":"https:\/\/wp.ufpel.edu.br\/spaf\/wp-json\/wp\/v2\/media?parent=425"}],"curies":[{"name":"wp","href":"https:\/\/api.w.org\/{rel}","templated":true}]}}