{"id":418,"date":"2015-12-14T10:08:40","date_gmt":"2015-12-14T12:08:40","guid":{"rendered":"https:\/\/wp.ufpel.edu.br\/spaf\/?page_id=418"},"modified":"2015-12-14T10:09:58","modified_gmt":"2015-12-14T12:09:58","slug":"desenvolvimento-rural-sustentavel","status":"publish","type":"page","link":"https:\/\/wp.ufpel.edu.br\/spaf\/disciplinas\/desenvolvimento-rural-sustentavel\/","title":{"rendered":"Desenvolvimento Rural Sustent\u00e1vel"},"content":{"rendered":"<table border=\"0\" width=\"100%\">\n<tbody>\n<tr>\n<td bgcolor=\"#F9F9F9\"><span style=\"font-family: 'book antiqua', palatino, serif;font-size: 12pt\"><b class=\"prof\">Desenvolvimento Rural Sustent\u00e1vel<\/b><\/span><\/td>\n<\/tr>\n<\/tbody>\n<\/table>\n<p><span style=\"font-family: 'book antiqua', palatino, serif;font-size: 12pt\">c\u00f3digo: 218116 | carga hor\u00e1ria: 4-0-0 | II semestre<\/span><\/p>\n<p><span style=\"font-family: 'book antiqua', palatino, serif;font-size: 12pt\">Regente: <a class=\"link\" href=\"https:\/\/wp.ufpel.edu.br\/spaf\/docentes\/bezerra\/\">Ant\u00f4nio Jorge Amaral Bezerra<\/a><\/span><\/p>\n<p><span style=\"font-family: 'book antiqua', palatino, serif;font-size: 12pt\">Colaborador: <\/span><br \/>\n<span style=\"font-family: 'book antiqua', palatino, serif;font-size: 12pt\">\u00a0\u00a0\u00a0\u00a0\u00a0\u00a0\u00a0\u00a0\u00a0\u00a0\u00a0\u00a0\u00a0\u00a0\u00a0\u00a0\u00a0\u00a0\u00a0 <\/span><\/p>\n<div class=\"docente\"><span style=\"font-family: 'book antiqua', palatino, serif;font-size: 12pt\">Ementa: <\/span><br \/>\n<span style=\"font-family: 'book antiqua', palatino, serif;font-size: 12pt\">Propiciar aos alunos uma nova perspectiva de interpreta\u00e7\u00e3o do desenvolvimento rural, utilizando o instrumental anal\u00edtico da sustentabilidade, agroecologia e da agricultura sustent\u00e1vel<\/span><\/div>\n<p>&nbsp;<\/p>\n","protected":false},"excerpt":{"rendered":"<p>Desenvolvimento Rural Sustent\u00e1vel c\u00f3digo: 218116 | carga hor\u00e1ria: 4-0-0 | II semestre Regente: Ant\u00f4nio Jorge Amaral Bezerra Colaborador: \u00a0\u00a0\u00a0\u00a0\u00a0\u00a0\u00a0\u00a0\u00a0\u00a0\u00a0\u00a0\u00a0\u00a0\u00a0\u00a0\u00a0\u00a0\u00a0 Ementa: Propiciar aos alunos uma nova perspectiva de interpreta\u00e7\u00e3o do desenvolvimento rural, utilizando o instrumental anal\u00edtico da sustentabilidade, agroecologia e da agricultura sustent\u00e1vel &nbsp;<\/p>\n","protected":false},"author":530,"featured_media":0,"parent":16,"menu_order":0,"comment_status":"closed","ping_status":"closed","template":"","meta":{"jetpack_post_was_ever_published":false,"footnotes":""},"class_list":["post-418","page","type-page","status-publish","hentry"],"jetpack_shortlink":"https:\/\/wp.me\/P7gUJD-6K","jetpack-related-posts":[],"jetpack_sharing_enabled":true,"_links":{"self":[{"href":"https:\/\/wp.ufpel.edu.br\/spaf\/wp-json\/wp\/v2\/pages\/418","targetHints":{"allow":["GET"]}}],"collection":[{"href":"https:\/\/wp.ufpel.edu.br\/spaf\/wp-json\/wp\/v2\/pages"}],"about":[{"href":"https:\/\/wp.ufpel.edu.br\/spaf\/wp-json\/wp\/v2\/types\/page"}],"author":[{"embeddable":true,"href":"https:\/\/wp.ufpel.edu.br\/spaf\/wp-json\/wp\/v2\/users\/530"}],"replies":[{"embeddable":true,"href":"https:\/\/wp.ufpel.edu.br\/spaf\/wp-json\/wp\/v2\/comments?post=418"}],"version-history":[{"count":1,"href":"https:\/\/wp.ufpel.edu.br\/spaf\/wp-json\/wp\/v2\/pages\/418\/revisions"}],"predecessor-version":[{"id":419,"href":"https:\/\/wp.ufpel.edu.br\/spaf\/wp-json\/wp\/v2\/pages\/418\/revisions\/419"}],"up":[{"embeddable":true,"href":"https:\/\/wp.ufpel.edu.br\/spaf\/wp-json\/wp\/v2\/pages\/16"}],"wp:attachment":[{"href":"https:\/\/wp.ufpel.edu.br\/spaf\/wp-json\/wp\/v2\/media?parent=418"}],"curies":[{"name":"wp","href":"https:\/\/api.w.org\/{rel}","templated":true}]}}