{"id":409,"date":"2015-12-11T15:59:44","date_gmt":"2015-12-11T17:59:44","guid":{"rendered":"https:\/\/wp.ufpel.edu.br\/spaf\/?page_id=409"},"modified":"2015-12-11T16:04:08","modified_gmt":"2015-12-11T18:04:08","slug":"biologia-do-solo","status":"publish","type":"page","link":"https:\/\/wp.ufpel.edu.br\/spaf\/disciplinas\/biologia-do-solo\/","title":{"rendered":"Biologia do solo"},"content":{"rendered":"<table border=\"0\" width=\"100%\">\n<tbody>\n<tr>\n<td bgcolor=\"#F9F9F9\"><span style=\"font-family: 'book antiqua', palatino, serif;font-size: 12pt\"><b class=\"prof\">Biologia do Solo<\/b><\/span><\/td>\n<\/tr>\n<\/tbody>\n<\/table>\n<p><span style=\"font-family: 'book antiqua', palatino, serif;font-size: 12pt\">c\u00f3digo: 238025 | carga hor\u00e1ria: 2-0-2 | I semestre<\/span><\/p>\n<p><span style=\"font-family: 'book antiqua', palatino, serif;font-size: 12pt\">Regente: <a class=\"link\" href=\"https:\/\/wp.ufpel.edu.br\/spaf\/docentes\/tania\/\">T\u00e2nia Beatriz Gamboa Ara\u00fajo Morselli<\/a><\/span><\/p>\n<p><span style=\"font-family: 'book antiqua', palatino, serif;font-size: 12pt\">Colaborador: <\/span><br \/>\n<span style=\"font-family: 'book antiqua', palatino, serif;font-size: 12pt\">\u00a0\u00a0\u00a0\u00a0\u00a0\u00a0\u00a0\u00a0\u00a0\u00a0\u00a0\u00a0\u00a0\u00a0\u00a0\u00a0\u00a0\u00a0\u00a0 <\/span><\/p>\n<div class=\"docente\"><span style=\"font-family: 'book antiqua', palatino, serif;font-size: 12pt\">Ementa: <\/span><br \/>\n<span style=\"font-family: 'book antiqua', palatino, serif;font-size: 12pt\">Introdu\u00e7\u00e3o ao estudo da biologia do solo. Classifica\u00e7\u00e3o da fauna ed\u00e1fica. Fatores que determinam a fauna ed\u00e1fica. Rela\u00e7\u00e3o da fauna ed\u00e1fica com os atributos f\u00edsicos, qu\u00edmicos e biol\u00f3gicos do solo. A\u00e7\u00e3o da fauna ed\u00e1fica na degrada\u00e7\u00e3o e humifica\u00e7\u00e3o da mat\u00e9ria org\u00e2nica do solo e aquela a ele adicionada. Os sistemas de cultivo e a fauna ed\u00e1fica. Organismos do solo. M\u00e9todos de coleta da fauna ed\u00e1fica. M\u00e9todos de an\u00e1lises laboratoriais. A fauna ed\u00e1fica como indicadora da qualidade do solo. <\/span><\/div>\n<p>&nbsp;<\/p>\n","protected":false},"excerpt":{"rendered":"<p>Biologia do Solo c\u00f3digo: 238025 | carga hor\u00e1ria: 2-0-2 | I semestre Regente: T\u00e2nia Beatriz Gamboa Ara\u00fajo Morselli Colaborador: \u00a0\u00a0\u00a0\u00a0\u00a0\u00a0\u00a0\u00a0\u00a0\u00a0\u00a0\u00a0\u00a0\u00a0\u00a0\u00a0\u00a0\u00a0\u00a0 Ementa: Introdu\u00e7\u00e3o ao estudo da biologia do solo. Classifica\u00e7\u00e3o da fauna ed\u00e1fica. Fatores que determinam a fauna ed\u00e1fica. Rela\u00e7\u00e3o da fauna ed\u00e1fica com os atributos f\u00edsicos, qu\u00edmicos e biol\u00f3gicos do solo. A\u00e7\u00e3o da fauna ed\u00e1fica [&hellip;]<\/p>\n","protected":false},"author":530,"featured_media":0,"parent":16,"menu_order":0,"comment_status":"closed","ping_status":"closed","template":"","meta":{"jetpack_post_was_ever_published":false,"footnotes":""},"class_list":["post-409","page","type-page","status-publish","hentry"],"jetpack_shortlink":"https:\/\/wp.me\/P7gUJD-6B","jetpack-related-posts":[],"jetpack_sharing_enabled":true,"_links":{"self":[{"href":"https:\/\/wp.ufpel.edu.br\/spaf\/wp-json\/wp\/v2\/pages\/409","targetHints":{"allow":["GET"]}}],"collection":[{"href":"https:\/\/wp.ufpel.edu.br\/spaf\/wp-json\/wp\/v2\/pages"}],"about":[{"href":"https:\/\/wp.ufpel.edu.br\/spaf\/wp-json\/wp\/v2\/types\/page"}],"author":[{"embeddable":true,"href":"https:\/\/wp.ufpel.edu.br\/spaf\/wp-json\/wp\/v2\/users\/530"}],"replies":[{"embeddable":true,"href":"https:\/\/wp.ufpel.edu.br\/spaf\/wp-json\/wp\/v2\/comments?post=409"}],"version-history":[{"count":2,"href":"https:\/\/wp.ufpel.edu.br\/spaf\/wp-json\/wp\/v2\/pages\/409\/revisions"}],"predecessor-version":[{"id":411,"href":"https:\/\/wp.ufpel.edu.br\/spaf\/wp-json\/wp\/v2\/pages\/409\/revisions\/411"}],"up":[{"embeddable":true,"href":"https:\/\/wp.ufpel.edu.br\/spaf\/wp-json\/wp\/v2\/pages\/16"}],"wp:attachment":[{"href":"https:\/\/wp.ufpel.edu.br\/spaf\/wp-json\/wp\/v2\/media?parent=409"}],"curies":[{"name":"wp","href":"https:\/\/api.w.org\/{rel}","templated":true}]}}