{"id":4026,"date":"2025-02-26T16:02:40","date_gmt":"2025-02-26T19:02:40","guid":{"rendered":"https:\/\/wp.ufpel.edu.br\/spaf\/?page_id=4026"},"modified":"2026-04-08T14:31:31","modified_gmt":"2026-04-08T17:31:31","slug":"doutorado-2","status":"publish","type":"page","link":"https:\/\/wp.ufpel.edu.br\/spaf\/discentes\/matriculados\/doutorado-2\/","title":{"rendered":"Doutorado"},"content":{"rendered":"<p><span style=\"color: #000000;\"><strong>2026<\/strong><\/span><\/p>\n<p style=\"line-height: 200%;\"><span style=\"color: #000000;\">Cintia Brenner Acosta Franco<\/span><br \/>\n<span style=\"color: #000000;\">Diego Fernandes Figueiredo<\/span><br \/>\n<span style=\"color: #000000;\">Diego Henrique Limberger<\/span><br \/>\n<span style=\"color: #000000;\">Jos\u00e9 Robinson Fabres De Oliveira<\/span><br \/>\n<span style=\"color: #000000;\">Ladislau Seus Silveira<\/span><br \/>\n<span style=\"color: #000000;\">Marcio Leandro Kalkmann<\/span><br \/>\n<span style=\"color: #000000;\">Santos Francisco S\u00f3zinho<\/span><br \/>\n<span style=\"color: #000000;\">Tais Da Rosa Teixeira<\/span><br \/>\n<span style=\"color: #000000;\">Wellington Bonow Rediss<\/span><\/p>\n<p>&nbsp;<\/p>\n<p><span style=\"color: #000000;\"><strong>2025<\/strong><\/span><\/p>\n<p>Caroline Zalamena<\/p>\n<p>Danilo dos Santos Leite<\/p>\n<p>Edwens Dorisca<\/p>\n<p>Fabr\u00edcio Barcelos Motta<\/p>\n<p>Jos\u00e9 Pedro Spies Nolibos<\/p>\n<p>Mar\u00edlia Ribeiro Azambuja<\/p>\n<p>Marizane da Fonseca Duarte<\/p>\n<p>Rafael Galli<\/p>\n<p>Sergio Elmar Bender<\/p>\n<p>Valdenir Pereira Morais<\/p>\n<p>&nbsp;<\/p>\n<p><span style=\"color: #000000;\"><strong>2024<\/strong><\/span><\/p>\n<p>Bruno Scheffer Del Pino<\/p>\n<p>Charle Costa Dos Santos<\/p>\n<p>Danielle Furtado Dos Santos<\/p>\n<p>Michele Barros De Deus Chuquel Da Silva<\/p>\n<p>&nbsp;<\/p>\n<p><strong>2023<\/strong><\/p>\n<p>Ana Beatriz Devantier Henzel<\/p>\n<p>Daniel Hosser Hall<\/p>\n<p>Fabio Andr\u00e9 Mayer<\/p>\n<p>Jo\u00e9lio Farias Maia<\/p>\n<p>Juliana Pereira Pino<\/p>\n<p>L\u00e9ia Beatriz Sell<\/p>\n<p>Luize Silva Mascarenhas<\/p>\n<p>Michel Lopes Pagnossin<\/p>\n<p>Rog\u00e9rio Ramos Weymar<\/p>\n<p>Telmo Lena Garcez<\/p>\n<p>&nbsp;<\/p>\n<p><strong>2022<\/strong><\/p>\n<p>Cl\u00e1udio Ren\u00ea Garcia De Souza<\/p>\n<p>Constancia Maria Samuel Felisberto<\/p>\n<p>Lu\u00eds Ot\u00e1vio Da Fonseca Dias<\/p>\n<p>Tierri Nunes Pozada<\/p>\n<p>Miqueli Sturbelle Schiavon<\/p>\n<p>Ronel Mervil<\/p>\n<p>&nbsp;<\/p>\n<p><strong>2021<\/strong><\/p>\n<p>Clayton Dos Santos Silva<\/p>\n<p>Daiane Roschildt Sperling<\/p>\n<p>Jess\u00e9 Rafael Bento de Lima<\/p>\n<p>Jo\u00e3o Pedro Soares Falson<\/p>\n<p>Josiele Garcia Dutra<\/p>\n<p>Josuan Sturbelle Schiavon<\/p>\n<p>J\u00falia Rodegheiro de Moraes<\/p>\n<p>Marilaine Garcia de Mattos<\/p>\n<p>Marlon Soares Sigales<\/p>\n<p>Michele Pereira Malcorra<\/p>\n<p>Tiago Lopes Bertoldi<\/p>\n<p>Valeria Pohlmann<\/p>\n<p>William Borges Aldrighi<\/p>\n<p>&nbsp;<\/p>\n<p><strong>2020<\/strong><\/p>\n<p>Bianca Pio Avila<\/p>\n<p>Bruna Andressa dos Santos Oliveira<\/p>\n<p>\u00cdsis Marques Goulart<\/p>\n<p>Meri Diana Strauss Foesch<\/p>\n<p>Rafaela de Sousa Correa de Magalh\u00e3es<\/p>\n<p>Tha\u00eds Wacholz Kohler<\/p>\n<p>Viviane Mulech Ritter<\/p>\n<p>&nbsp;<\/p>\n<p><strong>2019<\/strong><\/p>\n<p>Douglas Silva da Rosa<\/p>\n<p>Emerson Carlotto Silveira<\/p>\n<p>Emilia Estefania Villalba Morinigo<\/p>\n<p>Fabiane Kletke de Oliveira<\/p>\n<p>Henrique Carlos Hadler Tr\u00f6ger<\/p>\n<p>Jacir Jo\u00e3o Chies<\/p>\n<p>Joan da Silva Theis<\/p>\n<p>Luciana Nunes Ferreira<\/p>\n<p>Thiago Augusto Henz<\/p>\n<p>Volnei Knopp Zibetti<\/p>\n<p>&nbsp;<\/p>\n<p><strong>2018<\/strong><\/p>\n<p>Aline Soares Pereira<\/p>\n<p>Andr\u00e9ia Santos de Lima<\/p>\n<p>Cristiane Neutzling<\/p>\n<p>Elka Carolina Ojeda<\/p>\n<p>Germano Ehlert Pollnow<\/p>\n<p>Joice Fernanda L\u00fcbke Bonow<\/p>\n<p>Josiane Mendon\u00e7a Vitoria<\/p>\n<p>Lucas Silva Lem\u00f5es<\/p>\n<p>Monica Nardini da Silva<\/p>\n<p>Mussa Mamudo Sal\u00e9<\/p>\n<p>Nixon Da Rosa Westendorff<\/p>\n<p>Otavio Matos Tavares<\/p>\n<p>Patr\u00edcia Marques dos Santos<\/p>\n<p>R\u00e9gis de Araujo Pinheiro<\/p>\n<p>&nbsp;<\/p>\n<p>&nbsp;<\/p>\n<p>&nbsp;<\/p>\n<p>&nbsp;<\/p>\n<p>&nbsp;<\/p>\n<p>&nbsp;<\/p>\n<p>&nbsp;<\/p>\n<p>&nbsp;<\/p>\n<p>&nbsp;<\/p>\n<p>&nbsp;<\/p>\n<p>&nbsp;<\/p>\n<p>&nbsp;<\/p>\n<p>&nbsp;<\/p>\n","protected":false},"excerpt":{"rendered":"<p>2026 Cintia Brenner Acosta Franco Diego Fernandes Figueiredo Diego Henrique Limberger Jos\u00e9 Robinson Fabres De Oliveira Ladislau Seus Silveira Marcio Leandro Kalkmann Santos Francisco S\u00f3zinho Tais Da Rosa Teixeira Wellington Bonow Rediss &nbsp; 2025 Caroline Zalamena Danilo dos Santos Leite Edwens Dorisca Fabr\u00edcio Barcelos Motta Jos\u00e9 Pedro Spies Nolibos Mar\u00edlia Ribeiro Azambuja Marizane da Fonseca [&hellip;]<\/p>\n","protected":false},"author":530,"featured_media":0,"parent":14,"menu_order":2,"comment_status":"closed","ping_status":"closed","template":"","meta":{"jetpack_post_was_ever_published":false,"footnotes":""},"class_list":["post-4026","page","type-page","status-publish","hentry"],"jetpack_shortlink":"https:\/\/wp.me\/P7gUJD-12W","jetpack-related-posts":[],"jetpack_sharing_enabled":true,"_links":{"self":[{"href":"https:\/\/wp.ufpel.edu.br\/spaf\/wp-json\/wp\/v2\/pages\/4026","targetHints":{"allow":["GET"]}}],"collection":[{"href":"https:\/\/wp.ufpel.edu.br\/spaf\/wp-json\/wp\/v2\/pages"}],"about":[{"href":"https:\/\/wp.ufpel.edu.br\/spaf\/wp-json\/wp\/v2\/types\/page"}],"author":[{"embeddable":true,"href":"https:\/\/wp.ufpel.edu.br\/spaf\/wp-json\/wp\/v2\/users\/530"}],"replies":[{"embeddable":true,"href":"https:\/\/wp.ufpel.edu.br\/spaf\/wp-json\/wp\/v2\/comments?post=4026"}],"version-history":[{"count":3,"href":"https:\/\/wp.ufpel.edu.br\/spaf\/wp-json\/wp\/v2\/pages\/4026\/revisions"}],"predecessor-version":[{"id":4646,"href":"https:\/\/wp.ufpel.edu.br\/spaf\/wp-json\/wp\/v2\/pages\/4026\/revisions\/4646"}],"up":[{"embeddable":true,"href":"https:\/\/wp.ufpel.edu.br\/spaf\/wp-json\/wp\/v2\/pages\/14"}],"wp:attachment":[{"href":"https:\/\/wp.ufpel.edu.br\/spaf\/wp-json\/wp\/v2\/media?parent=4026"}],"curies":[{"name":"wp","href":"https:\/\/api.w.org\/{rel}","templated":true}]}}