{"id":394,"date":"2015-12-11T12:33:17","date_gmt":"2015-12-11T14:33:17","guid":{"rendered":"https:\/\/wp.ufpel.edu.br\/spaf\/?page_id=394"},"modified":"2015-12-21T11:11:08","modified_gmt":"2015-12-21T13:11:08","slug":"agrometeorologia","status":"publish","type":"page","link":"https:\/\/wp.ufpel.edu.br\/spaf\/disciplinas\/agrometeorologia\/","title":{"rendered":"Agrometeorologia"},"content":{"rendered":"<table border=\"0\" width=\"100%\">\n<tbody>\n<tr>\n<td bgcolor=\"#F9F9F9\"><b class=\"prof\">Agrometeorologia<\/b><\/td>\n<\/tr>\n<\/tbody>\n<\/table>\n<p>c\u00f3digo: 218065 | carga hor\u00e1ria: 4-0-0 | I semestre<\/p>\n<p>Regente: <a class=\"link\" href=\"https:\/\/wp.ufpel.edu.br\/spaf\/docentes\/edgar-ricardo-schoffel\/\">Edgar Ricardo Sch\u00f6ffel<\/a><\/p>\n<p>Colaborador: <a class=\"link\" href=\"http:\/\/lattes.cnpq.br\/5712333917329135\">Roberto Trentin<\/a><\/p>\n<div class=\"docente\"><span style=\"font-family: 'book antiqua', palatino, serif;font-size: 12pt\">Ementa:<\/span><br \/>\n<span style=\"font-family: 'book antiqua', palatino, serif;font-size: 12pt\"> Caracteriza\u00e7\u00e3o da radia\u00e7\u00e3o solar, intercepta\u00e7\u00e3o e uso pelas culturas. Balan\u00e7o de energia. Modifica\u00e7\u00f5es t\u00e9rmicas do solo. Exig\u00eancias t\u00e9rmicas das culturas. Consumo de \u00e1gua. Balan\u00e7o h\u00eddrico. Elementos clim\u00e1ticos adversos (geada, precipita\u00e7\u00f5es excessivas &#8230;). Caracteriza\u00e7\u00e3o agroclim\u00e1tica de ambientes protegidos.<\/span><\/div>\n<p>&nbsp;<\/p>\n","protected":false},"excerpt":{"rendered":"<p>Agrometeorologia c\u00f3digo: 218065 | carga hor\u00e1ria: 4-0-0 | I semestre Regente: Edgar Ricardo Sch\u00f6ffel Colaborador: Roberto Trentin Ementa: Caracteriza\u00e7\u00e3o da radia\u00e7\u00e3o solar, intercepta\u00e7\u00e3o e uso pelas culturas. Balan\u00e7o de energia. Modifica\u00e7\u00f5es t\u00e9rmicas do solo. Exig\u00eancias t\u00e9rmicas das culturas. Consumo de \u00e1gua. Balan\u00e7o h\u00eddrico. Elementos clim\u00e1ticos adversos (geada, precipita\u00e7\u00f5es excessivas &#8230;). Caracteriza\u00e7\u00e3o agroclim\u00e1tica de ambientes protegidos. [&hellip;]<\/p>\n","protected":false},"author":530,"featured_media":0,"parent":16,"menu_order":0,"comment_status":"closed","ping_status":"closed","template":"","meta":{"jetpack_post_was_ever_published":false,"footnotes":""},"class_list":["post-394","page","type-page","status-publish","hentry"],"jetpack_shortlink":"https:\/\/wp.me\/P7gUJD-6m","jetpack-related-posts":[],"jetpack_sharing_enabled":true,"_links":{"self":[{"href":"https:\/\/wp.ufpel.edu.br\/spaf\/wp-json\/wp\/v2\/pages\/394","targetHints":{"allow":["GET"]}}],"collection":[{"href":"https:\/\/wp.ufpel.edu.br\/spaf\/wp-json\/wp\/v2\/pages"}],"about":[{"href":"https:\/\/wp.ufpel.edu.br\/spaf\/wp-json\/wp\/v2\/types\/page"}],"author":[{"embeddable":true,"href":"https:\/\/wp.ufpel.edu.br\/spaf\/wp-json\/wp\/v2\/users\/530"}],"replies":[{"embeddable":true,"href":"https:\/\/wp.ufpel.edu.br\/spaf\/wp-json\/wp\/v2\/comments?post=394"}],"version-history":[{"count":6,"href":"https:\/\/wp.ufpel.edu.br\/spaf\/wp-json\/wp\/v2\/pages\/394\/revisions"}],"predecessor-version":[{"id":1473,"href":"https:\/\/wp.ufpel.edu.br\/spaf\/wp-json\/wp\/v2\/pages\/394\/revisions\/1473"}],"up":[{"embeddable":true,"href":"https:\/\/wp.ufpel.edu.br\/spaf\/wp-json\/wp\/v2\/pages\/16"}],"wp:attachment":[{"href":"https:\/\/wp.ufpel.edu.br\/spaf\/wp-json\/wp\/v2\/media?parent=394"}],"curies":[{"name":"wp","href":"https:\/\/api.w.org\/{rel}","templated":true}]}}