{"id":390,"date":"2015-12-11T12:29:46","date_gmt":"2015-12-11T14:29:46","guid":{"rendered":"https:\/\/wp.ufpel.edu.br\/spaf\/?page_id=390"},"modified":"2015-12-11T12:48:10","modified_gmt":"2015-12-11T14:48:10","slug":"agroenergetica","status":"publish","type":"page","link":"https:\/\/wp.ufpel.edu.br\/spaf\/disciplinas\/agroenergetica\/","title":{"rendered":"Agroenerg\u00e9tica"},"content":{"rendered":"<table border=\"0\" width=\"100%\">\n<tbody>\n<tr>\n<td bgcolor=\"#F9F9F9\"><span style=\"font-size: 12pt;font-family: 'book antiqua', palatino, serif\"><b class=\"prof\">Agroenerg\u00e9tica<\/b><\/span><\/td>\n<\/tr>\n<\/tbody>\n<\/table>\n<p><span style=\"font-size: 12pt;font-family: 'book antiqua', palatino, serif\">c\u00f3digo: 218132 | carga hor\u00e1ria: 4-0-0 | II semestre<\/span><\/p>\n<p><span style=\"font-size: 12pt;font-family: 'book antiqua', palatino, serif\">Regente: <a class=\"link\" href=\"http:\/\/lattes.cnpq.br\/7566720069490542\">Luis Ant\u00f4nio Verissimo Corr\u00eaa<\/a><\/span><\/p>\n<p><span style=\"font-size: 12pt;font-family: 'book antiqua', palatino, serif\">Colaborador:<\/span><\/p>\n<div class=\"docente\"><span style=\"font-size: 12pt;font-family: 'book antiqua', palatino, serif\">Ementa:<\/span><br \/>\n<span style=\"font-size: 12pt;font-family: 'book antiqua', palatino, serif\"> Avaliar a potencialidade de esp\u00e9cies vegetais e res\u00edduos agr\u00edcolas para gera\u00e7\u00e3o de energia el\u00e9trica ou t\u00e9rmica, calcular o balan\u00e7o energ\u00e9tico e estudar os processos de transforma\u00e7\u00e3o envolvidos para cada tipo de produto final: biocombust\u00edveis s\u00f3lidos, l\u00edquidos ou gasosos. Estudar o potencial de utiliza\u00e7\u00e3o de cultivos energ\u00e9ticos j\u00e1 existentes e de novas esp\u00e9cies. Avaliar as possibilidades de aproveitamento de res\u00edduos agr\u00edcolas para fins energ\u00e9ticos. Entender os processos de transforma\u00e7\u00e3o da biomassa para a produ\u00e7\u00e3o de energia. Estabelecer estrat\u00e9gias de aproveitamento da biomassa para produ\u00e7\u00e3o de energia em comunidades onde n\u00e3o chega a energia convencional. Definir o balan\u00e7o energ\u00e9tico dos cultivos e res\u00edduos utilizados para produ\u00e7\u00e3o de energia.<\/span><\/div>\n<p>&nbsp;<\/p>\n","protected":false},"excerpt":{"rendered":"<p>Agroenerg\u00e9tica c\u00f3digo: 218132 | carga hor\u00e1ria: 4-0-0 | II semestre Regente: Luis Ant\u00f4nio Verissimo Corr\u00eaa Colaborador: Ementa: Avaliar a potencialidade de esp\u00e9cies vegetais e res\u00edduos agr\u00edcolas para gera\u00e7\u00e3o de energia el\u00e9trica ou t\u00e9rmica, calcular o balan\u00e7o energ\u00e9tico e estudar os processos de transforma\u00e7\u00e3o envolvidos para cada tipo de produto final: biocombust\u00edveis s\u00f3lidos, l\u00edquidos ou gasosos. [&hellip;]<\/p>\n","protected":false},"author":530,"featured_media":0,"parent":16,"menu_order":0,"comment_status":"closed","ping_status":"closed","template":"","meta":{"jetpack_post_was_ever_published":false,"footnotes":""},"class_list":["post-390","page","type-page","status-publish","hentry"],"jetpack_shortlink":"https:\/\/wp.me\/P7gUJD-6i","jetpack-related-posts":[],"jetpack_sharing_enabled":true,"_links":{"self":[{"href":"https:\/\/wp.ufpel.edu.br\/spaf\/wp-json\/wp\/v2\/pages\/390","targetHints":{"allow":["GET"]}}],"collection":[{"href":"https:\/\/wp.ufpel.edu.br\/spaf\/wp-json\/wp\/v2\/pages"}],"about":[{"href":"https:\/\/wp.ufpel.edu.br\/spaf\/wp-json\/wp\/v2\/types\/page"}],"author":[{"embeddable":true,"href":"https:\/\/wp.ufpel.edu.br\/spaf\/wp-json\/wp\/v2\/users\/530"}],"replies":[{"embeddable":true,"href":"https:\/\/wp.ufpel.edu.br\/spaf\/wp-json\/wp\/v2\/comments?post=390"}],"version-history":[{"count":7,"href":"https:\/\/wp.ufpel.edu.br\/spaf\/wp-json\/wp\/v2\/pages\/390\/revisions"}],"predecessor-version":[{"id":408,"href":"https:\/\/wp.ufpel.edu.br\/spaf\/wp-json\/wp\/v2\/pages\/390\/revisions\/408"}],"up":[{"embeddable":true,"href":"https:\/\/wp.ufpel.edu.br\/spaf\/wp-json\/wp\/v2\/pages\/16"}],"wp:attachment":[{"href":"https:\/\/wp.ufpel.edu.br\/spaf\/wp-json\/wp\/v2\/media?parent=390"}],"curies":[{"name":"wp","href":"https:\/\/api.w.org\/{rel}","templated":true}]}}