{"id":382,"date":"2015-12-11T12:12:22","date_gmt":"2015-12-11T14:12:22","guid":{"rendered":"https:\/\/wp.ufpel.edu.br\/spaf\/?page_id=382"},"modified":"2024-09-23T13:53:46","modified_gmt":"2024-09-23T16:53:46","slug":"adversi","status":"publish","type":"page","link":"https:\/\/wp.ufpel.edu.br\/spaf\/disciplinas\/adversi\/","title":{"rendered":"Adversidades clim\u00e1ticas"},"content":{"rendered":"<table border=\"0\" width=\"100%\">\n<tbody>\n<tr>\n<td bgcolor=\"#F9F9F9\"><span style=\"font-size: 12pt;\"><b class=\"prof\">Adversidades Clim\u00e1ticas na Agricultura<\/b><\/span><\/td>\n<\/tr>\n<\/tbody>\n<\/table>\n<p><span style=\"font-size: 12pt;\">c\u00f3digo: 218165 | carga hor\u00e1ria: 4-0-0 | II semestre<\/span><\/p>\n<p><span style=\"font-size: 12pt;\">Regente: <a class=\"link\" href=\"https:\/\/wp.ufpel.edu.br\/spaf\/docentes\/edgar-ricardo-schoffel\/\">Edgar Ricardo Sch\u00f6ffel<\/a><\/span><\/p>\n<p><span style=\"font-size: 12pt;\">Colaborador: <a class=\"link\" href=\"http:\/\/lattes.cnpq.br\/5712333917329135\">Roberto Trentin<\/a><\/span><\/p>\n<p><span style=\"font-size: 12pt;\">Ementa:<\/span><br \/>\n<span style=\"font-size: 12pt;\"> Fundamentos sobre a forma\u00e7\u00e3o, previs\u00e3o e determina\u00e7\u00e3o dos fen\u00f4menos clim\u00e1ticos adversos: temperaturas extremas, d\u00e9ficit h\u00eddrico, chuvas excessivas, granizo e vento. Medidas para controle ou combate das adversidades clim\u00e1ticas. Influ\u00eancia das adversidades clim\u00e1ticas na produ\u00e7\u00e3o das principais esp\u00e9cies cultivadas.<\/span><\/p>\n","protected":false},"excerpt":{"rendered":"<p>Adversidades Clim\u00e1ticas na Agricultura c\u00f3digo: 218165 | carga hor\u00e1ria: 4-0-0 | II semestre Regente: Edgar Ricardo Sch\u00f6ffel Colaborador: Roberto Trentin Ementa: Fundamentos sobre a forma\u00e7\u00e3o, previs\u00e3o e determina\u00e7\u00e3o dos fen\u00f4menos clim\u00e1ticos adversos: temperaturas extremas, d\u00e9ficit h\u00eddrico, chuvas excessivas, granizo e vento. Medidas para controle ou combate das adversidades clim\u00e1ticas. Influ\u00eancia das adversidades clim\u00e1ticas na produ\u00e7\u00e3o [&hellip;]<\/p>\n","protected":false},"author":530,"featured_media":0,"parent":16,"menu_order":0,"comment_status":"closed","ping_status":"closed","template":"","meta":{"jetpack_post_was_ever_published":false,"footnotes":""},"class_list":["post-382","page","type-page","status-publish","hentry"],"jetpack_shortlink":"https:\/\/wp.me\/P7gUJD-6a","jetpack-related-posts":[],"jetpack_sharing_enabled":true,"_links":{"self":[{"href":"https:\/\/wp.ufpel.edu.br\/spaf\/wp-json\/wp\/v2\/pages\/382","targetHints":{"allow":["GET"]}}],"collection":[{"href":"https:\/\/wp.ufpel.edu.br\/spaf\/wp-json\/wp\/v2\/pages"}],"about":[{"href":"https:\/\/wp.ufpel.edu.br\/spaf\/wp-json\/wp\/v2\/types\/page"}],"author":[{"embeddable":true,"href":"https:\/\/wp.ufpel.edu.br\/spaf\/wp-json\/wp\/v2\/users\/530"}],"replies":[{"embeddable":true,"href":"https:\/\/wp.ufpel.edu.br\/spaf\/wp-json\/wp\/v2\/comments?post=382"}],"version-history":[{"count":8,"href":"https:\/\/wp.ufpel.edu.br\/spaf\/wp-json\/wp\/v2\/pages\/382\/revisions"}],"predecessor-version":[{"id":3731,"href":"https:\/\/wp.ufpel.edu.br\/spaf\/wp-json\/wp\/v2\/pages\/382\/revisions\/3731"}],"up":[{"embeddable":true,"href":"https:\/\/wp.ufpel.edu.br\/spaf\/wp-json\/wp\/v2\/pages\/16"}],"wp:attachment":[{"href":"https:\/\/wp.ufpel.edu.br\/spaf\/wp-json\/wp\/v2\/media?parent=382"}],"curies":[{"name":"wp","href":"https:\/\/api.w.org\/{rel}","templated":true}]}}