{"id":3545,"date":"2023-09-19T13:15:14","date_gmt":"2023-09-19T16:15:14","guid":{"rendered":"https:\/\/wp.ufpel.edu.br\/spaf\/?page_id=3545"},"modified":"2023-09-19T13:15:14","modified_gmt":"2023-09-19T16:15:14","slug":"identidade-visual","status":"publish","type":"page","link":"https:\/\/wp.ufpel.edu.br\/spaf\/identidade-visual\/","title":{"rendered":"Identidade Visual"},"content":{"rendered":"<p>A seguir nossa logo disponibilizada vetorizada, em est\u00e9tica gr\u00e1fica original e adequada em tom acinzentado. Indicamos que a logo do Programa de P\u00f3s Gradua\u00e7\u00e3o em Agricultura Familiar componha cabe\u00e7alhos de documentos oficiais e layouts de materiais produzidos pela equipe do programa, como l\u00e2minas de slides e posters para congressos.<\/p>\n<p>N\u00e3o autorizamos a utiliza\u00e7\u00e3o da logo em materiais que n\u00e3o sejam produzidos por componentes do programa ou que n\u00e3o passem por avalia\u00e7\u00e3o pr\u00e9via dos mesmos. Para consulta de casos excepcionais para utiliza\u00e7\u00e3o externa entrar em contato via e-mail.<\/p>\n<ul>\n<li><a href=\"https:\/\/wp.ufpel.edu.br\/spaf\/files\/2023\/09\/PADRAO-ALTA-QUALIDADE-VETOR-1.png\">Est\u00e9tica gr\u00e1fica original vetorizada<\/a><\/li>\n<li><a href=\"https:\/\/wp.ufpel.edu.br\/spaf\/files\/2023\/09\/SPAF-ALTA-QUALIDADE-1.jpg\">Est\u00e9tica gr\u00e1fica n\u00e3o\u00a0 vetorizada<\/a><\/li>\n<li><a href=\"https:\/\/wp.ufpel.edu.br\/spaf\/files\/2023\/09\/CINZA-VETOR-1.png\">Est\u00e9tica gr\u00e1fica vetorizada em tom acinzentado<\/a><\/li>\n<li><a href=\"https:\/\/wp.ufpel.edu.br\/spaf\/files\/2023\/09\/PRETO-VETOR-1.png\">Vers\u00e3o simplificada em preto<\/a><\/li>\n<\/ul>\n","protected":false},"excerpt":{"rendered":"<p>A seguir nossa logo disponibilizada vetorizada, em est\u00e9tica gr\u00e1fica original e adequada em tom acinzentado. Indicamos que a logo do Programa de P\u00f3s Gradua\u00e7\u00e3o em Agricultura Familiar componha cabe\u00e7alhos de documentos oficiais e layouts de materiais produzidos pela equipe do programa, como l\u00e2minas de slides e posters para congressos. N\u00e3o autorizamos a utiliza\u00e7\u00e3o da logo [&hellip;]<\/p>\n","protected":false},"author":530,"featured_media":0,"parent":0,"menu_order":0,"comment_status":"closed","ping_status":"closed","template":"","meta":{"jetpack_post_was_ever_published":false,"footnotes":""},"class_list":["post-3545","page","type-page","status-publish","hentry"],"jetpack_shortlink":"https:\/\/wp.me\/P7gUJD-Vb","jetpack-related-posts":[],"jetpack_sharing_enabled":true,"_links":{"self":[{"href":"https:\/\/wp.ufpel.edu.br\/spaf\/wp-json\/wp\/v2\/pages\/3545","targetHints":{"allow":["GET"]}}],"collection":[{"href":"https:\/\/wp.ufpel.edu.br\/spaf\/wp-json\/wp\/v2\/pages"}],"about":[{"href":"https:\/\/wp.ufpel.edu.br\/spaf\/wp-json\/wp\/v2\/types\/page"}],"author":[{"embeddable":true,"href":"https:\/\/wp.ufpel.edu.br\/spaf\/wp-json\/wp\/v2\/users\/530"}],"replies":[{"embeddable":true,"href":"https:\/\/wp.ufpel.edu.br\/spaf\/wp-json\/wp\/v2\/comments?post=3545"}],"version-history":[{"count":1,"href":"https:\/\/wp.ufpel.edu.br\/spaf\/wp-json\/wp\/v2\/pages\/3545\/revisions"}],"predecessor-version":[{"id":3551,"href":"https:\/\/wp.ufpel.edu.br\/spaf\/wp-json\/wp\/v2\/pages\/3545\/revisions\/3551"}],"wp:attachment":[{"href":"https:\/\/wp.ufpel.edu.br\/spaf\/wp-json\/wp\/v2\/media?parent=3545"}],"curies":[{"name":"wp","href":"https:\/\/api.w.org\/{rel}","templated":true}]}}