{"id":3394,"date":"2023-05-25T14:11:15","date_gmt":"2023-05-25T17:11:15","guid":{"rendered":"https:\/\/wp.ufpel.edu.br\/spaf\/?page_id=3394"},"modified":"2023-05-25T14:11:15","modified_gmt":"2023-05-25T17:11:15","slug":"agrossociobiodiversidade-e-sementes-crioulas-2","status":"publish","type":"page","link":"https:\/\/wp.ufpel.edu.br\/spaf\/agrossociobiodiversidade-e-sementes-crioulas-2\/","title":{"rendered":"AGROSSOCIOBIODIVERSIDADE E SEMENTES CRIOULAS"},"content":{"rendered":"<p>C\u00d3DIGO: 01000005\u00a0\u00a0\u00a0 | carga hor\u00e1ria: 4-0-0 | II semestre<\/p>\n<p>Regente:<\/p>\n<p>Evolu\u00e7\u00e3o dos sistemas agr\u00edcolas e agrobiodiversidade. Sele\u00e7\u00e3o e domestica\u00e7\u00e3o. Eros\u00e3o gen\u00e9tica e cultural. Formas de conserva\u00e7\u00e3o da agrobiodiversidade. A conserva\u00e7\u00e3o on farm. Agrobiodiversidade e sementes crioulas. Sele\u00e7\u00e3o, uso e conserva\u00e7\u00e3o. O manejo da agrobiodiversidade no agroecossistema. Agrobiodiversidade e sociobiodiversidade. Agrobiodiversidade e etnobiodiversidade. Regulamenta\u00e7\u00e3o jur\u00eddica e tratados internacionais associados \u00e0 agrobiodiversidade.<\/p>\n<p>c\u00f3digo: 218124 | carga hor\u00e1ria: 2-0-2 | I semestre<\/p>\n<p>Regente:\u00a0<a href=\"https:\/\/wp.ufpel.edu.br\/spaf\/docentes\/roberta-marins-nogueira-peil\/\"><u>Patr\u00edcia Martins da Silva<\/u>eil<\/a><\/p>\n<p>Colaborador: Iraj\u00e1 Ferreira Antunes<\/p>\n","protected":false},"excerpt":{"rendered":"<p>C\u00d3DIGO: 01000005\u00a0\u00a0\u00a0 | carga hor\u00e1ria: 4-0-0 | II semestre Regente: Evolu\u00e7\u00e3o dos sistemas agr\u00edcolas e agrobiodiversidade. Sele\u00e7\u00e3o e domestica\u00e7\u00e3o. Eros\u00e3o gen\u00e9tica e cultural. Formas de conserva\u00e7\u00e3o da agrobiodiversidade. A conserva\u00e7\u00e3o on farm. Agrobiodiversidade e sementes crioulas. Sele\u00e7\u00e3o, uso e conserva\u00e7\u00e3o. O manejo da agrobiodiversidade no agroecossistema. Agrobiodiversidade e sociobiodiversidade. Agrobiodiversidade e etnobiodiversidade. Regulamenta\u00e7\u00e3o jur\u00eddica e [&hellip;]<\/p>\n","protected":false},"author":530,"featured_media":0,"parent":0,"menu_order":0,"comment_status":"closed","ping_status":"closed","template":"","meta":{"jetpack_post_was_ever_published":false,"footnotes":""},"class_list":["post-3394","page","type-page","status-publish","hentry"],"jetpack_shortlink":"https:\/\/wp.me\/P7gUJD-SK","jetpack-related-posts":[],"jetpack_sharing_enabled":true,"_links":{"self":[{"href":"https:\/\/wp.ufpel.edu.br\/spaf\/wp-json\/wp\/v2\/pages\/3394","targetHints":{"allow":["GET"]}}],"collection":[{"href":"https:\/\/wp.ufpel.edu.br\/spaf\/wp-json\/wp\/v2\/pages"}],"about":[{"href":"https:\/\/wp.ufpel.edu.br\/spaf\/wp-json\/wp\/v2\/types\/page"}],"author":[{"embeddable":true,"href":"https:\/\/wp.ufpel.edu.br\/spaf\/wp-json\/wp\/v2\/users\/530"}],"replies":[{"embeddable":true,"href":"https:\/\/wp.ufpel.edu.br\/spaf\/wp-json\/wp\/v2\/comments?post=3394"}],"version-history":[{"count":1,"href":"https:\/\/wp.ufpel.edu.br\/spaf\/wp-json\/wp\/v2\/pages\/3394\/revisions"}],"predecessor-version":[{"id":3396,"href":"https:\/\/wp.ufpel.edu.br\/spaf\/wp-json\/wp\/v2\/pages\/3394\/revisions\/3396"}],"wp:attachment":[{"href":"https:\/\/wp.ufpel.edu.br\/spaf\/wp-json\/wp\/v2\/media?parent=3394"}],"curies":[{"name":"wp","href":"https:\/\/api.w.org\/{rel}","templated":true}]}}