{"id":3372,"date":"2023-05-15T10:45:50","date_gmt":"2023-05-15T13:45:50","guid":{"rendered":"https:\/\/wp.ufpel.edu.br\/spaf\/?page_id=3372"},"modified":"2025-06-26T17:49:05","modified_gmt":"2025-06-26T20:49:05","slug":"selecao","status":"publish","type":"page","link":"https:\/\/wp.ufpel.edu.br\/spaf\/selecao\/","title":{"rendered":"Edital de sele\u00e7\u00e3o"},"content":{"rendered":"<p><span style=\"font-size: 24pt;\"><strong><span style=\"background-color: #ffffff;\">SELE\u00c7\u00c3O 2025\/2.<\/span><\/strong><\/span><\/p>\n<p><span style=\"font-size: 24pt;\">INSCRI\u00c7\u00d5ES ABERTAS!<\/span><\/p>\n<p><span style=\"font-size: 24pt;\">ACESSE O LINK: \u00a0\u00a0<span style=\"color: #0000ff;\"><a style=\"color: #0000ff;\" href=\"https:\/\/wp.ufpel.edu.br\/spaf\/2025\/06\/16\/selecao-de-aluno-regular-2025-2\/\">PPGSPAF \u00bb SELE\u00c7\u00c3O DE ALUNO REGULAR (2025\/2)<\/a><\/span><\/span><\/p>\n<p>&nbsp;<\/p>\n<p>&nbsp;<\/p>\n<p><span style=\"color: #999999; font-size: 10pt;\">Sele\u00e7\u00e3o 2024.<\/span><\/p>\n<p><span style=\"color: #999999; font-size: 10pt;\"><a style=\"color: #999999;\" href=\"https:\/\/wp.ufpel.edu.br\/spaf\/files\/2023\/12\/EDITAL-DE-SELECAO-2024.1-2477931.pdf\">Edital 2024<\/a><\/span><\/p>\n<p><span style=\"color: #999999; font-size: 10pt;\"><a style=\"color: #999999;\" href=\"https:\/\/wp.ufpel.edu.br\/spaf\/files\/2023\/12\/Formulario_Inscricao_2024.docx\">Requerimento de inscri\u00e7\u00e3o<\/a><\/span><\/p>\n<p><span style=\"color: #999999; font-size: 10pt;\"><a style=\"color: #999999;\" href=\"https:\/\/wp.ufpel.edu.br\/spaf\/files\/2023\/12\/Anexo-I.xlsx\">Anexo I<\/a><\/span><\/p>\n<p><span style=\"color: #999999; font-size: 10pt;\"><a style=\"color: #999999;\" href=\"https:\/\/wp.ufpel.edu.br\/spaf\/files\/2023\/12\/Anexo-II.xlsx\">Anexo II<\/a><\/span><\/p>\n<p><span style=\"color: #999999; font-size: 10pt;\"><a style=\"color: #999999;\" href=\"https:\/\/wp.ufpel.edu.br\/spaf\/files\/2023\/12\/Anexo-III.pdf\">Anexo III<\/a><\/span><\/p>\n<p><span style=\"color: #999999; font-size: 10pt;\"><a style=\"color: #999999;\" href=\"https:\/\/wp.ufpel.edu.br\/spaf\/files\/2023\/12\/Anexo-IV-.pdf\">Anexo IV<\/a><\/span><\/p>\n<p><span style=\"color: #999999; font-size: 10pt;\"><a style=\"color: #999999;\" href=\"https:\/\/wp.ufpel.edu.br\/spaf\/files\/2023\/12\/Tutorial-para-combinar-arquivos-em-PDF.pdf\">Tutorial para combinar arquivos<\/a><\/span><\/p>\n<p><span style=\"color: #999999; font-size: 10pt;\"><a class=\"mtli_attachment mtli_pdf\" style=\"color: #999999;\" href=\"https:\/\/wp.ufpel.edu.br\/spaf\/files\/2023\/05\/classificacoes_publicadas_ciencias_agrarias_i_2022_1672761160174-1.pdf\">Tabela de classifica\u00e7\u00e3o\u00a0<strong>Capes<\/strong><\/a><\/span><\/p>\n<p><span style=\"color: #999999; font-size: 8pt;\"><a style=\"color: #999999;\" href=\"https:\/\/wp.ufpel.edu.br\/spaf\/files\/2024\/02\/Inscricoes-homologadas-as-candidaturas-relacionadas-no-processo-seletivo-para-o-mestrado-e-doutorado-do-PPGSPAF-2024-1.pdf\">Inscri\u00e7\u00f5es Homologadas<\/a><\/span><\/p>\n<p><span style=\"color: #999999; font-size: 8pt;\"><a style=\"color: #999999;\" href=\"https:\/\/wp.ufpel.edu.br\/spaf\/files\/2024\/02\/Inscricoes-classificadasas-candidaturas-relacionadas-no-processo-seletivo-para-o-mestrado-e-doutorado-do-PPGSPAF-2024-2.pdf\">Inscri\u00e7\u00f5es Classificadas<\/a><\/span><\/p>\n<p><span style=\"color: #999999; font-size: 8pt;\"><a style=\"color: #999999;\" href=\"https:\/\/wp.ufpel.edu.br\/spaf\/files\/2024\/03\/Resultado-final-do-Edital-de-Selecao.docx.pdf\">Resultado final<\/a><\/span><\/p>\n","protected":false},"excerpt":{"rendered":"<p>SELE\u00c7\u00c3O 2025\/2. INSCRI\u00c7\u00d5ES ABERTAS! ACESSE O LINK: \u00a0\u00a0PPGSPAF \u00bb SELE\u00c7\u00c3O DE ALUNO REGULAR (2025\/2) &nbsp; &nbsp; Sele\u00e7\u00e3o 2024. Edital 2024 Requerimento de inscri\u00e7\u00e3o Anexo I Anexo II Anexo III Anexo IV Tutorial para combinar arquivos Tabela de classifica\u00e7\u00e3o\u00a0Capes Inscri\u00e7\u00f5es Homologadas Inscri\u00e7\u00f5es Classificadas Resultado final<\/p>\n","protected":false},"author":530,"featured_media":0,"parent":0,"menu_order":0,"comment_status":"closed","ping_status":"closed","template":"","meta":{"jetpack_post_was_ever_published":false,"footnotes":""},"class_list":["post-3372","page","type-page","status-publish","hentry"],"jetpack_shortlink":"https:\/\/wp.me\/P7gUJD-So","jetpack-related-posts":[],"jetpack_sharing_enabled":true,"_links":{"self":[{"href":"https:\/\/wp.ufpel.edu.br\/spaf\/wp-json\/wp\/v2\/pages\/3372","targetHints":{"allow":["GET"]}}],"collection":[{"href":"https:\/\/wp.ufpel.edu.br\/spaf\/wp-json\/wp\/v2\/pages"}],"about":[{"href":"https:\/\/wp.ufpel.edu.br\/spaf\/wp-json\/wp\/v2\/types\/page"}],"author":[{"embeddable":true,"href":"https:\/\/wp.ufpel.edu.br\/spaf\/wp-json\/wp\/v2\/users\/530"}],"replies":[{"embeddable":true,"href":"https:\/\/wp.ufpel.edu.br\/spaf\/wp-json\/wp\/v2\/comments?post=3372"}],"version-history":[{"count":57,"href":"https:\/\/wp.ufpel.edu.br\/spaf\/wp-json\/wp\/v2\/pages\/3372\/revisions"}],"predecessor-version":[{"id":4255,"href":"https:\/\/wp.ufpel.edu.br\/spaf\/wp-json\/wp\/v2\/pages\/3372\/revisions\/4255"}],"wp:attachment":[{"href":"https:\/\/wp.ufpel.edu.br\/spaf\/wp-json\/wp\/v2\/media?parent=3372"}],"curies":[{"name":"wp","href":"https:\/\/api.w.org\/{rel}","templated":true}]}}