{"id":2747,"date":"2021-05-17T17:21:44","date_gmt":"2021-05-17T20:21:44","guid":{"rendered":"https:\/\/wp.ufpel.edu.br\/spaf\/?page_id=2747"},"modified":"2021-05-17T17:21:44","modified_gmt":"2021-05-17T20:21:44","slug":"ensaio-de-maquinas-agricolas","status":"publish","type":"page","link":"https:\/\/wp.ufpel.edu.br\/spaf\/ensaio-de-maquinas-agricolas\/","title":{"rendered":"Ensaio de M\u00e1quinas agr\u00edcolas"},"content":{"rendered":"<p>&nbsp;<\/p>\n<table style=\"border-collapse: collapse;width: 100%\" border=\"1\">\n<tbody>\n<tr>\n<td style=\"width: 100%\">Ensaio de M\u00e1quinas agr\u00edcolas<\/td>\n<\/tr>\n<\/tbody>\n<\/table>\n<p style=\"text-align: justify\">C\u00f3digo: 198066 | carga hor\u00e1ria: 2-0-2 | II semestre<br \/>\nRespons\u00e1vel: <a href=\"https:\/\/wp.ufpel.edu.br\/spaf\/docentes\/fabricio-ardais-medeiros\/\">Fabricio Ardais Medeiros<\/a><br \/>\nColaborador:<br \/>\nEmenta:<br \/>\nO objetivo da disciplina de ensaio de m\u00e1quinas agr\u00edcolas est\u00e1 em avaliar o desempenho de tratores e implementos agr\u00edcolas. \u00c9 composto por uma s\u00e9rie de testes padronizados conforme Norma ABNT, apresentando tamb\u00e9m os m\u00e9todos para obten\u00e7\u00e3o do esfor\u00e7o de tra\u00e7\u00e3o, pot\u00eancia na barra de tra\u00e7\u00e3o e consumo de combust\u00edvel no tracionamento de m\u00e1quinas e implementos de preparo do solo. Os resultados gerados na disciplina apresentam uma forma na qual \u00e9 poss\u00edvel obter dados para a compara\u00e7\u00e3o do desempenho entre tratores e implementos independentemente dos locais onde foram realizados os testes.<\/p>\n","protected":false},"excerpt":{"rendered":"<p>&nbsp; Ensaio de M\u00e1quinas agr\u00edcolas C\u00f3digo: 198066 | carga hor\u00e1ria: 2-0-2 | II semestre Respons\u00e1vel: Fabricio Ardais Medeiros Colaborador: Ementa: O objetivo da disciplina de ensaio de m\u00e1quinas agr\u00edcolas est\u00e1 em avaliar o desempenho de tratores e implementos agr\u00edcolas. \u00c9 composto por uma s\u00e9rie de testes padronizados conforme Norma ABNT, apresentando tamb\u00e9m os m\u00e9todos para [&hellip;]<\/p>\n","protected":false},"author":530,"featured_media":0,"parent":0,"menu_order":0,"comment_status":"closed","ping_status":"closed","template":"","meta":{"jetpack_post_was_ever_published":false,"footnotes":""},"class_list":["post-2747","page","type-page","status-publish","hentry"],"jetpack_shortlink":"https:\/\/wp.me\/P7gUJD-Ij","jetpack-related-posts":[],"jetpack_sharing_enabled":true,"_links":{"self":[{"href":"https:\/\/wp.ufpel.edu.br\/spaf\/wp-json\/wp\/v2\/pages\/2747","targetHints":{"allow":["GET"]}}],"collection":[{"href":"https:\/\/wp.ufpel.edu.br\/spaf\/wp-json\/wp\/v2\/pages"}],"about":[{"href":"https:\/\/wp.ufpel.edu.br\/spaf\/wp-json\/wp\/v2\/types\/page"}],"author":[{"embeddable":true,"href":"https:\/\/wp.ufpel.edu.br\/spaf\/wp-json\/wp\/v2\/users\/530"}],"replies":[{"embeddable":true,"href":"https:\/\/wp.ufpel.edu.br\/spaf\/wp-json\/wp\/v2\/comments?post=2747"}],"version-history":[{"count":1,"href":"https:\/\/wp.ufpel.edu.br\/spaf\/wp-json\/wp\/v2\/pages\/2747\/revisions"}],"predecessor-version":[{"id":2750,"href":"https:\/\/wp.ufpel.edu.br\/spaf\/wp-json\/wp\/v2\/pages\/2747\/revisions\/2750"}],"wp:attachment":[{"href":"https:\/\/wp.ufpel.edu.br\/spaf\/wp-json\/wp\/v2\/media?parent=2747"}],"curies":[{"name":"wp","href":"https:\/\/api.w.org\/{rel}","templated":true}]}}