{"id":25,"date":"2015-09-04T15:38:22","date_gmt":"2015-09-04T18:38:22","guid":{"rendered":"https:\/\/wp.ufpel.edu.br\/spaf\/?page_id=25"},"modified":"2025-01-15T11:45:26","modified_gmt":"2025-01-15T14:45:26","slug":"regimento","status":"publish","type":"page","link":"https:\/\/wp.ufpel.edu.br\/spaf\/regimento\/","title":{"rendered":"Regimento"},"content":{"rendered":"<p><a href=\"https:\/\/wp.ufpel.edu.br\/spaf\/files\/2019\/11\/Parecer-Normativo-05.2019-Regimento-do-Programa-de-P\u00f3s\u2013Gradua\u00e7\u00e3o-em-Sistemas-de-Produ\u00e7\u00e3o-Agr\u00edcola-Familiar.pdf\">Regimento PPGSPAF<\/a><\/p>\n<p>&nbsp;<\/p>\n<p>&nbsp;<\/p>\n","protected":false},"excerpt":{"rendered":"<p>Regimento PPGSPAF &nbsp; &nbsp;<\/p>\n","protected":false},"author":530,"featured_media":0,"parent":0,"menu_order":0,"comment_status":"closed","ping_status":"closed","template":"","meta":{"jetpack_post_was_ever_published":false,"footnotes":""},"class_list":["post-25","page","type-page","status-publish","hentry"],"jetpack_shortlink":"https:\/\/wp.me\/P7gUJD-p","jetpack-related-posts":[],"jetpack_sharing_enabled":true,"_links":{"self":[{"href":"https:\/\/wp.ufpel.edu.br\/spaf\/wp-json\/wp\/v2\/pages\/25","targetHints":{"allow":["GET"]}}],"collection":[{"href":"https:\/\/wp.ufpel.edu.br\/spaf\/wp-json\/wp\/v2\/pages"}],"about":[{"href":"https:\/\/wp.ufpel.edu.br\/spaf\/wp-json\/wp\/v2\/types\/page"}],"author":[{"embeddable":true,"href":"https:\/\/wp.ufpel.edu.br\/spaf\/wp-json\/wp\/v2\/users\/530"}],"replies":[{"embeddable":true,"href":"https:\/\/wp.ufpel.edu.br\/spaf\/wp-json\/wp\/v2\/comments?post=25"}],"version-history":[{"count":6,"href":"https:\/\/wp.ufpel.edu.br\/spaf\/wp-json\/wp\/v2\/pages\/25\/revisions"}],"predecessor-version":[{"id":3940,"href":"https:\/\/wp.ufpel.edu.br\/spaf\/wp-json\/wp\/v2\/pages\/25\/revisions\/3940"}],"wp:attachment":[{"href":"https:\/\/wp.ufpel.edu.br\/spaf\/wp-json\/wp\/v2\/media?parent=25"}],"curies":[{"name":"wp","href":"https:\/\/api.w.org\/{rel}","templated":true}]}}