{"id":2,"date":"2015-05-20T14:34:44","date_gmt":"2015-05-20T14:34:44","guid":{"rendered":"https:\/\/wp.ufpel.edu.br\/spaf\/?page_id=2"},"modified":"2023-09-19T14:13:29","modified_gmt":"2023-09-19T17:13:29","slug":"pagina-exemplo","status":"publish","type":"page","link":"https:\/\/wp.ufpel.edu.br\/spaf\/","title":{"rendered":"Apresenta\u00e7\u00e3o"},"content":{"rendered":"<p><span style=\"font-family: georgia, palatino, serif; font-size: 12pt;\">O Programa de P\u00f3s-Gradua\u00e7\u00e3o em Sistemas de Produ\u00e7\u00e3o Agr\u00edcola Familiar da Faculdade de Agronomia Eliseu Maciel foi implantado no in\u00edcio de 2006, em n\u00edvel de Mestrado e Doutorado, e atualmente \u00e9 recomendado pela Capes com conceito 5. O Programa possui compromisso com a agricultura familiar e objetiva:<\/span><\/p>\n<ul>\n<li><span style=\"font-family: georgia, palatino, serif; font-size: 12pt;\">compreender a agricultura familiar a partir de uma perspectiva integral e integrada do conhecimento;<\/span><\/li>\n<li><span style=\"font-family: georgia, palatino, serif; font-size: 12pt;\">potencializar a agricultura familiar como agente fundamental para promover o processo de desenvolvimento rural sustent\u00e1vel;<\/span><\/li>\n<li><span style=\"font-family: georgia, palatino, serif; font-size: 12pt;\">formar recursos humanos para o ensino, pesquisa, extens\u00e3o e produ\u00e7\u00e3o agro-silvo-pastoril;<\/span><\/li>\n<li><span style=\"font-family: georgia, palatino, serif; font-size: 12pt;\">aumentar a competitividade da capacidade produtiva da agricultura familiar, a partir da melhor compreens\u00e3o dos processos de produ\u00e7\u00e3o vegetal e da gest\u00e3o do agroecossistema como um todo;<\/span><\/li>\n<li><span style=\"font-family: georgia, palatino, serif; font-size: 12pt;\">aprofundar e expandir o conhecimento sobre o ambiente, especialmente nas rela\u00e7\u00f5es solo-\u00e1gua-planta-atmosfera e suas interdepend\u00eancias com os processos fisiol\u00f3gicos e respostas agron\u00f4micas das esp\u00e9cies cultivadas;<\/span><\/li>\n<li><span style=\"font-family: georgia, palatino, serif; font-size: 12pt;\">compreender a atividade agro-silvo-pastoril como perturbadora dos ecossistemas naturais a partir das rela\u00e7\u00f5es entre energia, homem e ambiente;<\/span><\/li>\n<li><span style=\"font-family: georgia, palatino, serif; font-size: 12pt;\">identificar e desenvolver boas pr\u00e1ticas agr\u00edcolas identificadas com os princ\u00edpios de sustentabilidade e vinculadas \u00e0 vis\u00e3o sist\u00eamica de produ\u00e7\u00e3o;<\/span><\/li>\n<li><span style=\"font-family: georgia, palatino, serif; font-size: 12pt;\">capacitar os profissionais das ci\u00eancias agr\u00e1rias e afins para atuarem na constru\u00e7\u00e3o de modelos mais sustent\u00e1veis para agricultura familiar.<br \/>\n<\/span><\/li>\n<\/ul>\n<p><span style=\"text-decoration: underline;\"><strong><span style=\"font-family: georgia, palatino, serif; font-size: 12pt;\">Linhas de Pesquisa:<\/span><\/strong><\/span><\/p>\n<p><a href=\"https:\/\/wp.ufpel.edu.br\/spaf\/pagina-exemplo\/agricultura-e-ambiente\/\"><span style=\"font-family: georgia, palatino, serif;\">A<\/span><\/a><span style=\"font-family: georgia, palatino, serif;\"><a href=\"https:\/\/wp.ufpel.edu.br\/spaf\/pagina-exemplo\/agricultura-e-ambiente\/\">gricultura e Ambiente<\/a><\/span><\/p>\n<p><a href=\"https:\/\/wp.ufpel.edu.br\/spaf\/pagina-exemplo\/agricultura-e-desenvolvimento-rural-sustentavel\/\"><span style=\"font-family: georgia, palatino, serif;\">Agricultura e Desenvolvimento Rural Sustent\u00e1vel<\/span><\/a><\/p>\n<p><a href=\"https:\/\/wp.ufpel.edu.br\/spaf\/pagina-exemplo\/agricultura-e-engenharia-rural\/\"><span style=\"font-family: georgia, palatino, serif;\">Agricultura e \u00a0Engenharia Rural<\/span><\/a><\/p>\n<p><img data-recalc-dims=\"1\" data-attachment-id=\"3541\" data-permalink=\"https:\/\/wp.ufpel.edu.br\/spaf\/pagina-exemplo\/conceito-5\/\" data-orig-file=\"https:\/\/i0.wp.com\/wp.ufpel.edu.br\/spaf\/files\/2023\/09\/conceito-5.png?fit=1920%2C800&amp;ssl=1\" data-orig-size=\"1920,800\" data-comments-opened=\"0\" data-image-meta=\"{&quot;aperture&quot;:&quot;0&quot;,&quot;credit&quot;:&quot;&quot;,&quot;camera&quot;:&quot;&quot;,&quot;caption&quot;:&quot;&quot;,&quot;created_timestamp&quot;:&quot;0&quot;,&quot;copyright&quot;:&quot;&quot;,&quot;focal_length&quot;:&quot;0&quot;,&quot;iso&quot;:&quot;0&quot;,&quot;shutter_speed&quot;:&quot;0&quot;,&quot;title&quot;:&quot;&quot;,&quot;orientation&quot;:&quot;0&quot;}\" data-image-title=\"conceito 5\" data-image-description=\"\" data-image-caption=\"\" data-medium-file=\"https:\/\/i0.wp.com\/wp.ufpel.edu.br\/spaf\/files\/2023\/09\/conceito-5.png?fit=400%2C167&amp;ssl=1\" data-large-file=\"https:\/\/i0.wp.com\/wp.ufpel.edu.br\/spaf\/files\/2023\/09\/conceito-5.png?fit=1024%2C427&amp;ssl=1\" class=\"wp-image-3541 aligncenter\" src=\"https:\/\/i0.wp.com\/wp.ufpel.edu.br\/spaf\/files\/2023\/09\/conceito-5.png?resize=755%2C315&#038;ssl=1\" alt=\"\" width=\"755\" height=\"315\" srcset=\"https:\/\/i0.wp.com\/wp.ufpel.edu.br\/spaf\/files\/2023\/09\/conceito-5.png?resize=400%2C167&amp;ssl=1 400w, https:\/\/i0.wp.com\/wp.ufpel.edu.br\/spaf\/files\/2023\/09\/conceito-5.png?resize=1024%2C427&amp;ssl=1 1024w, https:\/\/i0.wp.com\/wp.ufpel.edu.br\/spaf\/files\/2023\/09\/conceito-5.png?resize=768%2C320&amp;ssl=1 768w, https:\/\/i0.wp.com\/wp.ufpel.edu.br\/spaf\/files\/2023\/09\/conceito-5.png?resize=1536%2C640&amp;ssl=1 1536w, https:\/\/i0.wp.com\/wp.ufpel.edu.br\/spaf\/files\/2023\/09\/conceito-5.png?w=1920&amp;ssl=1 1920w\" sizes=\"(max-width: 755px) 100vw, 755px\" \/><\/p>\n<p>&nbsp;<\/p>\n","protected":false},"excerpt":{"rendered":"<p>O Programa de P\u00f3s-Gradua\u00e7\u00e3o em Sistemas de Produ\u00e7\u00e3o Agr\u00edcola Familiar da Faculdade de Agronomia Eliseu Maciel foi implantado no in\u00edcio de 2006, em n\u00edvel de Mestrado e Doutorado, e atualmente \u00e9 recomendado pela Capes com conceito 5. O Programa possui compromisso com a agricultura familiar e objetiva: compreender a agricultura familiar a partir de uma [&hellip;]<\/p>\n","protected":false},"author":530,"featured_media":0,"parent":0,"menu_order":0,"comment_status":"closed","ping_status":"closed","template":"","meta":{"jetpack_post_was_ever_published":false,"footnotes":""},"class_list":["post-2","page","type-page","status-publish","hentry"],"jetpack_shortlink":"https:\/\/wp.me\/P7gUJD-2","jetpack-related-posts":[],"jetpack_sharing_enabled":true,"_links":{"self":[{"href":"https:\/\/wp.ufpel.edu.br\/spaf\/wp-json\/wp\/v2\/pages\/2","targetHints":{"allow":["GET"]}}],"collection":[{"href":"https:\/\/wp.ufpel.edu.br\/spaf\/wp-json\/wp\/v2\/pages"}],"about":[{"href":"https:\/\/wp.ufpel.edu.br\/spaf\/wp-json\/wp\/v2\/types\/page"}],"author":[{"embeddable":true,"href":"https:\/\/wp.ufpel.edu.br\/spaf\/wp-json\/wp\/v2\/users\/530"}],"replies":[{"embeddable":true,"href":"https:\/\/wp.ufpel.edu.br\/spaf\/wp-json\/wp\/v2\/comments?post=2"}],"version-history":[{"count":28,"href":"https:\/\/wp.ufpel.edu.br\/spaf\/wp-json\/wp\/v2\/pages\/2\/revisions"}],"predecessor-version":[{"id":3569,"href":"https:\/\/wp.ufpel.edu.br\/spaf\/wp-json\/wp\/v2\/pages\/2\/revisions\/3569"}],"wp:attachment":[{"href":"https:\/\/wp.ufpel.edu.br\/spaf\/wp-json\/wp\/v2\/media?parent=2"}],"curies":[{"name":"wp","href":"https:\/\/api.w.org\/{rel}","templated":true}]}}