{"id":1635,"date":"2019-07-16T14:22:17","date_gmt":"2019-07-16T17:22:17","guid":{"rendered":"https:\/\/wp.ufpel.edu.br\/spaf\/?page_id=1635"},"modified":"2019-07-16T14:22:17","modified_gmt":"2019-07-16T17:22:17","slug":"economia-ecologica-e-desenvolvimento-rural-sustentavel","status":"publish","type":"page","link":"https:\/\/wp.ufpel.edu.br\/spaf\/disciplinas\/economia-ecologica-e-desenvolvimento-rural-sustentavel\/","title":{"rendered":"Economia Ecol\u00f3gica e Desenvolvimento Rural Sustent\u00e1vel"},"content":{"rendered":"<p><span style=\"font-family: 'book antiqua', palatino, serif;font-size: 12pt\">c\u00f3digo: 0188069| carga hor\u00e1ria: 3-0-0 | II semestre<\/span><\/p>\n<p><span style=\"font-family: 'book antiqua', palatino, serif;font-size: 12pt\">Regente: <a href=\"http:\/\/lattes.cnpq.br\/5225990801378892\">L\u00daCIO ANDRE DE OLIVEIRA FERNANDES<\/a><\/span><\/p>\n<p><span style=\"font-family: 'book antiqua', palatino, serif;font-size: 12pt\">Colaborador: <\/span><br \/>\n<span style=\"font-family: 'book antiqua', palatino, serif;font-size: 12pt\">\u00a0\u00a0\u00a0\u00a0\u00a0\u00a0\u00a0\u00a0\u00a0\u00a0\u00a0\u00a0\u00a0\u00a0\u00a0\u00a0\u00a0\u00a0\u00a0 <\/span><\/p>\n<div class=\"docente\"><span style=\"font-family: 'book antiqua', palatino, serif;font-size: 12pt\">Ementa: <\/span><br \/>\nA disciplina se prop\u00f5e a refletir sobre as rela\u00e7\u00f5es entre a economia e o meio ambiente privilegiando a perspectiva te\u00f3rica e epistemol\u00f3gica da Economia Ecol\u00f3gica. A partir desta buscar\u00e1 enfocar o tema da sustentabilidade e sua abordagem pelas diferentes escolas do pensamento econ\u00f4mico, contextualizando o tema do desenvolvimento rural sustent\u00e1vel.<\/p>\n<p>&nbsp;<\/p>\n<\/div>\n","protected":false},"excerpt":{"rendered":"<p>c\u00f3digo: 0188069| carga hor\u00e1ria: 3-0-0 | II semestre Regente: L\u00daCIO ANDRE DE OLIVEIRA FERNANDES Colaborador: \u00a0\u00a0\u00a0\u00a0\u00a0\u00a0\u00a0\u00a0\u00a0\u00a0\u00a0\u00a0\u00a0\u00a0\u00a0\u00a0\u00a0\u00a0\u00a0 Ementa: A disciplina se prop\u00f5e a refletir sobre as rela\u00e7\u00f5es entre a economia e o meio ambiente privilegiando a perspectiva te\u00f3rica e epistemol\u00f3gica da Economia Ecol\u00f3gica. A partir desta buscar\u00e1 enfocar o tema da sustentabilidade e sua abordagem pelas [&hellip;]<\/p>\n","protected":false},"author":530,"featured_media":0,"parent":16,"menu_order":0,"comment_status":"closed","ping_status":"closed","template":"","meta":{"jetpack_post_was_ever_published":false,"footnotes":""},"class_list":["post-1635","page","type-page","status-publish","hentry"],"jetpack_shortlink":"https:\/\/wp.me\/P7gUJD-qn","jetpack-related-posts":[],"jetpack_sharing_enabled":true,"_links":{"self":[{"href":"https:\/\/wp.ufpel.edu.br\/spaf\/wp-json\/wp\/v2\/pages\/1635","targetHints":{"allow":["GET"]}}],"collection":[{"href":"https:\/\/wp.ufpel.edu.br\/spaf\/wp-json\/wp\/v2\/pages"}],"about":[{"href":"https:\/\/wp.ufpel.edu.br\/spaf\/wp-json\/wp\/v2\/types\/page"}],"author":[{"embeddable":true,"href":"https:\/\/wp.ufpel.edu.br\/spaf\/wp-json\/wp\/v2\/users\/530"}],"replies":[{"embeddable":true,"href":"https:\/\/wp.ufpel.edu.br\/spaf\/wp-json\/wp\/v2\/comments?post=1635"}],"version-history":[{"count":1,"href":"https:\/\/wp.ufpel.edu.br\/spaf\/wp-json\/wp\/v2\/pages\/1635\/revisions"}],"predecessor-version":[{"id":1637,"href":"https:\/\/wp.ufpel.edu.br\/spaf\/wp-json\/wp\/v2\/pages\/1635\/revisions\/1637"}],"up":[{"embeddable":true,"href":"https:\/\/wp.ufpel.edu.br\/spaf\/wp-json\/wp\/v2\/pages\/16"}],"wp:attachment":[{"href":"https:\/\/wp.ufpel.edu.br\/spaf\/wp-json\/wp\/v2\/media?parent=1635"}],"curies":[{"name":"wp","href":"https:\/\/api.w.org\/{rel}","templated":true}]}}