{"id":16,"date":"2015-09-04T15:31:25","date_gmt":"2015-09-04T18:31:25","guid":{"rendered":"https:\/\/wp.ufpel.edu.br\/spaf\/?page_id=16"},"modified":"2025-03-13T16:48:17","modified_gmt":"2025-03-13T19:48:17","slug":"disciplinas","status":"publish","type":"page","link":"https:\/\/wp.ufpel.edu.br\/spaf\/disciplinas\/","title":{"rendered":"Disciplinas"},"content":{"rendered":"<p><span style=\"color: #0000ff; font-size: 14pt;\">Abaixo consta a lista de disciplinas do PPGSPAF. <\/span><\/p>\n<p><span style=\"color: #0000ff; font-size: 14pt;\">Para visualizar as informa\u00e7\u00f5es referentes a cada disciplina como c\u00f3digo, ementa, carga hor\u00e1ria e professor respons\u00e1vel acesse o Projeto Pedag\u00f3gico do Programa (<a style=\"color: #0000ff;\" href=\"https:\/\/wp.ufpel.edu.br\/spaf\/projeto-pedagogico-do-programa-ppp\/\">PPP)<\/a>.<\/span><\/p>\n<ul>\n<li>Adversidades clim\u00e1ticas na agricultura<\/li>\n<li>Agrometeorologia<\/li>\n<li>Agrossociobiodiversidade e sementes crioula<\/li>\n<li>Cultivo sem solo<\/li>\n<li>Desenvolvimento rural sustent\u00e1vel<\/li>\n<li>Din\u00e2mica da agricultura familiar e do mundo rural<\/li>\n<li>Din\u00e2mica da rela\u00e7\u00e3o m\u00e1quina-solo I<\/li>\n<li>Din\u00e2mica da rela\u00e7\u00e3o m\u00e1quina-solo II<\/li>\n<li>Ecofisiologia da produ\u00e7\u00e3o de hortali\u00e7as em ambiente protegidos<\/li>\n<li>Ecologia agr\u00edcola<\/li>\n<li>Economia ecol\u00f3gica e desenvolvimento rural sustent\u00e1vel<\/li>\n<li>Ensaio de m\u00e1quinas agr\u00edcolas<\/li>\n<li>Est\u00e1gio de doc\u00eancia orientada em Produ\u00e7\u00e3o Agr\u00edcola Familiar I<\/li>\n<li>Est\u00e1gio de doc\u00eancia orientada em Produ\u00e7\u00e3o Agr\u00edcola Familiar II<\/li>\n<li>Estat\u00edstica experimental II<\/li>\n<li>Fenologia de culturas anuais e perenes<\/li>\n<li>Fundamentos de metodologia cient\u00edfica<\/li>\n<li>Gerenciamento e tratamento de res\u00edduos s\u00f3lidos na propriedade rural<\/li>\n<li>Manejo agroecol\u00f3gico de agroflorestas<\/li>\n<li>M\u00e1quinas agr\u00edcolas de baixa pot\u00eancia<\/li>\n<li>M\u00e1quinas para a condu\u00e7\u00e3o de culturas<\/li>\n<li>M\u00e1quinas para aplica\u00e7\u00e3o de produtos fitossanit\u00e1rios, agrot\u00f3xicos, aduba\u00e7\u00e3o org\u00e2nica e assemelhados<\/li>\n<li>Mecaniza\u00e7\u00e3o agr\u00edcola em propriedades familiares<\/li>\n<li>Metodologia de projeto de produtos agroindustriais<\/li>\n<li>M\u00e9todos multicrit\u00e9rio para apoio \u00e0 decis\u00e3o<\/li>\n<li>Organiza\u00e7\u00e3o, gerenciamento e administra\u00e7\u00e3o da Agricultura Familiar<\/li>\n<li>Plantas aliment\u00edcias n\u00e3o convencionais (PANC)<\/li>\n<li>Plantas bioativas<\/li>\n<li>Produ\u00e7\u00e3o de hortali\u00e7as<\/li>\n<li>Produ\u00e7\u00e3o de silagem na agricultura familiar<\/li>\n<li>Sinais distintivos de mercado no \u00e2mbito da agricultura familiar<\/li>\n<li>Sistemas de produ\u00e7\u00e3o de base ecol\u00f3gica<\/li>\n<li>Sistemas de produ\u00e7\u00e3o de forrageiras<\/li>\n<li>Sistemas de produ\u00e7\u00e3o familiar de frutas vermelhas<\/li>\n<li>Sociologia e desenvolvimento rural<\/li>\n<li>Temas especiais em olericultura<\/li>\n<li>T\u00f3picos especiais em sistemas de produ\u00e7\u00e3o agr\u00edcola familiar<\/li>\n<\/ul>\n","protected":false},"excerpt":{"rendered":"<p>Abaixo consta a lista de disciplinas do PPGSPAF. Para visualizar as informa\u00e7\u00f5es referentes a cada disciplina como c\u00f3digo, ementa, carga hor\u00e1ria e professor respons\u00e1vel acesse o Projeto Pedag\u00f3gico do Programa (PPP). Adversidades clim\u00e1ticas na agricultura Agrometeorologia Agrossociobiodiversidade e sementes crioula Cultivo sem solo Desenvolvimento rural sustent\u00e1vel Din\u00e2mica da agricultura familiar e do mundo rural Din\u00e2mica [&hellip;]<\/p>\n","protected":false},"author":530,"featured_media":0,"parent":0,"menu_order":0,"comment_status":"closed","ping_status":"closed","template":"","meta":{"jetpack_post_was_ever_published":false,"footnotes":""},"class_list":["post-16","page","type-page","status-publish","hentry"],"jetpack_shortlink":"https:\/\/wp.me\/P7gUJD-g","jetpack-related-posts":[],"jetpack_sharing_enabled":true,"_links":{"self":[{"href":"https:\/\/wp.ufpel.edu.br\/spaf\/wp-json\/wp\/v2\/pages\/16","targetHints":{"allow":["GET"]}}],"collection":[{"href":"https:\/\/wp.ufpel.edu.br\/spaf\/wp-json\/wp\/v2\/pages"}],"about":[{"href":"https:\/\/wp.ufpel.edu.br\/spaf\/wp-json\/wp\/v2\/types\/page"}],"author":[{"embeddable":true,"href":"https:\/\/wp.ufpel.edu.br\/spaf\/wp-json\/wp\/v2\/users\/530"}],"replies":[{"embeddable":true,"href":"https:\/\/wp.ufpel.edu.br\/spaf\/wp-json\/wp\/v2\/comments?post=16"}],"version-history":[{"count":71,"href":"https:\/\/wp.ufpel.edu.br\/spaf\/wp-json\/wp\/v2\/pages\/16\/revisions"}],"predecessor-version":[{"id":4066,"href":"https:\/\/wp.ufpel.edu.br\/spaf\/wp-json\/wp\/v2\/pages\/16\/revisions\/4066"}],"wp:attachment":[{"href":"https:\/\/wp.ufpel.edu.br\/spaf\/wp-json\/wp\/v2\/media?parent=16"}],"curies":[{"name":"wp","href":"https:\/\/api.w.org\/{rel}","templated":true}]}}