{"id":1480,"date":"2019-02-05T12:24:21","date_gmt":"2019-02-05T14:24:21","guid":{"rendered":"https:\/\/wp.ufpel.edu.br\/spaf\/?page_id=1480"},"modified":"2019-02-05T12:26:18","modified_gmt":"2019-02-05T14:26:18","slug":"fundamentos-de-metodologia-cientifica","status":"publish","type":"page","link":"https:\/\/wp.ufpel.edu.br\/spaf\/disciplinas\/fundamentos-de-metodologia-cientifica\/","title":{"rendered":"Fundamentos de Metodologia Cient\u00edfica"},"content":{"rendered":"<p>c\u00f3digo: 0180072 | carga hor\u00e1ria: 2-2-0 | I semestre<\/p>\n<p>Regente: <a href=\"https:\/\/wp.ufpel.edu.br\/spaf\/docentes\/flavio-sacco-dos-anjos\" target=\"_blank\" rel=\"noopener\">Flavio Sacco dos Anjos<\/a><\/p>\n<p>Colaborador:\u00a0<a href=\"https:\/\/wp.ufpel.edu.br\/spaf\/docentes\/nadia-velleda-caldas\" target=\"_blank\" rel=\"noopener\">N\u00e1dia Velleda Caldas<\/a><\/p>\n<p>Ementa:<br \/>\nAs caracter\u00edsticas fundamentais do conhecimento cient\u00edfico. As fontes fundamentais do conhecimento. A estrutura e as partes essenciais de um Projeto de Pesquisa. T\u00edtulo, Introdu\u00e7\u00e3o, Justificativa, Problema de pesquisa, Hip\u00f3teses, Objetivos (Central e espec\u00edficos), Revis\u00e3o de Literatura, Metodologia e Resultados Esperados. O discurso cient\u00edfico. A diversidade de m\u00e9todos de pesquisa. A classifica\u00e7\u00e3o dos m\u00e9todos de pesquisa. M\u00e9todo experimental; fenomenol\u00f3gico; estudo de caso; m\u00e9todo comparativo; m\u00e9todos quantitativos; m\u00e9todos qualitativos.<\/p>\n","protected":false},"excerpt":{"rendered":"<p>c\u00f3digo: 0180072 | carga hor\u00e1ria: 2-2-0 | I semestre Regente: Flavio Sacco dos Anjos Colaborador:\u00a0N\u00e1dia Velleda Caldas Ementa: As caracter\u00edsticas fundamentais do conhecimento cient\u00edfico. As fontes fundamentais do conhecimento. A estrutura e as partes essenciais de um Projeto de Pesquisa. T\u00edtulo, Introdu\u00e7\u00e3o, Justificativa, Problema de pesquisa, Hip\u00f3teses, Objetivos (Central e espec\u00edficos), Revis\u00e3o de Literatura, Metodologia [&hellip;]<\/p>\n","protected":false},"author":530,"featured_media":0,"parent":16,"menu_order":0,"comment_status":"closed","ping_status":"closed","template":"","meta":{"jetpack_post_was_ever_published":false,"footnotes":""},"class_list":["post-1480","page","type-page","status-publish","hentry"],"jetpack_shortlink":"https:\/\/wp.me\/P7gUJD-nS","jetpack-related-posts":[],"jetpack_sharing_enabled":true,"_links":{"self":[{"href":"https:\/\/wp.ufpel.edu.br\/spaf\/wp-json\/wp\/v2\/pages\/1480","targetHints":{"allow":["GET"]}}],"collection":[{"href":"https:\/\/wp.ufpel.edu.br\/spaf\/wp-json\/wp\/v2\/pages"}],"about":[{"href":"https:\/\/wp.ufpel.edu.br\/spaf\/wp-json\/wp\/v2\/types\/page"}],"author":[{"embeddable":true,"href":"https:\/\/wp.ufpel.edu.br\/spaf\/wp-json\/wp\/v2\/users\/530"}],"replies":[{"embeddable":true,"href":"https:\/\/wp.ufpel.edu.br\/spaf\/wp-json\/wp\/v2\/comments?post=1480"}],"version-history":[{"count":2,"href":"https:\/\/wp.ufpel.edu.br\/spaf\/wp-json\/wp\/v2\/pages\/1480\/revisions"}],"predecessor-version":[{"id":1484,"href":"https:\/\/wp.ufpel.edu.br\/spaf\/wp-json\/wp\/v2\/pages\/1480\/revisions\/1484"}],"up":[{"embeddable":true,"href":"https:\/\/wp.ufpel.edu.br\/spaf\/wp-json\/wp\/v2\/pages\/16"}],"wp:attachment":[{"href":"https:\/\/wp.ufpel.edu.br\/spaf\/wp-json\/wp\/v2\/media?parent=1480"}],"curies":[{"name":"wp","href":"https:\/\/api.w.org\/{rel}","templated":true}]}}