{"id":1470,"date":"2019-02-05T09:39:14","date_gmt":"2019-02-05T11:39:14","guid":{"rendered":"https:\/\/wp.ufpel.edu.br\/spaf\/?page_id=1470"},"modified":"2019-02-05T12:27:19","modified_gmt":"2019-02-05T14:27:19","slug":"gerenciamento-e-tratamento-de-residuos-solidos-na-propriedade-rural","status":"publish","type":"page","link":"https:\/\/wp.ufpel.edu.br\/spaf\/disciplinas\/gerenciamento-e-tratamento-de-residuos-solidos-na-propriedade-rural\/","title":{"rendered":"Gerenciamento e Tratamento de res\u00edduos s\u00f3lidos na propriedade rural"},"content":{"rendered":"<table style=\"height: 23px\" border=\"0\" width=\"100%\">\n<tbody>\n<tr style=\"height: 23px\">\n<td style=\"height: 23px\" bgcolor=\"#F9F9F9\"><b class=\"prof\">Gerenciamento e Tratamento de res\u00edduos s\u00f3lidos na propriedade rural<\/b><\/td>\n<\/tr>\n<\/tbody>\n<\/table>\n<p>c\u00f3digo: ainda n\u00e3o definido | carga hor\u00e1ria: 2-2-0 | I semestre<\/p>\n<p>Regente:\u00a0<a href=\"http:\/\/lattes.cnpq.br\/5269420717974016\">Vanessa Sacramento Cerqueira<\/a><\/p>\n<div class=\"docente\">Ementa:<br \/>\nIntrodu\u00e7\u00e3o aos res\u00edduos s\u00f3lidos. Classifica\u00e7\u00e3o, caracteriza\u00e7\u00e3o e legisla\u00e7\u00e3o. Gerenciamento de res\u00edduos s\u00f3lidos. Plano de Gerenciamento de Res\u00edduos S\u00f3lidos para o setor agrossilvopastoril e agroind\u00fastrias. T\u00e9cnicas de minimiza\u00e7\u00e3o, reutiliza\u00e7\u00e3o e reciclagem de res\u00edduos na propriedade rural. Valora\u00e7\u00e3o dos res\u00edduos s\u00f3lidos. T\u00e9cnicas de tratamento de res\u00edduos org\u00e2nicos: compostagem e vermicompostagem. T\u00e9cnicas para a recupera\u00e7\u00e3o de ambientes degradados e\/ou contaminados.<\/div>\n","protected":false},"excerpt":{"rendered":"<p>Gerenciamento e Tratamento de res\u00edduos s\u00f3lidos na propriedade rural c\u00f3digo: ainda n\u00e3o definido | carga hor\u00e1ria: 2-2-0 | I semestre Regente:\u00a0Vanessa Sacramento Cerqueira Ementa: Introdu\u00e7\u00e3o aos res\u00edduos s\u00f3lidos. Classifica\u00e7\u00e3o, caracteriza\u00e7\u00e3o e legisla\u00e7\u00e3o. Gerenciamento de res\u00edduos s\u00f3lidos. Plano de Gerenciamento de Res\u00edduos S\u00f3lidos para o setor agrossilvopastoril e agroind\u00fastrias. T\u00e9cnicas de minimiza\u00e7\u00e3o, reutiliza\u00e7\u00e3o e reciclagem de [&hellip;]<\/p>\n","protected":false},"author":530,"featured_media":0,"parent":16,"menu_order":0,"comment_status":"closed","ping_status":"closed","template":"","meta":{"jetpack_post_was_ever_published":false,"footnotes":""},"class_list":["post-1470","page","type-page","status-publish","hentry"],"jetpack_shortlink":"https:\/\/wp.me\/P7gUJD-nI","jetpack-related-posts":[],"jetpack_sharing_enabled":true,"_links":{"self":[{"href":"https:\/\/wp.ufpel.edu.br\/spaf\/wp-json\/wp\/v2\/pages\/1470","targetHints":{"allow":["GET"]}}],"collection":[{"href":"https:\/\/wp.ufpel.edu.br\/spaf\/wp-json\/wp\/v2\/pages"}],"about":[{"href":"https:\/\/wp.ufpel.edu.br\/spaf\/wp-json\/wp\/v2\/types\/page"}],"author":[{"embeddable":true,"href":"https:\/\/wp.ufpel.edu.br\/spaf\/wp-json\/wp\/v2\/users\/530"}],"replies":[{"embeddable":true,"href":"https:\/\/wp.ufpel.edu.br\/spaf\/wp-json\/wp\/v2\/comments?post=1470"}],"version-history":[{"count":2,"href":"https:\/\/wp.ufpel.edu.br\/spaf\/wp-json\/wp\/v2\/pages\/1470\/revisions"}],"predecessor-version":[{"id":1485,"href":"https:\/\/wp.ufpel.edu.br\/spaf\/wp-json\/wp\/v2\/pages\/1470\/revisions\/1485"}],"up":[{"embeddable":true,"href":"https:\/\/wp.ufpel.edu.br\/spaf\/wp-json\/wp\/v2\/pages\/16"}],"wp:attachment":[{"href":"https:\/\/wp.ufpel.edu.br\/spaf\/wp-json\/wp\/v2\/media?parent=1470"}],"curies":[{"name":"wp","href":"https:\/\/api.w.org\/{rel}","templated":true}]}}