{"id":145,"date":"2015-09-14T11:23:00","date_gmt":"2015-09-14T14:23:00","guid":{"rendered":"https:\/\/wp.ufpel.edu.br\/spaf\/?page_id=145"},"modified":"2017-06-26T16:22:57","modified_gmt":"2017-06-26T19:22:57","slug":"roberto-lilles-tavares-machado","status":"publish","type":"page","link":"https:\/\/wp.ufpel.edu.br\/spaf\/docentes\/roberto-lilles-tavares-machado\/","title":{"rendered":"Roberto Lilles Tavares Machado"},"content":{"rendered":"<p><a href=\"https:\/\/i0.wp.com\/wp.ufpel.edu.br\/spaf\/files\/2015\/09\/download.jpg?ssl=1\"><img data-recalc-dims=\"1\" data-attachment-id=\"88\" data-permalink=\"https:\/\/wp.ufpel.edu.br\/spaf\/docentes\/ana-claudia-rodrigues-de-lima\/download\/\" data-orig-file=\"https:\/\/i0.wp.com\/wp.ufpel.edu.br\/spaf\/files\/2015\/09\/download.jpg?fit=175%2C72&amp;ssl=1\" data-orig-size=\"175,72\" data-comments-opened=\"0\" data-image-meta=\"{&quot;aperture&quot;:&quot;0&quot;,&quot;credit&quot;:&quot;&quot;,&quot;camera&quot;:&quot;&quot;,&quot;caption&quot;:&quot;&quot;,&quot;created_timestamp&quot;:&quot;0&quot;,&quot;copyright&quot;:&quot;&quot;,&quot;focal_length&quot;:&quot;0&quot;,&quot;iso&quot;:&quot;0&quot;,&quot;shutter_speed&quot;:&quot;0&quot;,&quot;title&quot;:&quot;&quot;,&quot;orientation&quot;:&quot;0&quot;}\" data-image-title=\"download\" data-image-description=\"\" data-image-caption=\"\" data-medium-file=\"https:\/\/i0.wp.com\/wp.ufpel.edu.br\/spaf\/files\/2015\/09\/download.jpg?fit=175%2C72&amp;ssl=1\" data-large-file=\"https:\/\/i0.wp.com\/wp.ufpel.edu.br\/spaf\/files\/2015\/09\/download.jpg?fit=175%2C72&amp;ssl=1\" class=\"size-full wp-image-88 alignright\" src=\"https:\/\/i0.wp.com\/wp.ufpel.edu.br\/spaf\/files\/2015\/09\/download.jpg?resize=175%2C72&#038;ssl=1\" alt=\"download\" width=\"175\" height=\"72\" \/><\/a><\/p>\n<p><span style=\"font-family: georgia, palatino, serif;font-size: 12pt\">Doutorado em Agronomia, 2008<\/span><br \/>\n<span style=\"font-family: georgia, palatino, serif;font-size: 12pt\">Universidade Federal de Pelotas<\/span><\/p>\n<p><span style=\"font-family: georgia, palatino, serif;font-size: 12pt\"><b>T\u00edtulo da Tese<\/b>:<\/span><br \/>\n<span style=\"font-family: georgia, palatino, serif;font-size: 12pt\">Capacidade de Suporte de um Argissolo sob Plantio Direto a partir da Resist\u00eancia do Solo \u00e0 Penetra\u00e7\u00e3o e Teor de \u00c1gua do Solo. <\/span><\/p>\n<div class=\"docente\"><span style=\"font-family: georgia, palatino, serif;font-size: 12pt\">Professor\u00a0Permanente<\/span><br \/>\n<span style=\"font-family: georgia, palatino, serif;font-size: 12pt\">Unidade: FAEM\/Engenharia Rural<\/span><br \/>\n<span style=\"font-family: georgia, palatino, serif;font-size: 12pt\">Linha de pesquisa:\u00a0Agricultura e Engenharia Rural<\/span><br \/>\n<span style=\"font-family: georgia, palatino, serif;font-size: 12pt\">E-mail: <a href=\"mailto:rlilles@ufpel.edu.br\">rlilles@ufpel.edu.br<\/a><\/span><\/div>\n<p><span style=\"font-family: georgia, palatino, serif;font-size: 12pt\"><b>Disciplinas ministradas<\/b>:<\/span><\/p>\n<ul>\n<li><span style=\"font-size: 12pt\"><a class=\"link\" href=\"https:\/\/wp.ufpel.edu.br\/spaf\/disciplinas\/maquinas-para-aplicacao-de-produtos-fitossanitarios-agrotoxicos-adubacao\/\"><span style=\"font-family: georgia, palatino, serif\">M\u00e1quinas para Aplica\u00e7\u00e3o de produtos Fitossanit\u00e1rios, Agrot\u00f3xicos, Aduba\u00e7\u00e3o<\/span> <\/a><\/span><\/li>\n<\/ul>\n<p>&nbsp;<\/p>\n","protected":false},"excerpt":{"rendered":"<p>Doutorado em Agronomia, 2008 Universidade Federal de Pelotas T\u00edtulo da Tese: Capacidade de Suporte de um Argissolo sob Plantio Direto a partir da Resist\u00eancia do Solo \u00e0 Penetra\u00e7\u00e3o e Teor de \u00c1gua do Solo. Professor\u00a0Permanente Unidade: FAEM\/Engenharia Rural Linha de pesquisa:\u00a0Agricultura e Engenharia Rural E-mail: rlilles@ufpel.edu.br Disciplinas ministradas: M\u00e1quinas para Aplica\u00e7\u00e3o de produtos Fitossanit\u00e1rios, Agrot\u00f3xicos, [&hellip;]<\/p>\n","protected":false},"author":530,"featured_media":0,"parent":8,"menu_order":0,"comment_status":"closed","ping_status":"closed","template":"","meta":{"jetpack_post_was_ever_published":false,"footnotes":""},"class_list":["post-145","page","type-page","status-publish","hentry"],"jetpack_shortlink":"https:\/\/wp.me\/P7gUJD-2l","jetpack-related-posts":[],"jetpack_sharing_enabled":true,"_links":{"self":[{"href":"https:\/\/wp.ufpel.edu.br\/spaf\/wp-json\/wp\/v2\/pages\/145","targetHints":{"allow":["GET"]}}],"collection":[{"href":"https:\/\/wp.ufpel.edu.br\/spaf\/wp-json\/wp\/v2\/pages"}],"about":[{"href":"https:\/\/wp.ufpel.edu.br\/spaf\/wp-json\/wp\/v2\/types\/page"}],"author":[{"embeddable":true,"href":"https:\/\/wp.ufpel.edu.br\/spaf\/wp-json\/wp\/v2\/users\/530"}],"replies":[{"embeddable":true,"href":"https:\/\/wp.ufpel.edu.br\/spaf\/wp-json\/wp\/v2\/comments?post=145"}],"version-history":[{"count":3,"href":"https:\/\/wp.ufpel.edu.br\/spaf\/wp-json\/wp\/v2\/pages\/145\/revisions"}],"predecessor-version":[{"id":813,"href":"https:\/\/wp.ufpel.edu.br\/spaf\/wp-json\/wp\/v2\/pages\/145\/revisions\/813"}],"up":[{"embeddable":true,"href":"https:\/\/wp.ufpel.edu.br\/spaf\/wp-json\/wp\/v2\/pages\/8"}],"wp:attachment":[{"href":"https:\/\/wp.ufpel.edu.br\/spaf\/wp-json\/wp\/v2\/media?parent=145"}],"curies":[{"name":"wp","href":"https:\/\/api.w.org\/{rel}","templated":true}]}}