{"id":143,"date":"2015-09-14T11:21:13","date_gmt":"2015-09-14T14:21:13","guid":{"rendered":"https:\/\/wp.ufpel.edu.br\/spaf\/?page_id=143"},"modified":"2017-06-26T16:22:15","modified_gmt":"2017-06-26T19:22:15","slug":"roberta-marins-nogueira-peil","status":"publish","type":"page","link":"https:\/\/wp.ufpel.edu.br\/spaf\/docentes\/roberta-marins-nogueira-peil\/","title":{"rendered":"Roberta Marins Nogueira Peil"},"content":{"rendered":"<p><a href=\"http:\/\/lattes.cnpq.br\/6414436163407553\"><img data-recalc-dims=\"1\" data-attachment-id=\"88\" data-permalink=\"https:\/\/wp.ufpel.edu.br\/spaf\/docentes\/ana-claudia-rodrigues-de-lima\/download\/\" data-orig-file=\"https:\/\/i0.wp.com\/wp.ufpel.edu.br\/spaf\/files\/2015\/09\/download.jpg?fit=175%2C72&amp;ssl=1\" data-orig-size=\"175,72\" data-comments-opened=\"0\" data-image-meta=\"{&quot;aperture&quot;:&quot;0&quot;,&quot;credit&quot;:&quot;&quot;,&quot;camera&quot;:&quot;&quot;,&quot;caption&quot;:&quot;&quot;,&quot;created_timestamp&quot;:&quot;0&quot;,&quot;copyright&quot;:&quot;&quot;,&quot;focal_length&quot;:&quot;0&quot;,&quot;iso&quot;:&quot;0&quot;,&quot;shutter_speed&quot;:&quot;0&quot;,&quot;title&quot;:&quot;&quot;,&quot;orientation&quot;:&quot;0&quot;}\" data-image-title=\"download\" data-image-description=\"\" data-image-caption=\"\" data-medium-file=\"https:\/\/i0.wp.com\/wp.ufpel.edu.br\/spaf\/files\/2015\/09\/download.jpg?fit=175%2C72&amp;ssl=1\" data-large-file=\"https:\/\/i0.wp.com\/wp.ufpel.edu.br\/spaf\/files\/2015\/09\/download.jpg?fit=175%2C72&amp;ssl=1\" class=\"size-full wp-image-88 alignright\" src=\"https:\/\/i0.wp.com\/wp.ufpel.edu.br\/spaf\/files\/2015\/09\/download.jpg?resize=175%2C72&#038;ssl=1\" alt=\"download\" width=\"175\" height=\"72\" \/><\/a><\/p>\n<p><span style=\"font-family: georgia, palatino, serif;font-size: 12pt\">Doutorado em Agronomia Agric Intensivas y Cultivos Protegidos, 2000<\/span><br \/>\n<span style=\"font-family: georgia, palatino, serif;font-size: 12pt\">Universidad de Almer\u00eda, U.A.L., Espanha<\/span><\/p>\n<p><span style=\"font-family: georgia, palatino, serif;font-size: 12pt\"><b>T\u00edtulo da Tese<\/b>:<\/span><br \/>\n<span style=\"font-family: georgia, palatino, serif;font-size: 12pt\">Radiaci\u00f3n solar interceptada y crecimiento del pepino cultivado en NFT<\/span><\/p>\n<div class=\"docente\"><span style=\"font-family: georgia, palatino, serif;font-size: 12pt\">Professor\u00a0permanente<\/span><br \/>\n<span style=\"font-family: georgia, palatino, serif;font-size: 12pt\">Unidade: FAEM\/Fitotecnia<\/span><br \/>\n<span style=\"font-family: georgia, palatino, serif;font-size: 12pt\">Linha de pesquisa:\u00a0Agricultura e Ambiente<\/span><br \/>\n<span style=\"font-family: georgia, palatino, serif;font-size: 12pt\">E-mail: <a href=\"mailto:rmpeil@ufpel.edu.br\">rmpeil@ufpel.edu.br<\/a><\/span><\/div>\n<p><span style=\"font-family: georgia, palatino, serif;font-size: 12pt\"><b>Disciplinas ministradas<\/b>:<\/span><\/p>\n<ul>\n<li><span style=\"font-family: georgia, palatino, serif;font-size: 12pt\"><a class=\"link\" href=\"https:\/\/wp.ufpel.edu.br\/spaf\/disciplinas\/cultivo-sem-solo\/\">Cultivo sem Solo<\/a><\/span><\/li>\n<li><span style=\"font-family: georgia, palatino, serif;font-size: 12pt\"><a class=\"link\" href=\"https:\/\/wp.ufpel.edu.br\/spaf\/disciplinas\/ecofisiologia-da-producao-de-hortalicas-em-ambiente-protegido\/\">Ecofisiologia da Produ\u00e7\u00e3o de Hortali\u00e7as em Ambiente Protegido<\/a><\/span><\/li>\n<\/ul>\n<p>&nbsp;<\/p>\n","protected":false},"excerpt":{"rendered":"<p>Doutorado em Agronomia Agric Intensivas y Cultivos Protegidos, 2000 Universidad de Almer\u00eda, U.A.L., Espanha T\u00edtulo da Tese: Radiaci\u00f3n solar interceptada y crecimiento del pepino cultivado en NFT Professor\u00a0permanente Unidade: FAEM\/Fitotecnia Linha de pesquisa:\u00a0Agricultura e Ambiente E-mail: rmpeil@ufpel.edu.br Disciplinas ministradas: Cultivo sem Solo Ecofisiologia da Produ\u00e7\u00e3o de Hortali\u00e7as em Ambiente Protegido &nbsp;<\/p>\n","protected":false},"author":530,"featured_media":0,"parent":8,"menu_order":0,"comment_status":"closed","ping_status":"closed","template":"","meta":{"jetpack_post_was_ever_published":false,"footnotes":""},"class_list":["post-143","page","type-page","status-publish","hentry"],"jetpack_shortlink":"https:\/\/wp.me\/P7gUJD-2j","jetpack-related-posts":[],"jetpack_sharing_enabled":true,"_links":{"self":[{"href":"https:\/\/wp.ufpel.edu.br\/spaf\/wp-json\/wp\/v2\/pages\/143","targetHints":{"allow":["GET"]}}],"collection":[{"href":"https:\/\/wp.ufpel.edu.br\/spaf\/wp-json\/wp\/v2\/pages"}],"about":[{"href":"https:\/\/wp.ufpel.edu.br\/spaf\/wp-json\/wp\/v2\/types\/page"}],"author":[{"embeddable":true,"href":"https:\/\/wp.ufpel.edu.br\/spaf\/wp-json\/wp\/v2\/users\/530"}],"replies":[{"embeddable":true,"href":"https:\/\/wp.ufpel.edu.br\/spaf\/wp-json\/wp\/v2\/comments?post=143"}],"version-history":[{"count":4,"href":"https:\/\/wp.ufpel.edu.br\/spaf\/wp-json\/wp\/v2\/pages\/143\/revisions"}],"predecessor-version":[{"id":812,"href":"https:\/\/wp.ufpel.edu.br\/spaf\/wp-json\/wp\/v2\/pages\/143\/revisions\/812"}],"up":[{"embeddable":true,"href":"https:\/\/wp.ufpel.edu.br\/spaf\/wp-json\/wp\/v2\/pages\/8"}],"wp:attachment":[{"href":"https:\/\/wp.ufpel.edu.br\/spaf\/wp-json\/wp\/v2\/media?parent=143"}],"curies":[{"name":"wp","href":"https:\/\/api.w.org\/{rel}","templated":true}]}}