{"id":1215,"date":"2018-05-08T14:16:36","date_gmt":"2018-05-08T17:16:36","guid":{"rendered":"https:\/\/wp.ufpel.edu.br\/spaf\/?page_id=1215"},"modified":"2018-05-08T14:20:19","modified_gmt":"2018-05-08T17:20:19","slug":"producao-de-silagem-na-agricultura-familiar","status":"publish","type":"page","link":"https:\/\/wp.ufpel.edu.br\/spaf\/disciplinas\/producao-de-silagem-na-agricultura-familiar\/","title":{"rendered":"Produ\u00e7\u00e3o de silagem na agricultura familiar"},"content":{"rendered":"<table border=\"0\" width=\"100%\">\n<tbody>\n<tr>\n<td bgcolor=\"#F9F9F9\"><span style=\"font-size: 12pt\"><b class=\"prof\">Produ\u00e7\u00e3o de silagem na agricultura familiar<\/b><\/span><\/td>\n<\/tr>\n<\/tbody>\n<\/table>\n<p>c\u00f3digo: _____ | carga hor\u00e1ria: 2-0-2 | II semestre<\/p>\n<p>Regente: <a href=\"https:\/\/wp.ufpel.edu.br\/spaf\/docentes\/carlos-henrique-silveira-rabelo\/\">Carlos Henrique Silveira Rabelo<\/a><\/p>\n<p>Colaborador:\u00a0<a class=\"link\" href=\"https:\/\/wp.ufpel.edu.br\/spaf\/docentes\/carlos-eduardo-da-silva-pedroso\/\">Carlos Eduardo da Silva Pedroso<\/a><\/p>\n<p>Ementa:<br \/>\nAvalia\u00e7\u00e3o e produ\u00e7\u00e3o de forragem para ensilagem dentro do contexto da agricultura familiar. Culturas utilizadas no processo de ensilagem. Ponto de colheita, tamanho de part\u00edcula e tempo de enchimento do silo afetando o processo fermentativo. Fases da fermenta\u00e7\u00e3o. Bioqu\u00edmica e microbiologia relacionadas ao processo fermentativo. Aditivos moduladores da fermenta\u00e7\u00e3o. Valor nutritivo da silagem. Estabilidade aer\u00f3bia da silagem ap\u00f3s a abertura do silo e manejo do silo. Silagem e seu papel na alimenta\u00e7\u00e3o animal.<\/p>\n","protected":false},"excerpt":{"rendered":"<p>Produ\u00e7\u00e3o de silagem na agricultura familiar c\u00f3digo: _____ | carga hor\u00e1ria: 2-0-2 | II semestre Regente: Carlos Henrique Silveira Rabelo Colaborador:\u00a0Carlos Eduardo da Silva Pedroso Ementa: Avalia\u00e7\u00e3o e produ\u00e7\u00e3o de forragem para ensilagem dentro do contexto da agricultura familiar. Culturas utilizadas no processo de ensilagem. Ponto de colheita, tamanho de part\u00edcula e tempo de enchimento [&hellip;]<\/p>\n","protected":false},"author":530,"featured_media":0,"parent":16,"menu_order":0,"comment_status":"closed","ping_status":"closed","template":"","meta":{"jetpack_post_was_ever_published":false,"footnotes":""},"class_list":["post-1215","page","type-page","status-publish","hentry"],"jetpack_shortlink":"https:\/\/wp.me\/P7gUJD-jB","jetpack-related-posts":[],"jetpack_sharing_enabled":true,"_links":{"self":[{"href":"https:\/\/wp.ufpel.edu.br\/spaf\/wp-json\/wp\/v2\/pages\/1215","targetHints":{"allow":["GET"]}}],"collection":[{"href":"https:\/\/wp.ufpel.edu.br\/spaf\/wp-json\/wp\/v2\/pages"}],"about":[{"href":"https:\/\/wp.ufpel.edu.br\/spaf\/wp-json\/wp\/v2\/types\/page"}],"author":[{"embeddable":true,"href":"https:\/\/wp.ufpel.edu.br\/spaf\/wp-json\/wp\/v2\/users\/530"}],"replies":[{"embeddable":true,"href":"https:\/\/wp.ufpel.edu.br\/spaf\/wp-json\/wp\/v2\/comments?post=1215"}],"version-history":[{"count":3,"href":"https:\/\/wp.ufpel.edu.br\/spaf\/wp-json\/wp\/v2\/pages\/1215\/revisions"}],"predecessor-version":[{"id":1221,"href":"https:\/\/wp.ufpel.edu.br\/spaf\/wp-json\/wp\/v2\/pages\/1215\/revisions\/1221"}],"up":[{"embeddable":true,"href":"https:\/\/wp.ufpel.edu.br\/spaf\/wp-json\/wp\/v2\/pages\/16"}],"wp:attachment":[{"href":"https:\/\/wp.ufpel.edu.br\/spaf\/wp-json\/wp\/v2\/media?parent=1215"}],"curies":[{"name":"wp","href":"https:\/\/api.w.org\/{rel}","templated":true}]}}