{"id":12,"date":"2015-09-04T15:30:44","date_gmt":"2015-09-04T18:30:44","guid":{"rendered":"https:\/\/wp.ufpel.edu.br\/spaf\/?page_id=12"},"modified":"2021-04-14T11:18:51","modified_gmt":"2021-04-14T14:18:51","slug":"egressos","status":"publish","type":"page","link":"https:\/\/wp.ufpel.edu.br\/spaf\/discentes\/egressos\/","title":{"rendered":"Egressos"},"content":{"rendered":"<p>A lista na abas apresenta todos os discentes egressos do Programa de P\u00f3s-gradua\u00e7\u00e3o em Sistemas de Produ\u00e7\u00e3o Agr\u00edcola Familiar. Para obter detalhes do curr\u00edculo de cada discente acesse o link:<\/p>\n<p>&nbsp;<\/p>\n","protected":false},"excerpt":{"rendered":"<p>A lista na abas apresenta todos os discentes egressos do Programa de P\u00f3s-gradua\u00e7\u00e3o em Sistemas de Produ\u00e7\u00e3o Agr\u00edcola Familiar. Para obter detalhes do curr\u00edculo de cada discente acesse o link: &nbsp;<\/p>\n","protected":false},"author":530,"featured_media":0,"parent":10,"menu_order":0,"comment_status":"closed","ping_status":"closed","template":"","meta":{"jetpack_post_was_ever_published":false,"footnotes":""},"class_list":["post-12","page","type-page","status-publish","hentry"],"jetpack_shortlink":"https:\/\/wp.me\/P7gUJD-c","jetpack-related-posts":[],"jetpack_sharing_enabled":true,"_links":{"self":[{"href":"https:\/\/wp.ufpel.edu.br\/spaf\/wp-json\/wp\/v2\/pages\/12","targetHints":{"allow":["GET"]}}],"collection":[{"href":"https:\/\/wp.ufpel.edu.br\/spaf\/wp-json\/wp\/v2\/pages"}],"about":[{"href":"https:\/\/wp.ufpel.edu.br\/spaf\/wp-json\/wp\/v2\/types\/page"}],"author":[{"embeddable":true,"href":"https:\/\/wp.ufpel.edu.br\/spaf\/wp-json\/wp\/v2\/users\/530"}],"replies":[{"embeddable":true,"href":"https:\/\/wp.ufpel.edu.br\/spaf\/wp-json\/wp\/v2\/comments?post=12"}],"version-history":[{"count":10,"href":"https:\/\/wp.ufpel.edu.br\/spaf\/wp-json\/wp\/v2\/pages\/12\/revisions"}],"predecessor-version":[{"id":2651,"href":"https:\/\/wp.ufpel.edu.br\/spaf\/wp-json\/wp\/v2\/pages\/12\/revisions\/2651"}],"up":[{"embeddable":true,"href":"https:\/\/wp.ufpel.edu.br\/spaf\/wp-json\/wp\/v2\/pages\/10"}],"wp:attachment":[{"href":"https:\/\/wp.ufpel.edu.br\/spaf\/wp-json\/wp\/v2\/media?parent=12"}],"curies":[{"name":"wp","href":"https:\/\/api.w.org\/{rel}","templated":true}]}}