{"id":115,"date":"2015-09-14T10:56:22","date_gmt":"2015-09-14T13:56:22","guid":{"rendered":"https:\/\/wp.ufpel.edu.br\/spaf\/?page_id=115"},"modified":"2017-06-26T16:19:39","modified_gmt":"2017-06-26T19:19:39","slug":"helvio-debli-casalinho","status":"publish","type":"page","link":"https:\/\/wp.ufpel.edu.br\/spaf\/docentes\/helvio-debli-casalinho\/","title":{"rendered":"Helvio Debli Casalinho"},"content":{"rendered":"<p style=\"text-align: right\"><a href=\"http:\/\/lattes.cnpq.br\/4627554260000267\"><img data-recalc-dims=\"1\" data-attachment-id=\"88\" data-permalink=\"https:\/\/wp.ufpel.edu.br\/spaf\/docentes\/ana-claudia-rodrigues-de-lima\/download\/\" data-orig-file=\"https:\/\/i0.wp.com\/wp.ufpel.edu.br\/spaf\/files\/2015\/09\/download.jpg?fit=175%2C72&amp;ssl=1\" data-orig-size=\"175,72\" data-comments-opened=\"0\" data-image-meta=\"{&quot;aperture&quot;:&quot;0&quot;,&quot;credit&quot;:&quot;&quot;,&quot;camera&quot;:&quot;&quot;,&quot;caption&quot;:&quot;&quot;,&quot;created_timestamp&quot;:&quot;0&quot;,&quot;copyright&quot;:&quot;&quot;,&quot;focal_length&quot;:&quot;0&quot;,&quot;iso&quot;:&quot;0&quot;,&quot;shutter_speed&quot;:&quot;0&quot;,&quot;title&quot;:&quot;&quot;,&quot;orientation&quot;:&quot;0&quot;}\" data-image-title=\"download\" data-image-description=\"\" data-image-caption=\"\" data-medium-file=\"https:\/\/i0.wp.com\/wp.ufpel.edu.br\/spaf\/files\/2015\/09\/download.jpg?fit=175%2C72&amp;ssl=1\" data-large-file=\"https:\/\/i0.wp.com\/wp.ufpel.edu.br\/spaf\/files\/2015\/09\/download.jpg?fit=175%2C72&amp;ssl=1\" class=\"size-full wp-image-88 alignright\" src=\"https:\/\/i0.wp.com\/wp.ufpel.edu.br\/spaf\/files\/2015\/09\/download.jpg?resize=175%2C72&#038;ssl=1\" alt=\"download\" width=\"175\" height=\"72\" \/><\/a><\/p>\n<p style=\"text-align: justify\"><span style=\"font-size: 12pt;font-family: georgia, palatino, serif\">Doutorado em Agronomia, 2003<\/span><br \/>\n<span style=\"font-size: 12pt;font-family: georgia, palatino, serif\">Universidade Federal de Pelotas, UFPEL, Pelotas, Brasil<\/span><\/p>\n<p><span style=\"font-size: 12pt;font-family: georgia, palatino, serif\"><b>T\u00edtulo da Tese<\/b>:<\/span><br \/>\n<span style=\"font-size: 12pt;font-family: georgia, palatino, serif\">Qualidade do Solo como Indicador de Sustentabilidade de Agroecossistemas.<\/span><\/p>\n<div class=\"docente\" style=\"text-align: justify\"><span style=\"font-size: 12pt;font-family: georgia, palatino, serif\">Professor\u00a0permanente<\/span><br \/>\n<span style=\"font-size: 12pt;font-family: georgia, palatino, serif\">Unidade: FAEM\/Solos<\/span><br \/>\n<span style=\"font-size: 12pt;font-family: georgia, palatino, serif\">Linha de pesquisa: Agricultura e Ambiente<\/span><br \/>\n<span style=\"font-size: 12pt;font-family: georgia, palatino, serif\">E-mail: <a href=\"mailto:helviojc@uol.com.br\">helviojc@uol.com.br<\/a><\/span><\/div>\n<p style=\"text-align: justify\"><span style=\"font-size: 12pt;font-family: georgia, palatino, serif\"><b>Disciplinas ministradas<\/b>:<\/span><\/p>\n<ul>\n<li style=\"text-align: justify\"><span style=\"font-size: 12pt;font-family: georgia, palatino, serif\"><a class=\"link\" href=\"https:\/\/wp.ufpel.edu.br\/spaf\/disciplinas\/sistemas-de-producao-de-base-ecologica\/\">Sistemas de Produ\u00e7\u00e3o de Base Ecol\u00f3gica<\/a><\/span><\/li>\n<\/ul>\n<p>&nbsp;<\/p>\n<p style=\"text-align: right\">\n","protected":false},"excerpt":{"rendered":"<p>Doutorado em Agronomia, 2003 Universidade Federal de Pelotas, UFPEL, Pelotas, Brasil T\u00edtulo da Tese: Qualidade do Solo como Indicador de Sustentabilidade de Agroecossistemas. Professor\u00a0permanente Unidade: FAEM\/Solos Linha de pesquisa: Agricultura e Ambiente E-mail: helviojc@uol.com.br Disciplinas ministradas: Sistemas de Produ\u00e7\u00e3o de Base Ecol\u00f3gica &nbsp;<\/p>\n","protected":false},"author":530,"featured_media":0,"parent":8,"menu_order":0,"comment_status":"closed","ping_status":"closed","template":"","meta":{"jetpack_post_was_ever_published":false,"footnotes":""},"class_list":["post-115","page","type-page","status-publish","hentry"],"jetpack_shortlink":"https:\/\/wp.me\/P7gUJD-1R","jetpack-related-posts":[],"jetpack_sharing_enabled":true,"_links":{"self":[{"href":"https:\/\/wp.ufpel.edu.br\/spaf\/wp-json\/wp\/v2\/pages\/115","targetHints":{"allow":["GET"]}}],"collection":[{"href":"https:\/\/wp.ufpel.edu.br\/spaf\/wp-json\/wp\/v2\/pages"}],"about":[{"href":"https:\/\/wp.ufpel.edu.br\/spaf\/wp-json\/wp\/v2\/types\/page"}],"author":[{"embeddable":true,"href":"https:\/\/wp.ufpel.edu.br\/spaf\/wp-json\/wp\/v2\/users\/530"}],"replies":[{"embeddable":true,"href":"https:\/\/wp.ufpel.edu.br\/spaf\/wp-json\/wp\/v2\/comments?post=115"}],"version-history":[{"count":14,"href":"https:\/\/wp.ufpel.edu.br\/spaf\/wp-json\/wp\/v2\/pages\/115\/revisions"}],"predecessor-version":[{"id":809,"href":"https:\/\/wp.ufpel.edu.br\/spaf\/wp-json\/wp\/v2\/pages\/115\/revisions\/809"}],"up":[{"embeddable":true,"href":"https:\/\/wp.ufpel.edu.br\/spaf\/wp-json\/wp\/v2\/pages\/8"}],"wp:attachment":[{"href":"https:\/\/wp.ufpel.edu.br\/spaf\/wp-json\/wp\/v2\/media?parent=115"}],"curies":[{"name":"wp","href":"https:\/\/api.w.org\/{rel}","templated":true}]}}