{"id":110,"date":"2015-09-14T10:49:29","date_gmt":"2015-09-14T13:49:29","guid":{"rendered":"https:\/\/wp.ufpel.edu.br\/spaf\/?page_id=110"},"modified":"2024-02-16T10:01:30","modified_gmt":"2024-02-16T13:01:30","slug":"luis-eduardo-correa-antunes","status":"publish","type":"page","link":"https:\/\/wp.ufpel.edu.br\/spaf\/docentes\/luis-eduardo-correa-antunes\/","title":{"rendered":"Luis Eduardo Corr\u00eaa Antunes"},"content":{"rendered":"<p style=\"text-align: right;\"><a href=\"http:\/\/lattes.cnpq.br\/1698193630414623\"><img data-recalc-dims=\"1\" data-attachment-id=\"88\" data-permalink=\"https:\/\/wp.ufpel.edu.br\/spaf\/docentes\/ana-claudia-rodrigues-de-lima\/download\/\" data-orig-file=\"https:\/\/i0.wp.com\/wp.ufpel.edu.br\/spaf\/files\/2015\/09\/download.jpg?fit=175%2C72&amp;ssl=1\" data-orig-size=\"175,72\" data-comments-opened=\"0\" data-image-meta=\"{&quot;aperture&quot;:&quot;0&quot;,&quot;credit&quot;:&quot;&quot;,&quot;camera&quot;:&quot;&quot;,&quot;caption&quot;:&quot;&quot;,&quot;created_timestamp&quot;:&quot;0&quot;,&quot;copyright&quot;:&quot;&quot;,&quot;focal_length&quot;:&quot;0&quot;,&quot;iso&quot;:&quot;0&quot;,&quot;shutter_speed&quot;:&quot;0&quot;,&quot;title&quot;:&quot;&quot;,&quot;orientation&quot;:&quot;0&quot;}\" data-image-title=\"download\" data-image-description=\"\" data-image-caption=\"\" data-medium-file=\"https:\/\/i0.wp.com\/wp.ufpel.edu.br\/spaf\/files\/2015\/09\/download.jpg?fit=175%2C72&amp;ssl=1\" data-large-file=\"https:\/\/i0.wp.com\/wp.ufpel.edu.br\/spaf\/files\/2015\/09\/download.jpg?fit=175%2C72&amp;ssl=1\" class=\"size-full wp-image-88 alignright\" src=\"https:\/\/i0.wp.com\/wp.ufpel.edu.br\/spaf\/files\/2015\/09\/download.jpg?resize=175%2C72&#038;ssl=1\" alt=\"download\" width=\"175\" height=\"72\" \/><\/a><\/p>\n<p><span style=\"font-family: georgia, palatino, serif; font-size: 12pt;\">Doutorado em Agronomia, 1999<\/span><br \/>\n<span style=\"font-family: georgia, palatino, serif;\">Universidade Federal de Lavras\u00a0<\/span><\/p>\n<p><span style=\"font-family: georgia, palatino, serif; font-size: 12pt;\"><b>T\u00edtulo da Tese<\/b>:<\/span><br \/>\n<span style=\"font-family: georgia, palatino, serif;\">Aspectos fenol\u00f3gicos, propaga\u00e7\u00e3o e conserva\u00e7\u00e3o p\u00f4s-colheita de frutas de amora-preta<\/span><\/p>\n<div class=\"docente\"><span style=\"font-family: georgia, palatino, serif; font-size: 12pt;\">Professor\u00a0permanente<\/span><br \/>\n<span style=\"font-family: georgia, palatino, serif; font-size: 12pt;\"> Unidade: Embrapa Clima Temperado<\/span><br \/>\n<span style=\"font-family: georgia, palatino, serif; font-size: 12pt;\"> Linha de pesquisa:\u00a0Agricultura e Ambiente<\/span><br \/>\n<span style=\"font-family: georgia, palatino, serif; font-size: 12pt;\"> E-mail: <a class=\"rABsFf RffVmb AL18ce\" href=\"mailto:LUIS.ANTUNES@embrapa.br\" target=\"_blank\" rel=\"noopener\" aria-label=\"LUIS.ANTUNES@embrapa.br Do Contatos do Google\" data-tooltip=\"Do Contatos do Google\" data-tooltip-position=\"top\">LUIS.ANTUNES@embrapa.br<\/a><\/span><\/div>\n<p><span style=\"font-family: georgia, palatino, serif; font-size: 12pt;\"><b>Disciplinas ministradas<\/b>:<\/span><\/p>\n<ul>\n<li><span style=\"font-family: georgia, palatino, serif; font-size: 12pt;\"><a class=\"link\" href=\"https:\/\/wp.ufpel.edu.br\/spaf\/disciplinas\/plantas-bioativas\/\">Plantas Bioativas<\/a><\/span><\/li>\n<\/ul>\n<p>&nbsp;<\/p>\n","protected":false},"excerpt":{"rendered":"<p>Doutorado em Agronomia, 1999 Universidade Federal de Lavras\u00a0 T\u00edtulo da Tese: Aspectos fenol\u00f3gicos, propaga\u00e7\u00e3o e conserva\u00e7\u00e3o p\u00f4s-colheita de frutas de amora-preta Professor\u00a0permanente Unidade: Embrapa Clima Temperado Linha de pesquisa:\u00a0Agricultura e Ambiente E-mail: LUIS.ANTUNES@embrapa.br Disciplinas ministradas: Plantas Bioativas &nbsp;<\/p>\n","protected":false},"author":530,"featured_media":0,"parent":8,"menu_order":0,"comment_status":"closed","ping_status":"closed","template":"","meta":{"jetpack_post_was_ever_published":false,"footnotes":""},"class_list":["post-110","page","type-page","status-publish","hentry"],"jetpack_shortlink":"https:\/\/wp.me\/P7gUJD-1M","jetpack-related-posts":[],"jetpack_sharing_enabled":true,"_links":{"self":[{"href":"https:\/\/wp.ufpel.edu.br\/spaf\/wp-json\/wp\/v2\/pages\/110","targetHints":{"allow":["GET"]}}],"collection":[{"href":"https:\/\/wp.ufpel.edu.br\/spaf\/wp-json\/wp\/v2\/pages"}],"about":[{"href":"https:\/\/wp.ufpel.edu.br\/spaf\/wp-json\/wp\/v2\/types\/page"}],"author":[{"embeddable":true,"href":"https:\/\/wp.ufpel.edu.br\/spaf\/wp-json\/wp\/v2\/users\/530"}],"replies":[{"embeddable":true,"href":"https:\/\/wp.ufpel.edu.br\/spaf\/wp-json\/wp\/v2\/comments?post=110"}],"version-history":[{"count":8,"href":"https:\/\/wp.ufpel.edu.br\/spaf\/wp-json\/wp\/v2\/pages\/110\/revisions"}],"predecessor-version":[{"id":3636,"href":"https:\/\/wp.ufpel.edu.br\/spaf\/wp-json\/wp\/v2\/pages\/110\/revisions\/3636"}],"up":[{"embeddable":true,"href":"https:\/\/wp.ufpel.edu.br\/spaf\/wp-json\/wp\/v2\/pages\/8"}],"wp:attachment":[{"href":"https:\/\/wp.ufpel.edu.br\/spaf\/wp-json\/wp\/v2\/media?parent=110"}],"curies":[{"name":"wp","href":"https:\/\/api.w.org\/{rel}","templated":true}]}}