{"id":1087,"date":"2018-04-13T14:43:07","date_gmt":"2018-04-13T17:43:07","guid":{"rendered":"https:\/\/wp.ufpel.edu.br\/spaf\/?page_id=1087"},"modified":"2018-04-17T11:18:15","modified_gmt":"2018-04-17T14:18:15","slug":"2018-2","status":"publish","type":"page","link":"https:\/\/wp.ufpel.edu.br\/spaf\/dissertacoes-e-teses\/2018-2\/","title":{"rendered":"2018"},"content":{"rendered":"<p>&#8230;Em constru\u00e7\u00e3o. Em breve estar\u00e3o dispon\u00edveis as teses e disserta\u00e7\u00f5es referentes a este ano.<\/p>\n<p style=\"text-align: center\"><strong>Mestrado (Disserta\u00e7\u00f5es)<\/strong><\/p>\n<p><strong>SILVA, Di\u00f4nvera Coelho da<\/strong><\/p>\n<p><a href=\"http:\/\/repositorio.ufpel.edu.br\/bitstream\/prefix\/3767\/1\/Disserta%c3%a7%c3%a3o%20Di%c3%b4nvera.pdf\">Atividade alelop\u00e1tica de diferentes partes vegetais de <em>Achillea millefolium<\/em> L. e <em>Cymbopogon citratus<\/em> (DC) Stapf sobre a germina\u00e7\u00e3o de sementes e o desenvolvimento inicial de pl\u00e2ntulas de Lactuca sativa L. e <em>Cucumis sativus<\/em> L.<\/a><\/p>\n<p>&nbsp;<\/p>\n<p style=\"text-align: center\"><strong>Doutorado (Teses)<\/strong><\/p>\n<p><strong>SEVERO, Patr\u00edcia Schneider<\/strong><\/p>\n<p><a href=\"http:\/\/repositorio.ufpel.edu.br\/bitstream\/prefix\/3766\/1\/TESE%20-%20Patr%C3%ADcia%20Severo.pdf\">Os p\u00eassegos n\u00e3o caem do c\u00e9u: rela\u00e7\u00f5es de trabalho a agricultura familiar no munic\u00edpio de Pelotas\/RS<\/a><\/p>\n","protected":false},"excerpt":{"rendered":"<p>&#8230;Em constru\u00e7\u00e3o. Em breve estar\u00e3o dispon\u00edveis as teses e disserta\u00e7\u00f5es referentes a este ano. Mestrado (Disserta\u00e7\u00f5es) SILVA, Di\u00f4nvera Coelho da Atividade alelop\u00e1tica de diferentes partes vegetais de Achillea millefolium L. e Cymbopogon citratus (DC) Stapf sobre a germina\u00e7\u00e3o de sementes e o desenvolvimento inicial de pl\u00e2ntulas de Lactuca sativa L. e Cucumis sativus L. &nbsp; [&hellip;]<\/p>\n","protected":false},"author":530,"featured_media":0,"parent":55,"menu_order":0,"comment_status":"closed","ping_status":"closed","template":"","meta":{"jetpack_post_was_ever_published":false,"footnotes":""},"class_list":["post-1087","page","type-page","status-publish","hentry"],"jetpack_shortlink":"https:\/\/wp.me\/P7gUJD-hx","jetpack-related-posts":[],"jetpack_sharing_enabled":true,"_links":{"self":[{"href":"https:\/\/wp.ufpel.edu.br\/spaf\/wp-json\/wp\/v2\/pages\/1087","targetHints":{"allow":["GET"]}}],"collection":[{"href":"https:\/\/wp.ufpel.edu.br\/spaf\/wp-json\/wp\/v2\/pages"}],"about":[{"href":"https:\/\/wp.ufpel.edu.br\/spaf\/wp-json\/wp\/v2\/types\/page"}],"author":[{"embeddable":true,"href":"https:\/\/wp.ufpel.edu.br\/spaf\/wp-json\/wp\/v2\/users\/530"}],"replies":[{"embeddable":true,"href":"https:\/\/wp.ufpel.edu.br\/spaf\/wp-json\/wp\/v2\/comments?post=1087"}],"version-history":[{"count":5,"href":"https:\/\/wp.ufpel.edu.br\/spaf\/wp-json\/wp\/v2\/pages\/1087\/revisions"}],"predecessor-version":[{"id":1151,"href":"https:\/\/wp.ufpel.edu.br\/spaf\/wp-json\/wp\/v2\/pages\/1087\/revisions\/1151"}],"up":[{"embeddable":true,"href":"https:\/\/wp.ufpel.edu.br\/spaf\/wp-json\/wp\/v2\/pages\/55"}],"wp:attachment":[{"href":"https:\/\/wp.ufpel.edu.br\/spaf\/wp-json\/wp\/v2\/media?parent=1087"}],"curies":[{"name":"wp","href":"https:\/\/api.w.org\/{rel}","templated":true}]}}