{"id":1084,"date":"2018-04-13T14:42:32","date_gmt":"2018-04-13T17:42:32","guid":{"rendered":"https:\/\/wp.ufpel.edu.br\/spaf\/?page_id=1084"},"modified":"2018-04-17T12:34:55","modified_gmt":"2018-04-17T15:34:55","slug":"2017-2","status":"publish","type":"page","link":"https:\/\/wp.ufpel.edu.br\/spaf\/dissertacoes-e-teses\/2017-2\/","title":{"rendered":"2017"},"content":{"rendered":"<p>&#8230;Em constru\u00e7\u00e3o. Em breve estar\u00e3o dispon\u00edveis as teses e disserta\u00e7\u00f5es referentes a este ano.<\/p>\n<p style=\"text-align: center\"><strong>Mestrado (Disserta\u00e7\u00f5es)<\/strong><\/p>\n<p><strong> AVILA, Sheila Rodrigues de<\/strong><\/p>\n<p><a href=\"http:\/\/repositorio.ufpel.edu.br\/bitstream\/prefix\/3768\/1\/Disserta%c3%a7%c3%a3o_Sheila%20Avila.pdf\"> A influ\u00eancia da aduba\u00e7\u00e3o org\u00e2nica na prefer\u00eancia alimentar de Brevicoryne brassicae (Homoptera: Aphididae) em Brassica oleracea var. acephala (Brassicaceae)<\/a><\/p>\n<p>&nbsp;<\/p>\n<p><strong>GOMES, Fabiane Tavares<\/strong><\/p>\n<p><a href=\"http:\/\/repositorio.ufpel.edu.br\/bitstream\/prefix\/3774\/1\/DISSERTA%c3%87%c3%83O%20_FABIANE_versaofinalcorrigida%20gustavo.pdf\">Avalia\u00e7\u00e3o do perfil qu\u00edmico do \u00f3leo essencial de popula\u00e7\u00f5es espont\u00e2neas de Tagetes minuta L. (Asteraceae) na regi\u00e3o sul do Rio Grande do Sul<\/a><\/p>\n<p>&nbsp;<\/p>\n<p><strong>MACIEL, Marciana Rubira da Silva<\/strong><\/p>\n<p><a href=\"http:\/\/repositorio.ufpel.edu.br\/bitstream\/prefix\/3773\/1\/Disserta%c3%a7%c3%a3o%20Marciana%20final.pdf\">Produ\u00e7\u00e3o de alface a partir de sementes org\u00e2nicas e convencionais sob aduba\u00e7\u00e3o org\u00e2nica com vermicomposto bovino em ambiente protegido<\/a><\/p>\n<p>&nbsp;<\/p>\n<p><strong>NUNES, Rafael Barcellos<\/strong><\/p>\n<p><a href=\"http:\/\/repositorio.ufpel.edu.br\/bitstream\/prefix\/3771\/1\/Disserta%c3%a7ao%20Final%20Rafael%20Barcellos%20Nunes.pdf\"> Avalia\u00e7\u00e3o da qualidade do solo, sob cultivo de tabaco (Nicotiana tabacum L.), em propriedades agr\u00edcolas familiares no munic\u00edpio de Pelotas &#8211; RS<\/a><\/p>\n<p>&nbsp;<\/p>\n<p><strong>WINKEL, Tiele Felsch<\/strong><\/p>\n<p><a href=\"http:\/\/repositorio.ufpel.edu.br\/bitstream\/prefix\/3772\/1\/WINKEL%2cT%202017%20impress%c3%a3o.pdf\">Os sistemas ap\u00edcolas e a agricultura familiar: um estudo de caso sobre a Cooperativa de Apicultores de Cangu\u00e7u (COOMELCA), munic\u00edpio de Cangu\u00e7u, RS<\/a><\/p>\n<p>&nbsp;<\/p>\n<p style=\"text-align: center\"><strong>Doutorado (Teses)<\/strong><\/p>\n<p><strong>SCHUBERT, Ryan Noremberg<\/strong><\/p>\n<p><a href=\"http:\/\/repositorio.ufpel.edu.br\/bitstream\/prefix\/3775\/1\/Tese%20de%20Doutorado%20-%20Ryan%20Noremberg%20%20Schubert.pdf\" target=\"_blank\" rel=\"noopener\">\u00a0Estudo da fauna ed\u00e1fica na vermicompostagem de res\u00edduos org\u00e2nicos<\/a><\/p>\n","protected":false},"excerpt":{"rendered":"<p>&#8230;Em constru\u00e7\u00e3o. Em breve estar\u00e3o dispon\u00edveis as teses e disserta\u00e7\u00f5es referentes a este ano. Mestrado (Disserta\u00e7\u00f5es) AVILA, Sheila Rodrigues de A influ\u00eancia da aduba\u00e7\u00e3o org\u00e2nica na prefer\u00eancia alimentar de Brevicoryne brassicae (Homoptera: Aphididae) em Brassica oleracea var. acephala (Brassicaceae) &nbsp; GOMES, Fabiane Tavares Avalia\u00e7\u00e3o do perfil qu\u00edmico do \u00f3leo essencial de popula\u00e7\u00f5es espont\u00e2neas de Tagetes [&hellip;]<\/p>\n","protected":false},"author":530,"featured_media":0,"parent":55,"menu_order":0,"comment_status":"closed","ping_status":"closed","template":"","meta":{"jetpack_post_was_ever_published":false,"footnotes":""},"class_list":["post-1084","page","type-page","status-publish","hentry"],"jetpack_shortlink":"https:\/\/wp.me\/P7gUJD-hu","jetpack-related-posts":[],"jetpack_sharing_enabled":true,"_links":{"self":[{"href":"https:\/\/wp.ufpel.edu.br\/spaf\/wp-json\/wp\/v2\/pages\/1084","targetHints":{"allow":["GET"]}}],"collection":[{"href":"https:\/\/wp.ufpel.edu.br\/spaf\/wp-json\/wp\/v2\/pages"}],"about":[{"href":"https:\/\/wp.ufpel.edu.br\/spaf\/wp-json\/wp\/v2\/types\/page"}],"author":[{"embeddable":true,"href":"https:\/\/wp.ufpel.edu.br\/spaf\/wp-json\/wp\/v2\/users\/530"}],"replies":[{"embeddable":true,"href":"https:\/\/wp.ufpel.edu.br\/spaf\/wp-json\/wp\/v2\/comments?post=1084"}],"version-history":[{"count":6,"href":"https:\/\/wp.ufpel.edu.br\/spaf\/wp-json\/wp\/v2\/pages\/1084\/revisions"}],"predecessor-version":[{"id":1152,"href":"https:\/\/wp.ufpel.edu.br\/spaf\/wp-json\/wp\/v2\/pages\/1084\/revisions\/1152"}],"up":[{"embeddable":true,"href":"https:\/\/wp.ufpel.edu.br\/spaf\/wp-json\/wp\/v2\/pages\/55"}],"wp:attachment":[{"href":"https:\/\/wp.ufpel.edu.br\/spaf\/wp-json\/wp\/v2\/media?parent=1084"}],"curies":[{"name":"wp","href":"https:\/\/api.w.org\/{rel}","templated":true}]}}